{"id":16105,"date":"2020-09-10T16:34:19","date_gmt":"2020-09-10T12:34:19","guid":{"rendered":"https:\/\/store.nox-xtreme.com\/producto\/d-fan\/"},"modified":"2022-04-07T16:44:35","modified_gmt":"2022-04-07T14:44:35","slug":"d-fan","status":"publish","type":"product","link":"https:\/\/store.nox-xtreme.com\/pt-pt\/producto\/d-fan\/","title":{"rendered":"D-Fan"},"content":{"rendered":"<h3>D-FAN<\/h3>\n<p>A Nox D-FAN \u00e9 uma ventoinha de 120 mm e 6 pinos projetada para se ajustar \u00e0 sua nova configura\u00e7\u00e3o Nox sem sacrificar o alto poder de refrigera\u00e7\u00e3o.<\/p>\n<h3>Fluxo de ar ideal<\/h3>\n<p>Conclua a sua configura\u00e7\u00e3o com Nox D-FAN, a ventoinha projetada para fornecer \u00e0 sua configura\u00e7\u00e3o Nox a ventila\u00e7\u00e3o necess\u00e1ria para ter o melhor desempenho durante longas sess\u00f5es.Possui 9 p\u00e1s aerodin\u00e2micas que movem um grande fluxo de ar, mantendo a temperatura ideal em todo o equipamento com um baixo n\u00edvel de ru\u00eddo.<\/p>\n<h3>16,8 milh\u00f5es de cores<\/h3>\n<p>Um design inovador, equipado com um anel duplo LED RGB duplo para personalizar os efeitos de ilumina\u00e7\u00e3o, criando ambientes diferentes e sincronizando-os com as cores do restante do equipamento. A Nox D-Fan foi projetada para configura\u00e7\u00f5es Nox com compatibilidade RGB, onde pode conjugar a ventila\u00e7\u00e3o com toda a divers\u00e3o das cores, adaptando-o perfeitamente ao tema do seu PC.<\/p>\n<h3>Ventoinha silenciosa<\/h3>\n<p>A D-Fan oferece refrigera\u00e7\u00e3o ultra silenciosa por horas, gra\u00e7as \u00e0s suas almofadas antivibra\u00e7\u00e3o localizadas nos cantos, que absorvem as vibra\u00e7\u00f5es, proporcionando ao seu equipamento alto desempenho com baixo n\u00edvel de ru\u00eddo.Al\u00e9m disso, esses suportes de borracha proporcionam \u00e0 sua refrigera\u00e7\u00e3o uma opera\u00e7\u00e3o est\u00e1vel e duradoura, gra\u00e7as aos rolamentos hidr\u00e1ulicos que garantem 40.000 horas de vida \u00fatil. <\/p>\n","protected":false},"excerpt":{"rendered":"<ul>\n<li>Ventilador de 120mm<\/li>\n<li>Anel duplo LED RGB rainbow<\/li>\n<li>Ultra silenciosa com borracha anti-vibra\u00e7\u00e3o<\/li>\n<li>Excelente fluxo de ar<\/li>\n<li>Compat\u00edvel com chassis que t\u00eam um controlador de liga\u00e7\u00e3o de 6 pinos *<\/li>\n<p>\n<small>(Excepto Infinity ATOM)<\/small><\/ul>\n","protected":false},"featured_media":0,"comment_status":"closed","ping_status":"closed","template":"","meta":{"inline_featured_image":false},"product_brand":[],"product_cat":[178],"product_tag":[],"class_list":{"0":"post-16105","1":"product","2":"type-product","3":"status-publish","5":"product_cat-refrigeracion-pt-pt","7":"first","8":"outofstock","9":"taxable","10":"shipping-taxable","11":"purchasable","12":"product-type-simple"},"_links":{"self":[{"href":"https:\/\/store.nox-xtreme.com\/pt-pt\/wp-json\/wp\/v2\/product\/16105","targetHints":{"allow":["GET"]}}],"collection":[{"href":"https:\/\/store.nox-xtreme.com\/pt-pt\/wp-json\/wp\/v2\/product"}],"about":[{"href":"https:\/\/store.nox-xtreme.com\/pt-pt\/wp-json\/wp\/v2\/types\/product"}],"replies":[{"embeddable":true,"href":"https:\/\/store.nox-xtreme.com\/pt-pt\/wp-json\/wp\/v2\/comments?post=16105"}],"wp:attachment":[{"href":"https:\/\/store.nox-xtreme.com\/pt-pt\/wp-json\/wp\/v2\/media?parent=16105"}],"wp:term":[{"taxonomy":"product_brand","embeddable":true,"href":"https:\/\/store.nox-xtreme.com\/pt-pt\/wp-json\/wp\/v2\/product_brand?post=16105"},{"taxonomy":"product_cat","embeddable":true,"href":"https:\/\/store.nox-xtreme.com\/pt-pt\/wp-json\/wp\/v2\/product_cat?post=16105"},{"taxonomy":"product_tag","embeddable":true,"href":"https:\/\/store.nox-xtreme.com\/pt-pt\/wp-json\/wp\/v2\/product_tag?post=16105"}],"curies":[{"name":"wp","href":"https:\/\/api.w.org\/{rel}","templated":true}]}}