{"id":16104,"date":"2020-09-10T14:32:15","date_gmt":"2020-09-10T12:32:15","guid":{"rendered":"https:\/\/store.nox-xtreme.com\/producto\/h-sync\/"},"modified":"2022-04-07T16:50:20","modified_gmt":"2022-04-07T14:50:20","slug":"h-sync","status":"publish","type":"product","link":"https:\/\/store.nox-xtreme.com\/pt-pt\/producto\/h-sync\/","title":{"rendered":"H-Sync"},"content":{"rendered":"<h3>A uni\u00e3o faz a for\u00e7a<\/h3>\n<p>Hummer apresenta o seu kit de tr\u00eas ventoinhas cujo objetivo \u00e9 oferecer ventila\u00e7\u00e3o ideal \u00e0 sua m\u00e1quina e garantir um fluxo cont\u00ednuo de ar dentro do seu PC.<\/p>\n<h3>Ventila\u00e7\u00e3o eficiente<\/h3>\n<p>Triplique a ventila\u00e7\u00e3o do seu equipamento gra\u00e7as ao Hummer H-Sync, um kit de 3 ventoinhas de 120 mm que atingem uma velocidade de at\u00e9 2000 RPM com baixo n\u00edvel de ru\u00eddo.Cada ventoinha possui 9 p\u00e1s aerodin\u00e2micas que atingem o fluxo de ar ideal que o seu equipamento precisa para funcionar da melhor maneira poss\u00edvel por longas horas. Al\u00e9m disso, o Hummer H-Sync possui controlo PWM para se adaptar \u00e0s necessidades do computador o tempo todo, criando um equil\u00edbrio perfeito entre desempenho e efici\u00eancia.<\/p>\n<h3>Design e ilumina\u00e7\u00e3o<\/h3>\n<p>Multiplique por tr\u00eas o seu design inovador e a sua ilumina\u00e7\u00e3o LED RGB que permitir\u00e1 criar ambientes diferentes e sincroniz\u00e1-los com as cores do restante do equipamento. Al\u00e9m disso, para oferecer estabilidade m\u00e1xima, cada ventoinha possui 4 almofadas de borracha anti vibra\u00e7\u00e3o para evitar ru\u00eddos irritantes gerados por vibra\u00e7\u00f5es.<\/p>\n<h3>Elevada compatibilidade<\/h3>\n<p>O kit H-Sync est\u00e1 equipado com ilumina\u00e7\u00e3o RGB compat\u00edvel com as tecnologias de sincroniza\u00e7\u00e3o dos fabricantes de motherboards de refer\u00eancia como Asus Aura Sync, Gigabyte RGB Fusion, MSI Mystic Light Sync e Asrock RGB Led, oferecendo assim uma ampla gama de possibilidades em ilumina\u00e7\u00e3o. Possui tamb\u00e9m um controlo remoto com o qual pode ajustar a velocidade dventoinhasas  e personalizar os efeitos de ilumina\u00e7\u00e3o.<\/p>\n","protected":false},"excerpt":{"rendered":"<ul>\n<li>Ilumina\u00e7\u00e3o LED RGB<\/li>\n<li>9 p\u00e1s transl\u00facidas<\/li>\n<li>Fun\u00e7\u00e3o PWM<\/li>\n<li>Design silencioso otimizado<\/li>\n<li>Cantos com suporte de borracha<\/li>\n<\/ul>\n","protected":false},"featured_media":14743,"comment_status":"closed","ping_status":"closed","template":"","meta":{"inline_featured_image":false},"product_brand":[],"product_cat":[178],"product_tag":[],"class_list":{"0":"post-16104","1":"product","2":"type-product","3":"status-publish","4":"has-post-thumbnail","6":"product_cat-refrigeracion-pt-pt","8":"first","9":"instock","10":"taxable","11":"shipping-taxable","12":"purchasable","13":"product-type-simple"},"yoast_head":"<!-- This site is optimized with the Yoast SEO plugin v26.7 - https:\/\/yoast.com\/wordpress\/plugins\/seo\/ -->\n<title>H-Sync - Nox-Xtreme<\/title>\n<meta name=\"robots\" content=\"index, follow, max-snippet:-1, max-image-preview:large, max-video-preview:-1\" \/>\n<link rel=\"canonical\" href=\"https:\/\/store.nox-xtreme.com\/pt-pt\/producto\/h-sync\/\" \/>\n<meta property=\"og:locale\" content=\"pt_PT\" \/>\n<meta property=\"og:type\" content=\"article\" \/>\n<meta property=\"og:title\" content=\"H-Sync - Nox-Xtreme\" \/>\n<meta property=\"og:description\" content=\"Ilumina\u00e7\u00e3o LED RGB9 p\u00e1s transl\u00facidasFun\u00e7\u00e3o PWMDesign silencioso otimizadoCantos com suporte de borracha\" \/>\n<meta property=\"og:url\" content=\"https:\/\/store.nox-xtreme.com\/pt-pt\/producto\/h-sync\/\" \/>\n<meta property=\"og:site_name\" content=\"Nox-Xtreme\" \/>\n<meta property=\"article:modified_time\" content=\"2022-04-07T14:50:20+00:00\" \/>\n<meta name=\"twitter:card\" content=\"summary_large_image\" \/>\n<meta name=\"twitter:label1\" content=\"Tempo estimado de leitura\" \/>\n\t<meta name=\"twitter:data1\" content=\"1 minuto\" \/>\n<script type=\"application\/ld+json\" class=\"yoast-schema-graph\">{\"@context\":\"https:\/\/schema.org\",\"@graph\":[{\"@type\":\"WebPage\",\"@id\":\"https:\/\/store.nox-xtreme.com\/pt-pt\/producto\/h-sync\/\",\"url\":\"https:\/\/store.nox-xtreme.com\/pt-pt\/producto\/h-sync\/\",\"name\":\"H-Sync - Nox-Xtreme\",\"isPartOf\":{\"@id\":\"https:\/\/store.nox-xtreme.com\/#website\"},\"primaryImageOfPage\":{\"@id\":\"https:\/\/store.nox-xtreme.com\/pt-pt\/producto\/h-sync\/#primaryimage\"},\"image\":{\"@id\":\"https:\/\/store.nox-xtreme.com\/pt-pt\/producto\/h-sync\/#primaryimage\"},\"thumbnailUrl\":\"https:\/\/store.nox-xtreme.com\/wp-content\/uploads\/sites\/2\/2020\/09\/nox_hummer_h-sync_2.jpg\",\"datePublished\":\"2020-09-10T12:32:15+00:00\",\"dateModified\":\"2022-04-07T14:50:20+00:00\",\"breadcrumb\":{\"@id\":\"https:\/\/store.nox-xtreme.com\/pt-pt\/producto\/h-sync\/#breadcrumb\"},\"inLanguage\":\"pt-PT\",\"potentialAction\":[{\"@type\":\"ReadAction\",\"target\":[\"https:\/\/store.nox-xtreme.com\/pt-pt\/producto\/h-sync\/\"]}]},{\"@type\":\"ImageObject\",\"inLanguage\":\"pt-PT\",\"@id\":\"https:\/\/store.nox-xtreme.com\/pt-pt\/producto\/h-sync\/#primaryimage\",\"url\":\"https:\/\/store.nox-xtreme.com\/wp-content\/uploads\/sites\/2\/2020\/09\/nox_hummer_h-sync_2.jpg\",\"contentUrl\":\"https:\/\/store.nox-xtreme.com\/wp-content\/uploads\/sites\/2\/2020\/09\/nox_hummer_h-sync_2.jpg\",\"width\":1049,\"height\":1300},{\"@type\":\"BreadcrumbList\",\"@id\":\"https:\/\/store.nox-xtreme.com\/pt-pt\/producto\/h-sync\/#breadcrumb\",\"itemListElement\":[{\"@type\":\"ListItem\",\"position\":1,\"name\":\"Portada\",\"item\":\"https:\/\/store.nox-xtreme.com\/pt-pt\/\"},{\"@type\":\"ListItem\",\"position\":2,\"name\":\"Productos\",\"item\":\"https:\/\/store.nox-xtreme.com\/shop\/\"},{\"@type\":\"ListItem\",\"position\":3,\"name\":\"H-Sync\"}]},{\"@type\":\"WebSite\",\"@id\":\"https:\/\/store.nox-xtreme.com\/#website\",\"url\":\"https:\/\/store.nox-xtreme.com\/\",\"name\":\"Nox-Xtreme\",\"description\":\"Boosting You Performance\",\"potentialAction\":[{\"@type\":\"SearchAction\",\"target\":{\"@type\":\"EntryPoint\",\"urlTemplate\":\"https:\/\/store.nox-xtreme.com\/?s={search_term_string}\"},\"query-input\":{\"@type\":\"PropertyValueSpecification\",\"valueRequired\":true,\"valueName\":\"search_term_string\"}}],\"inLanguage\":\"pt-PT\"}]}<\/script>\n<!-- \/ Yoast SEO plugin. -->","yoast_head_json":{"title":"H-Sync - Nox-Xtreme","robots":{"index":"index","follow":"follow","max-snippet":"max-snippet:-1","max-image-preview":"max-image-preview:large","max-video-preview":"max-video-preview:-1"},"canonical":"https:\/\/store.nox-xtreme.com\/pt-pt\/producto\/h-sync\/","og_locale":"pt_PT","og_type":"article","og_title":"H-Sync - Nox-Xtreme","og_description":"Ilumina\u00e7\u00e3o LED RGB9 p\u00e1s transl\u00facidasFun\u00e7\u00e3o PWMDesign silencioso otimizadoCantos com suporte de borracha","og_url":"https:\/\/store.nox-xtreme.com\/pt-pt\/producto\/h-sync\/","og_site_name":"Nox-Xtreme","article_modified_time":"2022-04-07T14:50:20+00:00","twitter_card":"summary_large_image","twitter_misc":{"Tempo estimado de leitura":"1 minuto"},"schema":{"@context":"https:\/\/schema.org","@graph":[{"@type":"WebPage","@id":"https:\/\/store.nox-xtreme.com\/pt-pt\/producto\/h-sync\/","url":"https:\/\/store.nox-xtreme.com\/pt-pt\/producto\/h-sync\/","name":"H-Sync - Nox-Xtreme","isPartOf":{"@id":"https:\/\/store.nox-xtreme.com\/#website"},"primaryImageOfPage":{"@id":"https:\/\/store.nox-xtreme.com\/pt-pt\/producto\/h-sync\/#primaryimage"},"image":{"@id":"https:\/\/store.nox-xtreme.com\/pt-pt\/producto\/h-sync\/#primaryimage"},"thumbnailUrl":"https:\/\/store.nox-xtreme.com\/wp-content\/uploads\/sites\/2\/2020\/09\/nox_hummer_h-sync_2.jpg","datePublished":"2020-09-10T12:32:15+00:00","dateModified":"2022-04-07T14:50:20+00:00","breadcrumb":{"@id":"https:\/\/store.nox-xtreme.com\/pt-pt\/producto\/h-sync\/#breadcrumb"},"inLanguage":"pt-PT","potentialAction":[{"@type":"ReadAction","target":["https:\/\/store.nox-xtreme.com\/pt-pt\/producto\/h-sync\/"]}]},{"@type":"ImageObject","inLanguage":"pt-PT","@id":"https:\/\/store.nox-xtreme.com\/pt-pt\/producto\/h-sync\/#primaryimage","url":"https:\/\/store.nox-xtreme.com\/wp-content\/uploads\/sites\/2\/2020\/09\/nox_hummer_h-sync_2.jpg","contentUrl":"https:\/\/store.nox-xtreme.com\/wp-content\/uploads\/sites\/2\/2020\/09\/nox_hummer_h-sync_2.jpg","width":1049,"height":1300},{"@type":"BreadcrumbList","@id":"https:\/\/store.nox-xtreme.com\/pt-pt\/producto\/h-sync\/#breadcrumb","itemListElement":[{"@type":"ListItem","position":1,"name":"Portada","item":"https:\/\/store.nox-xtreme.com\/pt-pt\/"},{"@type":"ListItem","position":2,"name":"Productos","item":"https:\/\/store.nox-xtreme.com\/shop\/"},{"@type":"ListItem","position":3,"name":"H-Sync"}]},{"@type":"WebSite","@id":"https:\/\/store.nox-xtreme.com\/#website","url":"https:\/\/store.nox-xtreme.com\/","name":"Nox-Xtreme","description":"Boosting You Performance","potentialAction":[{"@type":"SearchAction","target":{"@type":"EntryPoint","urlTemplate":"https:\/\/store.nox-xtreme.com\/?s={search_term_string}"},"query-input":{"@type":"PropertyValueSpecification","valueRequired":true,"valueName":"search_term_string"}}],"inLanguage":"pt-PT"}]}},"_links":{"self":[{"href":"https:\/\/store.nox-xtreme.com\/pt-pt\/wp-json\/wp\/v2\/product\/16104","targetHints":{"allow":["GET"]}}],"collection":[{"href":"https:\/\/store.nox-xtreme.com\/pt-pt\/wp-json\/wp\/v2\/product"}],"about":[{"href":"https:\/\/store.nox-xtreme.com\/pt-pt\/wp-json\/wp\/v2\/types\/product"}],"replies":[{"embeddable":true,"href":"https:\/\/store.nox-xtreme.com\/pt-pt\/wp-json\/wp\/v2\/comments?post=16104"}],"wp:featuredmedia":[{"embeddable":true,"href":"https:\/\/store.nox-xtreme.com\/pt-pt\/wp-json\/wp\/v2\/media\/14743"}],"wp:attachment":[{"href":"https:\/\/store.nox-xtreme.com\/pt-pt\/wp-json\/wp\/v2\/media?parent=16104"}],"wp:term":[{"taxonomy":"product_brand","embeddable":true,"href":"https:\/\/store.nox-xtreme.com\/pt-pt\/wp-json\/wp\/v2\/product_brand?post=16104"},{"taxonomy":"product_cat","embeddable":true,"href":"https:\/\/store.nox-xtreme.com\/pt-pt\/wp-json\/wp\/v2\/product_cat?post=16104"},{"taxonomy":"product_tag","embeddable":true,"href":"https:\/\/store.nox-xtreme.com\/pt-pt\/wp-json\/wp\/v2\/product_tag?post=16104"}],"curies":[{"name":"wp","href":"https:\/\/api.w.org\/{rel}","templated":true}]}}