{"id":16101,"date":"2020-09-10T14:30:49","date_gmt":"2020-09-10T12:30:49","guid":{"rendered":"https:\/\/store.nox-xtreme.com\/producto\/lite25\/"},"modified":"2022-04-07T18:08:38","modified_gmt":"2022-04-07T16:08:38","slug":"lite25","status":"publish","type":"product","link":"https:\/\/store.nox-xtreme.com\/pt-pt\/producto\/lite25\/","title":{"rendered":"Lite 2.5&#8221;"},"content":{"rendered":"<h3>LITE25<\/h3>\n<p>A caixa  externa Nox LITE2.5 converte qualquer disco r\u00edgido 2.5 SATA em um disco r\u00edgido externo<\/p>\n<h3>ULTRA LEVE E COMPACTO<\/h3>\n<p>F\u00e1cil de instalar, compat\u00edvel com todas as vers\u00f5es do Windows  e totalmente plug &amp; play, o LITE25 \u00e9 uma caixa externa ultra leve e compacta. Com ela, pode salvar e transportar  onde precisar  todos os dados e conte\u00fado multim\u00e9dia que desejar, sejam filmes, fotos, v\u00eddeos, m\u00fasicas, jogos ou ficheiros de trabalho.<\/p>\n<h3>VELOCIDADE DE TRANSFER\u00caNCIA<\/h3>\n<p>Embora seja compat\u00edvel com dispositivos USB 2.0 e 1.1, o LITE25 possui uma conex\u00e3o USB 3.0, cuja alta taxa de transfer\u00eancia na taxa de transfer\u00eancia de at\u00e9 5 GB \/ s \u00e9 dez vezes maior que a de um USB 2.0 . O LITE2.5 inclui um LED indicador  do status da conex\u00e3o e acesso ao seu disco r\u00edgido.<\/p>\n","protected":false},"excerpt":{"rendered":"<ul>\n<li>F\u00e1cil instala\u00e7\u00e3o sem parafusos ou ferramentas especiais<\/li>\n<li>Plug &amp; play<\/li>\n<li>Design e materiais ultra leves e compactos<\/li>\n<li>Compat\u00edvel com todas as vers\u00f5es do Windows<\/li>\n<\/ul>\n","protected":false},"featured_media":0,"comment_status":"closed","ping_status":"closed","template":"","meta":{"inline_featured_image":false},"product_brand":[],"product_cat":[175],"product_tag":[],"class_list":{"0":"post-16101","1":"product","2":"type-product","3":"status-publish","5":"product_cat-accesorios-pt-pt","7":"first","8":"outofstock","9":"taxable","10":"shipping-taxable","11":"purchasable","12":"product-type-simple"},"_links":{"self":[{"href":"https:\/\/store.nox-xtreme.com\/pt-pt\/wp-json\/wp\/v2\/product\/16101","targetHints":{"allow":["GET"]}}],"collection":[{"href":"https:\/\/store.nox-xtreme.com\/pt-pt\/wp-json\/wp\/v2\/product"}],"about":[{"href":"https:\/\/store.nox-xtreme.com\/pt-pt\/wp-json\/wp\/v2\/types\/product"}],"replies":[{"embeddable":true,"href":"https:\/\/store.nox-xtreme.com\/pt-pt\/wp-json\/wp\/v2\/comments?post=16101"}],"wp:attachment":[{"href":"https:\/\/store.nox-xtreme.com\/pt-pt\/wp-json\/wp\/v2\/media?parent=16101"}],"wp:term":[{"taxonomy":"product_brand","embeddable":true,"href":"https:\/\/store.nox-xtreme.com\/pt-pt\/wp-json\/wp\/v2\/product_brand?post=16101"},{"taxonomy":"product_cat","embeddable":true,"href":"https:\/\/store.nox-xtreme.com\/pt-pt\/wp-json\/wp\/v2\/product_cat?post=16101"},{"taxonomy":"product_tag","embeddable":true,"href":"https:\/\/store.nox-xtreme.com\/pt-pt\/wp-json\/wp\/v2\/product_tag?post=16101"}],"curies":[{"name":"wp","href":"https:\/\/api.w.org\/{rel}","templated":true}]}}