{"id":16099,"date":"2020-09-10T14:27:49","date_gmt":"2020-09-10T14:27:49","guid":{"rendered":"https:\/\/store.nox-xtreme.com\/producto\/tg10\/"},"modified":"2022-04-07T17:18:35","modified_gmt":"2022-04-07T15:18:35","slug":"tg10","status":"publish","type":"product","link":"https:\/\/store.nox-xtreme.com\/pt-pt\/producto\/tg10\/","title":{"rendered":"TG10"},"content":{"rendered":"<h3>TG10<\/h3>\n<p>Nox TG-10 es una pasta t\u00e9rmica de alta calidad, pensada para los que exigen un alto rendimiento de su equipo. Es un compuesto t\u00e9rmico premium de baja resistencia t\u00e9rmica y alta conductividad t\u00e9rmica. Contiene aplicador.<\/p>\n<p>Se aplica en CPU, GPU y entre componentes semiconductores  y disipadores.<\/p>\n","protected":false},"excerpt":{"rendered":"<ul>\n<li>Paleta pl\u00e1stica incluida para su f\u00e1cil aplicaci\u00f3n<\/li>\n<li>Alta ocnductividad t\u00e9rmica<\/li>\n<li>Baja resistencia t\u00e9rmica<\/li>\n<li>No corrosiva<\/li>\n<\/ul>\n","protected":false},"featured_media":14794,"comment_status":"closed","ping_status":"closed","template":"","meta":{"inline_featured_image":false},"product_brand":[],"product_cat":[178],"product_tag":[],"class_list":{"0":"post-16099","1":"product","2":"type-product","3":"status-publish","4":"has-post-thumbnail","6":"product_cat-refrigeracion-pt-pt","8":"first","9":"outofstock","10":"taxable","11":"shipping-taxable","12":"purchasable","13":"product-type-simple"},"_links":{"self":[{"href":"https:\/\/store.nox-xtreme.com\/pt-pt\/wp-json\/wp\/v2\/product\/16099","targetHints":{"allow":["GET"]}}],"collection":[{"href":"https:\/\/store.nox-xtreme.com\/pt-pt\/wp-json\/wp\/v2\/product"}],"about":[{"href":"https:\/\/store.nox-xtreme.com\/pt-pt\/wp-json\/wp\/v2\/types\/product"}],"replies":[{"embeddable":true,"href":"https:\/\/store.nox-xtreme.com\/pt-pt\/wp-json\/wp\/v2\/comments?post=16099"}],"wp:featuredmedia":[{"embeddable":true,"href":"https:\/\/store.nox-xtreme.com\/pt-pt\/wp-json\/wp\/v2\/media\/14794"}],"wp:attachment":[{"href":"https:\/\/store.nox-xtreme.com\/pt-pt\/wp-json\/wp\/v2\/media?parent=16099"}],"wp:term":[{"taxonomy":"product_brand","embeddable":true,"href":"https:\/\/store.nox-xtreme.com\/pt-pt\/wp-json\/wp\/v2\/product_brand?post=16099"},{"taxonomy":"product_cat","embeddable":true,"href":"https:\/\/store.nox-xtreme.com\/pt-pt\/wp-json\/wp\/v2\/product_cat?post=16099"},{"taxonomy":"product_tag","embeddable":true,"href":"https:\/\/store.nox-xtreme.com\/pt-pt\/wp-json\/wp\/v2\/product_tag?post=16099"}],"curies":[{"name":"wp","href":"https:\/\/api.w.org\/{rel}","templated":true}]}}