{"id":16098,"date":"2020-09-10T16:27:40","date_gmt":"2020-09-10T12:27:40","guid":{"rendered":"https:\/\/store.nox-xtreme.com\/producto\/h-312\/"},"modified":"2021-12-23T10:12:43","modified_gmt":"2021-12-23T09:12:43","slug":"h-312","status":"publish","type":"product","link":"https:\/\/store.nox-xtreme.com\/pt-pt\/producto\/h-312\/","title":{"rendered":"H-312"},"content":{"rendered":"<h3>H-312<\/h3>\n<p>O H-312 \u00e9 o mais recente modelo de 12 cm da linha de coolers para CPU da s\u00e9rie Hummer, uma solu\u00e7\u00e3o completa de alta qualidade que combina desempenho excepcional, opera\u00e7\u00e3o silenciosa e excelente compatibilidade.<\/p>\n<h3>Rendimento e efici\u00eancia<\/h3>\n<p>O H-312 \u00e9 um cooler com heatpipes de n\u00edquel de 4 x 6 mm e um enorme dissipador de calor de alum\u00ednio combinados para obter uma dissipa\u00e7\u00e3o de calor eficiente do CPU. Ele incorpora uma ventoinha H-Fan PWM para um conveniente controlo autom\u00e1tico de velocidade atrav\u00e9s da motherboard<\/p>\n<h3>Alta capacidade de refrigera\u00e7\u00e3o<\/h3>\n<p>A coluna central de alum\u00ednio do H-312 oferece suporte e resist\u00eancia ao dissipador de calor. Os heatpipes do H-312 s\u00e3o feitos com a mais recente tecnologia CNC para obter uma superf\u00edcie plana e fornecer contato direto com a superf\u00edcie do CPU na base.<\/p>\n<h3>Design livre de interfer\u00eancia<\/h3>\n<p>Com um perfil fino e constru\u00eddo em \u00e2ngulo, o H-312 garante compatibilidade m\u00e1xima com m\u00f3dulos de mem\u00f3ria RAM. Incorpora um sistema de montagem simples e seguro que garante perfeita press\u00e3o de contato.<\/p>\n<h3>Excel\u00eancia em refrigera\u00e7\u00e3o<\/h3>\n<p>H-Fan PWM fornece ao H-312 uma excelente press\u00e3o est\u00e1tica, excelente desempenho do dissipador de calor e um funcionamento silencioso incr\u00edvel.<\/p>\n<p>Ele tamb\u00e9m incorpora o sistema de rolamento hidr\u00e1ulico, cantos anti vibra\u00e7\u00e3o emborrachados e um design inovador de aletas otimizadas para obter uma press\u00e3o est\u00e1tica superior e um maior desempenho em termos de fluxo de ar. Al\u00e9m disso, o H-312 permite a instala\u00e7\u00e3o de uma segunda ventoinha.<\/p>\n<h3>F\u00e1cil instala\u00e7\u00e3o para Intel e AMD<\/h3>\n<p>A instala\u00e7\u00e3o \u00e9 bastante simples, pois \u00e9 poss\u00edvel instal\u00e1-lo em poucos passos de forma \u00e1gil. Basta escolher o socket de acordo com o sistema, fix\u00e1-lo na placa e colocar o dissipador com os encaixes met\u00e1licos.<\/p>\n","protected":false},"excerpt":{"rendered":"<ul>\n<li>Compat\u00edvel com Intel e AMD<\/li>\n<li>4 heatpipes duplos de n\u00edquel<\/li>\n<li>Ventoinhar H-Fan PWM de 120 mm<\/li>\n<li>Cantos com suporte de borracha anti vibra\u00e7\u00e3o<\/li>\n<li>Instala\u00e7\u00e3o f\u00e1cil<\/li>\n<li>Possibilidade de instala\u00e7\u00e3o de uma segunda ventoinha de 120mm<\/li>\n<\/ul>\n","protected":false},"featured_media":0,"comment_status":"closed","ping_status":"closed","template":"","meta":{"inline_featured_image":false},"product_brand":[],"product_cat":[178],"product_tag":[199],"class_list":{"0":"post-16098","1":"product","2":"type-product","3":"status-publish","5":"product_cat-refrigeracion-pt-pt","6":"product_tag-hummer-pt-pt","8":"first","9":"outofstock","10":"taxable","11":"shipping-taxable","12":"purchasable","13":"product-type-simple"},"yoast_head":"<!-- This site is optimized with the Yoast SEO plugin v26.7 - https:\/\/yoast.com\/wordpress\/plugins\/seo\/ -->\n<title>H-312 - Nox-Xtreme<\/title>\n<meta name=\"robots\" content=\"index, follow, max-snippet:-1, max-image-preview:large, max-video-preview:-1\" \/>\n<link rel=\"canonical\" href=\"https:\/\/store.nox-xtreme.com\/pt-pt\/producto\/h-312\/\" \/>\n<meta property=\"og:locale\" content=\"pt_PT\" \/>\n<meta property=\"og:type\" content=\"article\" \/>\n<meta property=\"og:title\" content=\"H-312 - Nox-Xtreme\" \/>\n<meta property=\"og:description\" content=\"Compat\u00edvel com Intel e AMD4 heatpipes duplos de n\u00edquelVentoinhar H-Fan PWM de 120 mmCantos com suporte de borracha anti vibra\u00e7\u00e3oInstala\u00e7\u00e3o f\u00e1cilPossibilidade de instala\u00e7\u00e3o de uma segunda ventoinha de 120mm\" \/>\n<meta property=\"og:url\" content=\"https:\/\/store.nox-xtreme.com\/pt-pt\/producto\/h-312\/\" \/>\n<meta property=\"og:site_name\" content=\"Nox-Xtreme\" \/>\n<meta property=\"article:modified_time\" content=\"2021-12-23T09:12:43+00:00\" \/>\n<meta name=\"twitter:card\" content=\"summary_large_image\" \/>\n<meta name=\"twitter:label1\" content=\"Tempo estimado de leitura\" \/>\n\t<meta name=\"twitter:data1\" content=\"2 minutos\" \/>\n<script type=\"application\/ld+json\" class=\"yoast-schema-graph\">{\"@context\":\"https:\/\/schema.org\",\"@graph\":[{\"@type\":\"WebPage\",\"@id\":\"https:\/\/store.nox-xtreme.com\/pt-pt\/producto\/h-312\/\",\"url\":\"https:\/\/store.nox-xtreme.com\/pt-pt\/producto\/h-312\/\",\"name\":\"H-312 - Nox-Xtreme\",\"isPartOf\":{\"@id\":\"https:\/\/store.nox-xtreme.com\/#website\"},\"datePublished\":\"2020-09-10T12:27:40+00:00\",\"dateModified\":\"2021-12-23T09:12:43+00:00\",\"breadcrumb\":{\"@id\":\"https:\/\/store.nox-xtreme.com\/pt-pt\/producto\/h-312\/#breadcrumb\"},\"inLanguage\":\"pt-PT\",\"potentialAction\":[{\"@type\":\"ReadAction\",\"target\":[\"https:\/\/store.nox-xtreme.com\/pt-pt\/producto\/h-312\/\"]}]},{\"@type\":\"BreadcrumbList\",\"@id\":\"https:\/\/store.nox-xtreme.com\/pt-pt\/producto\/h-312\/#breadcrumb\",\"itemListElement\":[{\"@type\":\"ListItem\",\"position\":1,\"name\":\"Portada\",\"item\":\"https:\/\/store.nox-xtreme.com\/pt-pt\/\"},{\"@type\":\"ListItem\",\"position\":2,\"name\":\"Productos\",\"item\":\"https:\/\/store.nox-xtreme.com\/shop\/\"},{\"@type\":\"ListItem\",\"position\":3,\"name\":\"H-312\"}]},{\"@type\":\"WebSite\",\"@id\":\"https:\/\/store.nox-xtreme.com\/#website\",\"url\":\"https:\/\/store.nox-xtreme.com\/\",\"name\":\"Nox-Xtreme\",\"description\":\"Boosting You Performance\",\"potentialAction\":[{\"@type\":\"SearchAction\",\"target\":{\"@type\":\"EntryPoint\",\"urlTemplate\":\"https:\/\/store.nox-xtreme.com\/?s={search_term_string}\"},\"query-input\":{\"@type\":\"PropertyValueSpecification\",\"valueRequired\":true,\"valueName\":\"search_term_string\"}}],\"inLanguage\":\"pt-PT\"}]}<\/script>\n<!-- \/ Yoast SEO plugin. -->","yoast_head_json":{"title":"H-312 - Nox-Xtreme","robots":{"index":"index","follow":"follow","max-snippet":"max-snippet:-1","max-image-preview":"max-image-preview:large","max-video-preview":"max-video-preview:-1"},"canonical":"https:\/\/store.nox-xtreme.com\/pt-pt\/producto\/h-312\/","og_locale":"pt_PT","og_type":"article","og_title":"H-312 - Nox-Xtreme","og_description":"Compat\u00edvel com Intel e AMD4 heatpipes duplos de n\u00edquelVentoinhar H-Fan PWM de 120 mmCantos com suporte de borracha anti vibra\u00e7\u00e3oInstala\u00e7\u00e3o f\u00e1cilPossibilidade de instala\u00e7\u00e3o de uma segunda ventoinha de 120mm","og_url":"https:\/\/store.nox-xtreme.com\/pt-pt\/producto\/h-312\/","og_site_name":"Nox-Xtreme","article_modified_time":"2021-12-23T09:12:43+00:00","twitter_card":"summary_large_image","twitter_misc":{"Tempo estimado de leitura":"2 minutos"},"schema":{"@context":"https:\/\/schema.org","@graph":[{"@type":"WebPage","@id":"https:\/\/store.nox-xtreme.com\/pt-pt\/producto\/h-312\/","url":"https:\/\/store.nox-xtreme.com\/pt-pt\/producto\/h-312\/","name":"H-312 - Nox-Xtreme","isPartOf":{"@id":"https:\/\/store.nox-xtreme.com\/#website"},"datePublished":"2020-09-10T12:27:40+00:00","dateModified":"2021-12-23T09:12:43+00:00","breadcrumb":{"@id":"https:\/\/store.nox-xtreme.com\/pt-pt\/producto\/h-312\/#breadcrumb"},"inLanguage":"pt-PT","potentialAction":[{"@type":"ReadAction","target":["https:\/\/store.nox-xtreme.com\/pt-pt\/producto\/h-312\/"]}]},{"@type":"BreadcrumbList","@id":"https:\/\/store.nox-xtreme.com\/pt-pt\/producto\/h-312\/#breadcrumb","itemListElement":[{"@type":"ListItem","position":1,"name":"Portada","item":"https:\/\/store.nox-xtreme.com\/pt-pt\/"},{"@type":"ListItem","position":2,"name":"Productos","item":"https:\/\/store.nox-xtreme.com\/shop\/"},{"@type":"ListItem","position":3,"name":"H-312"}]},{"@type":"WebSite","@id":"https:\/\/store.nox-xtreme.com\/#website","url":"https:\/\/store.nox-xtreme.com\/","name":"Nox-Xtreme","description":"Boosting You Performance","potentialAction":[{"@type":"SearchAction","target":{"@type":"EntryPoint","urlTemplate":"https:\/\/store.nox-xtreme.com\/?s={search_term_string}"},"query-input":{"@type":"PropertyValueSpecification","valueRequired":true,"valueName":"search_term_string"}}],"inLanguage":"pt-PT"}]}},"_links":{"self":[{"href":"https:\/\/store.nox-xtreme.com\/pt-pt\/wp-json\/wp\/v2\/product\/16098","targetHints":{"allow":["GET"]}}],"collection":[{"href":"https:\/\/store.nox-xtreme.com\/pt-pt\/wp-json\/wp\/v2\/product"}],"about":[{"href":"https:\/\/store.nox-xtreme.com\/pt-pt\/wp-json\/wp\/v2\/types\/product"}],"replies":[{"embeddable":true,"href":"https:\/\/store.nox-xtreme.com\/pt-pt\/wp-json\/wp\/v2\/comments?post=16098"}],"wp:attachment":[{"href":"https:\/\/store.nox-xtreme.com\/pt-pt\/wp-json\/wp\/v2\/media?parent=16098"}],"wp:term":[{"taxonomy":"product_brand","embeddable":true,"href":"https:\/\/store.nox-xtreme.com\/pt-pt\/wp-json\/wp\/v2\/product_brand?post=16098"},{"taxonomy":"product_cat","embeddable":true,"href":"https:\/\/store.nox-xtreme.com\/pt-pt\/wp-json\/wp\/v2\/product_cat?post=16098"},{"taxonomy":"product_tag","embeddable":true,"href":"https:\/\/store.nox-xtreme.com\/pt-pt\/wp-json\/wp\/v2\/product_tag?post=16098"}],"curies":[{"name":"wp","href":"https:\/\/api.w.org\/{rel}","templated":true}]}}