{"id":16095,"date":"2020-09-10T16:27:14","date_gmt":"2020-09-10T12:27:14","guid":{"rendered":"https:\/\/store.nox-xtreme.com\/producto\/h-240cl\/"},"modified":"2022-12-06T15:23:04","modified_gmt":"2022-12-06T14:23:04","slug":"h-240cl","status":"publish","type":"product","link":"https:\/\/store.nox-xtreme.com\/pt-pt\/producto\/h-240cl\/","title":{"rendered":"H-240CL"},"content":{"rendered":"<h3>H-240CL<\/h3>\n<p>O H-240CL \u00e9 um cooler AIO da s\u00e9rie Hummer. Simples de instalar e com compatibilidade com o AM4, proporcionar\u00e1 ao seu computador um desempenho excecional, conseguindo uma temperatura ideal do PC e de todos os seus componentes<\/p>\n<p>O seu radiador duplo e ventoinhas PWM ir\u00e3o efetivamente diminuir a temperatura, aumentando a estabilidade do sistema e consequentemente a durabilidade do processador.<\/p>\n<h3>Ventoinhas com PMW<\/h3>\n<p>O sistema H-240CL incorpora duas ventoinhas de 120mm que possuem suportes de borracha nos seus cantos, que absorvem as vibra\u00e7\u00f5es, oferecendo alto desempenho com baixo n\u00edvel de ru\u00eddo.<\/p>\n<p>As suas p\u00e1s aerodinamicamente projetadas reduzem a turbul\u00eancia criada entre a ventoinha e o radiador e permitem gerar mais press\u00e3o de ar e, consequentemente, dissipar o calor mais rapidamente. Gra\u00e7as \u00e0 fun\u00e7\u00e3o PWM, a velocidade dos ventiladores \u00e9 ajustada automaticamente de acordo com as necessidades do microprocessador, alcan\u00e7ando um \u00f3timo desempenho.<\/p>\n<h3>Radiador duplo<\/h3>\n<p>A sua alta densidade de l\u00e2minas e o seu duplo radiador permitir\u00e3o uma r\u00e1pida e eficiente dissipa\u00e7\u00e3o de calor, reduzindo a temperatura dentro do computador. Al\u00e9m disso, os tubos do H-240CL s\u00e3o mais grossos, aumentando o fluxo no seu interior e conseguindo uma maior circula\u00e7\u00e3o do l\u00edquido refrigerante. Gra\u00e7as a sua alta resist\u00eancia, evitaremos poss\u00edveis vazamentos ou quebras, garantindo durabilidade.<\/p>\n<h3>Desempenho e benef\u00edcios<\/h3>\n<p>A bomba do H-240CL possui uma base de cobre, o que lhe confere grande condutividade que, aliada \u00e0 alta densidade das l\u00e2minas do radiador, permite maximizar o desempenho do seu computador. Esta bomba \u00e9 capaz de mover um grande fluxo de l\u00edquido refrigerante em poucos segundos, reduzindo a temperatura do processador rapidamente.<\/p>\n<h3>Instala\u00e7\u00e3o e montagem<\/h3>\n<p>A montagem do kit H-240CL quase n\u00e3o requer ferramentas e \u00e9 simples e r\u00e1pida. Por se tratar de um circuito fechado e pr\u00e9-carregado com l\u00edquido refrigerante, a manuten\u00e7\u00e3o \u00e9 m\u00ednima e dispensa recargas, obtendo-se uma instala\u00e7\u00e3o segura e dur\u00e1vel.<\/p>\n","protected":false},"excerpt":{"rendered":"<ul>\n<li>Compat\u00edvel com Intel e AMD<\/li>\n<li>Ventoinha de 120 mm com controlo PWM<\/li>\n<li>Radiador duplo com base de alum\u00ednio<\/li>\n<li>Bomba com base de cobre<\/li>\n<li>F\u00e1cil montagem e instala\u00e7\u00e3o<\/li>\n<\/ul>\n","protected":false},"featured_media":0,"comment_status":"closed","ping_status":"closed","template":"","meta":{"inline_featured_image":false},"product_brand":[],"product_cat":[178],"product_tag":[199],"class_list":{"0":"post-16095","1":"product","2":"type-product","3":"status-publish","5":"product_cat-refrigeracion-pt-pt","6":"product_tag-hummer-pt-pt","8":"first","9":"outofstock","10":"taxable","11":"shipping-taxable","12":"purchasable","13":"product-type-simple"},"_links":{"self":[{"href":"https:\/\/store.nox-xtreme.com\/pt-pt\/wp-json\/wp\/v2\/product\/16095","targetHints":{"allow":["GET"]}}],"collection":[{"href":"https:\/\/store.nox-xtreme.com\/pt-pt\/wp-json\/wp\/v2\/product"}],"about":[{"href":"https:\/\/store.nox-xtreme.com\/pt-pt\/wp-json\/wp\/v2\/types\/product"}],"replies":[{"embeddable":true,"href":"https:\/\/store.nox-xtreme.com\/pt-pt\/wp-json\/wp\/v2\/comments?post=16095"}],"wp:attachment":[{"href":"https:\/\/store.nox-xtreme.com\/pt-pt\/wp-json\/wp\/v2\/media?parent=16095"}],"wp:term":[{"taxonomy":"product_brand","embeddable":true,"href":"https:\/\/store.nox-xtreme.com\/pt-pt\/wp-json\/wp\/v2\/product_brand?post=16095"},{"taxonomy":"product_cat","embeddable":true,"href":"https:\/\/store.nox-xtreme.com\/pt-pt\/wp-json\/wp\/v2\/product_cat?post=16095"},{"taxonomy":"product_tag","embeddable":true,"href":"https:\/\/store.nox-xtreme.com\/pt-pt\/wp-json\/wp\/v2\/product_tag?post=16095"}],"curies":[{"name":"wp","href":"https:\/\/api.w.org\/{rel}","templated":true}]}}