{"id":16094,"date":"2020-09-10T16:27:05","date_gmt":"2020-09-10T12:27:05","guid":{"rendered":"https:\/\/store.nox-xtreme.com\/producto\/h-212\/"},"modified":"2025-06-17T14:07:01","modified_gmt":"2025-06-17T12:07:01","slug":"h-212","status":"publish","type":"product","link":"https:\/\/store.nox-xtreme.com\/pt-pt\/producto\/h-212\/","title":{"rendered":"H-212"},"content":{"rendered":"<h3>H-212<\/h3>\n<p>Nox adiciona o cooler H-212 \u00e0 sua s\u00e9rie Hummer. \u00c9 um cooler com base e aletas de alum\u00ednio e 3 heatpipes de cobre revestidos de alum\u00ednio, que fornecer\u00e3o ao processador um n\u00edvel m\u00e1ximo de refrigera\u00e7\u00e3o.<\/p>\n<h3>Capacidade de refrigera\u00e7\u00e3o<\/h3>\n<p>O interior do H-212 foi projetado para garantir a m\u00e1xima dissipa\u00e7\u00e3o de calor no menor tempo poss\u00edvel. Suas 42 aletas de alum\u00ednio foram projetadas numa forma curva para reduzir a resist\u00eancia do ar e aumentar o fluxo de ar entre elas, permitindo que o calor seja expelido com mais facilidade.<\/p>\n<h3>Excel\u00eancia em refrigera\u00e7\u00e3o<\/h3>\n<p>O cooler H-212 possui uma ventoinha de 120 mm com um design c\u00f4nico para concentrar o fluxo de ar e resfriar o dissipador de calor com mais efici\u00eancia. O ventilador do H-212 possui uma velocidade de rota\u00e7\u00e3o ajust\u00e1vel de 500 &#8211; 1600 RPM que garante um fluxo de ar de 56,0 CFM em n\u00edveis de ru\u00eddo entre 16,0 &#8211; 20,2 dBa.<\/p>\n<h3>Dimens\u00f5es compactas<\/h3>\n<p>Apesar de suas \u00f3timas caracter\u00edsticas e alta capacidade de refrigera\u00e7\u00e3o, o H-212 \u00e9 um cooler com dimens\u00f5es de 135 mm de altura, 120 mm de largura e 73 mm de profundidade, gra\u00e7as \u00e0s quais \u00e9 poss\u00edvel aproveitar ao m\u00e1ximo o espa\u00e7o interno dentro do computador.<\/p>\n<h3>Base de alum\u00ednio e cobre<\/h3>\n<p>A base de alum\u00ednio do H-212 juntamente com os seus 3 heatpipes de cobre em contato direto, garantir\u00e3o uma refrigera\u00e7\u00e3o constante do CPU, permitindo um arrefecimento r\u00e1pido.<\/p>\n<h3>Instala\u00e7\u00e3o<\/h3>\n<p>A montagem do H-212 \u00e9 bastante simples, pois \u00e9 poss\u00edvel instal\u00e1-lo em poucos passos f\u00e1ceis. Basta escolher o socket de acordo com o sistema, fix\u00e1-lo na placa e colocar o dissipador.<\/p>\n","protected":false},"excerpt":{"rendered":"<ul>\n<li>Compat\u00edvel com Intel e AMD<\/li>\n<li>Ventoinha c\u00f4nica de 120 mm com PWM<\/li>\n<li>3 heatpipes de cobre revestidos de alum\u00ednio<\/li>\n<li>Instala\u00e7\u00e3o f\u00e1cil<\/li>\n<li>Possibilidade de instala\u00e7\u00e3o de uma segunda ventoinha<\/li>\n<\/ul>\n","protected":false},"featured_media":16827,"comment_status":"closed","ping_status":"closed","template":"","meta":{"inline_featured_image":false},"product_brand":[],"product_cat":[178],"product_tag":[199],"class_list":{"0":"post-16094","1":"product","2":"type-product","3":"status-publish","4":"has-post-thumbnail","6":"product_cat-refrigeracion-pt-pt","7":"product_tag-hummer-pt-pt","9":"first","10":"instock","11":"taxable","12":"shipping-taxable","13":"purchasable","14":"product-type-simple"},"yoast_head":"<!-- This site is optimized with the Yoast SEO plugin v26.7 - https:\/\/yoast.com\/wordpress\/plugins\/seo\/ -->\n<title>H-212 - Nox-Xtreme<\/title>\n<meta name=\"robots\" content=\"index, follow, max-snippet:-1, max-image-preview:large, max-video-preview:-1\" \/>\n<link rel=\"canonical\" href=\"https:\/\/store.nox-xtreme.com\/pt-pt\/producto\/h-212\/\" \/>\n<meta property=\"og:locale\" content=\"pt_PT\" \/>\n<meta property=\"og:type\" content=\"article\" \/>\n<meta property=\"og:title\" content=\"H-212 - Nox-Xtreme\" \/>\n<meta property=\"og:description\" content=\"Compat\u00edvel com Intel e AMDVentoinha c\u00f4nica de 120 mm com PWM3 heatpipes de cobre revestidos de alum\u00ednioInstala\u00e7\u00e3o f\u00e1cilPossibilidade de instala\u00e7\u00e3o de uma segunda ventoinha\" \/>\n<meta property=\"og:url\" content=\"https:\/\/store.nox-xtreme.com\/pt-pt\/producto\/h-212\/\" \/>\n<meta property=\"og:site_name\" content=\"Nox-Xtreme\" \/>\n<meta property=\"article:modified_time\" content=\"2025-06-17T12:07:01+00:00\" \/>\n<meta property=\"og:image\" content=\"https:\/\/store.nox-xtreme.com\/wp-content\/uploads\/sites\/2\/2021\/06\/nox_hummer_h-212_1.jpg\" \/>\n\t<meta property=\"og:image:width\" content=\"1049\" \/>\n\t<meta property=\"og:image:height\" content=\"1300\" \/>\n\t<meta property=\"og:image:type\" content=\"image\/jpeg\" \/>\n<meta name=\"twitter:card\" content=\"summary_large_image\" \/>\n<meta name=\"twitter:label1\" content=\"Tempo estimado de leitura\" \/>\n\t<meta name=\"twitter:data1\" content=\"1 minuto\" \/>\n<script type=\"application\/ld+json\" class=\"yoast-schema-graph\">{\"@context\":\"https:\/\/schema.org\",\"@graph\":[{\"@type\":\"WebPage\",\"@id\":\"https:\/\/store.nox-xtreme.com\/pt-pt\/producto\/h-212\/\",\"url\":\"https:\/\/store.nox-xtreme.com\/pt-pt\/producto\/h-212\/\",\"name\":\"H-212 - Nox-Xtreme\",\"isPartOf\":{\"@id\":\"https:\/\/store.nox-xtreme.com\/#website\"},\"primaryImageOfPage\":{\"@id\":\"https:\/\/store.nox-xtreme.com\/pt-pt\/producto\/h-212\/#primaryimage\"},\"image\":{\"@id\":\"https:\/\/store.nox-xtreme.com\/pt-pt\/producto\/h-212\/#primaryimage\"},\"thumbnailUrl\":\"https:\/\/store.nox-xtreme.com\/wp-content\/uploads\/sites\/2\/2021\/06\/nox_hummer_h-212_1.jpg\",\"datePublished\":\"2020-09-10T12:27:05+00:00\",\"dateModified\":\"2025-06-17T12:07:01+00:00\",\"breadcrumb\":{\"@id\":\"https:\/\/store.nox-xtreme.com\/pt-pt\/producto\/h-212\/#breadcrumb\"},\"inLanguage\":\"pt-PT\",\"potentialAction\":[{\"@type\":\"ReadAction\",\"target\":[\"https:\/\/store.nox-xtreme.com\/pt-pt\/producto\/h-212\/\"]}]},{\"@type\":\"ImageObject\",\"inLanguage\":\"pt-PT\",\"@id\":\"https:\/\/store.nox-xtreme.com\/pt-pt\/producto\/h-212\/#primaryimage\",\"url\":\"https:\/\/store.nox-xtreme.com\/wp-content\/uploads\/sites\/2\/2021\/06\/nox_hummer_h-212_1.jpg\",\"contentUrl\":\"https:\/\/store.nox-xtreme.com\/wp-content\/uploads\/sites\/2\/2021\/06\/nox_hummer_h-212_1.jpg\",\"width\":1049,\"height\":1300},{\"@type\":\"BreadcrumbList\",\"@id\":\"https:\/\/store.nox-xtreme.com\/pt-pt\/producto\/h-212\/#breadcrumb\",\"itemListElement\":[{\"@type\":\"ListItem\",\"position\":1,\"name\":\"Portada\",\"item\":\"https:\/\/store.nox-xtreme.com\/pt-pt\/\"},{\"@type\":\"ListItem\",\"position\":2,\"name\":\"Productos\",\"item\":\"https:\/\/store.nox-xtreme.com\/shop\/\"},{\"@type\":\"ListItem\",\"position\":3,\"name\":\"H-212\"}]},{\"@type\":\"WebSite\",\"@id\":\"https:\/\/store.nox-xtreme.com\/#website\",\"url\":\"https:\/\/store.nox-xtreme.com\/\",\"name\":\"Nox-Xtreme\",\"description\":\"Boosting You Performance\",\"potentialAction\":[{\"@type\":\"SearchAction\",\"target\":{\"@type\":\"EntryPoint\",\"urlTemplate\":\"https:\/\/store.nox-xtreme.com\/?s={search_term_string}\"},\"query-input\":{\"@type\":\"PropertyValueSpecification\",\"valueRequired\":true,\"valueName\":\"search_term_string\"}}],\"inLanguage\":\"pt-PT\"}]}<\/script>\n<!-- \/ Yoast SEO plugin. -->","yoast_head_json":{"title":"H-212 - Nox-Xtreme","robots":{"index":"index","follow":"follow","max-snippet":"max-snippet:-1","max-image-preview":"max-image-preview:large","max-video-preview":"max-video-preview:-1"},"canonical":"https:\/\/store.nox-xtreme.com\/pt-pt\/producto\/h-212\/","og_locale":"pt_PT","og_type":"article","og_title":"H-212 - Nox-Xtreme","og_description":"Compat\u00edvel com Intel e AMDVentoinha c\u00f4nica de 120 mm com PWM3 heatpipes de cobre revestidos de alum\u00ednioInstala\u00e7\u00e3o f\u00e1cilPossibilidade de instala\u00e7\u00e3o de uma segunda ventoinha","og_url":"https:\/\/store.nox-xtreme.com\/pt-pt\/producto\/h-212\/","og_site_name":"Nox-Xtreme","article_modified_time":"2025-06-17T12:07:01+00:00","og_image":[{"width":1049,"height":1300,"url":"https:\/\/store.nox-xtreme.com\/wp-content\/uploads\/sites\/2\/2021\/06\/nox_hummer_h-212_1.jpg","type":"image\/jpeg"}],"twitter_card":"summary_large_image","twitter_misc":{"Tempo estimado de leitura":"1 minuto"},"schema":{"@context":"https:\/\/schema.org","@graph":[{"@type":"WebPage","@id":"https:\/\/store.nox-xtreme.com\/pt-pt\/producto\/h-212\/","url":"https:\/\/store.nox-xtreme.com\/pt-pt\/producto\/h-212\/","name":"H-212 - Nox-Xtreme","isPartOf":{"@id":"https:\/\/store.nox-xtreme.com\/#website"},"primaryImageOfPage":{"@id":"https:\/\/store.nox-xtreme.com\/pt-pt\/producto\/h-212\/#primaryimage"},"image":{"@id":"https:\/\/store.nox-xtreme.com\/pt-pt\/producto\/h-212\/#primaryimage"},"thumbnailUrl":"https:\/\/store.nox-xtreme.com\/wp-content\/uploads\/sites\/2\/2021\/06\/nox_hummer_h-212_1.jpg","datePublished":"2020-09-10T12:27:05+00:00","dateModified":"2025-06-17T12:07:01+00:00","breadcrumb":{"@id":"https:\/\/store.nox-xtreme.com\/pt-pt\/producto\/h-212\/#breadcrumb"},"inLanguage":"pt-PT","potentialAction":[{"@type":"ReadAction","target":["https:\/\/store.nox-xtreme.com\/pt-pt\/producto\/h-212\/"]}]},{"@type":"ImageObject","inLanguage":"pt-PT","@id":"https:\/\/store.nox-xtreme.com\/pt-pt\/producto\/h-212\/#primaryimage","url":"https:\/\/store.nox-xtreme.com\/wp-content\/uploads\/sites\/2\/2021\/06\/nox_hummer_h-212_1.jpg","contentUrl":"https:\/\/store.nox-xtreme.com\/wp-content\/uploads\/sites\/2\/2021\/06\/nox_hummer_h-212_1.jpg","width":1049,"height":1300},{"@type":"BreadcrumbList","@id":"https:\/\/store.nox-xtreme.com\/pt-pt\/producto\/h-212\/#breadcrumb","itemListElement":[{"@type":"ListItem","position":1,"name":"Portada","item":"https:\/\/store.nox-xtreme.com\/pt-pt\/"},{"@type":"ListItem","position":2,"name":"Productos","item":"https:\/\/store.nox-xtreme.com\/shop\/"},{"@type":"ListItem","position":3,"name":"H-212"}]},{"@type":"WebSite","@id":"https:\/\/store.nox-xtreme.com\/#website","url":"https:\/\/store.nox-xtreme.com\/","name":"Nox-Xtreme","description":"Boosting You Performance","potentialAction":[{"@type":"SearchAction","target":{"@type":"EntryPoint","urlTemplate":"https:\/\/store.nox-xtreme.com\/?s={search_term_string}"},"query-input":{"@type":"PropertyValueSpecification","valueRequired":true,"valueName":"search_term_string"}}],"inLanguage":"pt-PT"}]}},"_links":{"self":[{"href":"https:\/\/store.nox-xtreme.com\/pt-pt\/wp-json\/wp\/v2\/product\/16094","targetHints":{"allow":["GET"]}}],"collection":[{"href":"https:\/\/store.nox-xtreme.com\/pt-pt\/wp-json\/wp\/v2\/product"}],"about":[{"href":"https:\/\/store.nox-xtreme.com\/pt-pt\/wp-json\/wp\/v2\/types\/product"}],"replies":[{"embeddable":true,"href":"https:\/\/store.nox-xtreme.com\/pt-pt\/wp-json\/wp\/v2\/comments?post=16094"}],"wp:featuredmedia":[{"embeddable":true,"href":"https:\/\/store.nox-xtreme.com\/pt-pt\/wp-json\/wp\/v2\/media\/16827"}],"wp:attachment":[{"href":"https:\/\/store.nox-xtreme.com\/pt-pt\/wp-json\/wp\/v2\/media?parent=16094"}],"wp:term":[{"taxonomy":"product_brand","embeddable":true,"href":"https:\/\/store.nox-xtreme.com\/pt-pt\/wp-json\/wp\/v2\/product_brand?post=16094"},{"taxonomy":"product_cat","embeddable":true,"href":"https:\/\/store.nox-xtreme.com\/pt-pt\/wp-json\/wp\/v2\/product_cat?post=16094"},{"taxonomy":"product_tag","embeddable":true,"href":"https:\/\/store.nox-xtreme.com\/pt-pt\/wp-json\/wp\/v2\/product_tag?post=16094"}],"curies":[{"name":"wp","href":"https:\/\/api.w.org\/{rel}","templated":true}]}}