{"id":16092,"date":"2020-09-10T14:26:49","date_gmt":"2020-09-10T12:26:49","guid":{"rendered":"https:\/\/store.nox-xtreme.com\/producto\/h-120\/"},"modified":"2022-04-07T17:22:49","modified_gmt":"2022-04-07T15:22:49","slug":"h-120","status":"publish","type":"product","link":"https:\/\/store.nox-xtreme.com\/pt-pt\/producto\/h-120\/","title":{"rendered":"H-120"},"content":{"rendered":"<h3>H-120<\/h3>\n<p>La serie Hummer de Nox aumenta su familia de coolers con H-120. Por sus compactas dimensiones, H-120 es un cooler perfecto para todo tipo de equipos y montajes con tecnolog\u00eda Intel que necesiten de una refrigeraci\u00f3n potente, r\u00e1pida y silenciosa.<\/p>\n<h3>Una refrigeraci\u00f3n excelente<\/h3>\n<p>H-120 une une est\u00e9tica y rendimiento: sus aspas poseen un <strong>dise\u00f1o optimizado<\/strong> para la generaci\u00f3n de un <strong>gran caudal de aire a bajas revoluciones<\/strong>, enfriando as\u00ed el disipador y el procesador de una manera m\u00e1s eficiente y silenciosa. Adem\u00e1s, H-120 quedar\u00e1 iluminado gracias al <strong>LED blanco<\/strong> que rodea todo su contorno.<\/p>\n<h3>Base de aluminio<\/h3>\n<p>La base de aluminio del cooler H-120 est\u00e1 en contacto directo con la CPU, garantizando as\u00ed una <strong>refrigeraci\u00f3n constante<\/strong> y una <strong>perfecta disipaci\u00f3n del calor<\/strong> generado por tu equipo.<\/p>\n<h3>Dimensiones compactas<\/h3>\n<p>Con 130 mm de di\u00e1metro y 68 mm de altura, H-120 es un cooler <strong>compatible con cualquier equipo o montaje<\/strong>, lo que te permitir\u00e1 instalar una refrigeraci\u00f3n \u00f3ptima sin ning\u00fan tipo de limitaci\u00f3n por tama\u00f1o.<\/p>\n<h3>Instalaci\u00f3n sencilla<\/h3>\n<p>Instalar el H-120 es bastante sencillo: solo necesitas colocar su soporte en la parte posterior de la placa base, aplicar la pasta t\u00e9rmica sobre la superficie de la CPU, colocar y atornillar a su soporte el disipador y conectar el cable del ventilador a la placa base.<\/p>\n","protected":false},"excerpt":{"rendered":"<ul>\n<li>Compatible con Intel<\/li>\n<li>Ventilador de 120 mm con LED blanco<\/li>\n<li>Aspas con un dise\u00f1o optimizado<\/li>\n<li>Base de aluminio<\/li>\n<li>F\u00e1cil instalaci\u00f3n con tecnolog\u00eda push and pull<\/li>\n<\/ul>\n","protected":false},"featured_media":0,"comment_status":"closed","ping_status":"closed","template":"","meta":{"inline_featured_image":false},"product_brand":[],"product_cat":[178],"product_tag":[],"class_list":{"0":"post-16092","1":"product","2":"type-product","3":"status-publish","5":"product_cat-refrigeracion-pt-pt","7":"first","8":"outofstock","9":"taxable","10":"shipping-taxable","11":"purchasable","12":"product-type-simple"},"yoast_head":"<!-- This site is optimized with the Yoast SEO plugin v26.7 - https:\/\/yoast.com\/wordpress\/plugins\/seo\/ -->\n<title>H-120 - Nox-Xtreme<\/title>\n<meta name=\"robots\" content=\"index, follow, max-snippet:-1, max-image-preview:large, max-video-preview:-1\" \/>\n<link rel=\"canonical\" href=\"https:\/\/store.nox-xtreme.com\/pt-pt\/producto\/h-120\/\" \/>\n<meta property=\"og:locale\" content=\"pt_PT\" \/>\n<meta property=\"og:type\" content=\"article\" \/>\n<meta property=\"og:title\" content=\"H-120 - Nox-Xtreme\" \/>\n<meta property=\"og:description\" content=\"Compatible con Intel  Ventilador de 120 mm con LED blanco  Aspas con un dise\u00f1o optimizado  Base de aluminio  F\u00e1cil instalaci\u00f3n con tecnolog\u00eda push and pull\" \/>\n<meta property=\"og:url\" content=\"https:\/\/store.nox-xtreme.com\/pt-pt\/producto\/h-120\/\" \/>\n<meta property=\"og:site_name\" content=\"Nox-Xtreme\" \/>\n<meta property=\"article:modified_time\" content=\"2022-04-07T15:22:49+00:00\" \/>\n<meta name=\"twitter:card\" content=\"summary_large_image\" \/>\n<meta name=\"twitter:label1\" content=\"Tempo estimado de leitura\" \/>\n\t<meta name=\"twitter:data1\" content=\"1 minuto\" \/>\n<script type=\"application\/ld+json\" class=\"yoast-schema-graph\">{\"@context\":\"https:\/\/schema.org\",\"@graph\":[{\"@type\":\"WebPage\",\"@id\":\"https:\/\/store.nox-xtreme.com\/pt-pt\/producto\/h-120\/\",\"url\":\"https:\/\/store.nox-xtreme.com\/pt-pt\/producto\/h-120\/\",\"name\":\"H-120 - Nox-Xtreme\",\"isPartOf\":{\"@id\":\"https:\/\/store.nox-xtreme.com\/#website\"},\"datePublished\":\"2020-09-10T12:26:49+00:00\",\"dateModified\":\"2022-04-07T15:22:49+00:00\",\"breadcrumb\":{\"@id\":\"https:\/\/store.nox-xtreme.com\/pt-pt\/producto\/h-120\/#breadcrumb\"},\"inLanguage\":\"pt-PT\",\"potentialAction\":[{\"@type\":\"ReadAction\",\"target\":[\"https:\/\/store.nox-xtreme.com\/pt-pt\/producto\/h-120\/\"]}]},{\"@type\":\"BreadcrumbList\",\"@id\":\"https:\/\/store.nox-xtreme.com\/pt-pt\/producto\/h-120\/#breadcrumb\",\"itemListElement\":[{\"@type\":\"ListItem\",\"position\":1,\"name\":\"Portada\",\"item\":\"https:\/\/store.nox-xtreme.com\/pt-pt\/\"},{\"@type\":\"ListItem\",\"position\":2,\"name\":\"Productos\",\"item\":\"https:\/\/store.nox-xtreme.com\/shop\/\"},{\"@type\":\"ListItem\",\"position\":3,\"name\":\"H-120\"}]},{\"@type\":\"WebSite\",\"@id\":\"https:\/\/store.nox-xtreme.com\/#website\",\"url\":\"https:\/\/store.nox-xtreme.com\/\",\"name\":\"Nox-Xtreme\",\"description\":\"Boosting You Performance\",\"potentialAction\":[{\"@type\":\"SearchAction\",\"target\":{\"@type\":\"EntryPoint\",\"urlTemplate\":\"https:\/\/store.nox-xtreme.com\/?s={search_term_string}\"},\"query-input\":{\"@type\":\"PropertyValueSpecification\",\"valueRequired\":true,\"valueName\":\"search_term_string\"}}],\"inLanguage\":\"pt-PT\"}]}<\/script>\n<!-- \/ Yoast SEO plugin. -->","yoast_head_json":{"title":"H-120 - Nox-Xtreme","robots":{"index":"index","follow":"follow","max-snippet":"max-snippet:-1","max-image-preview":"max-image-preview:large","max-video-preview":"max-video-preview:-1"},"canonical":"https:\/\/store.nox-xtreme.com\/pt-pt\/producto\/h-120\/","og_locale":"pt_PT","og_type":"article","og_title":"H-120 - Nox-Xtreme","og_description":"Compatible con Intel  Ventilador de 120 mm con LED blanco  Aspas con un dise\u00f1o optimizado  Base de aluminio  F\u00e1cil instalaci\u00f3n con tecnolog\u00eda push and pull","og_url":"https:\/\/store.nox-xtreme.com\/pt-pt\/producto\/h-120\/","og_site_name":"Nox-Xtreme","article_modified_time":"2022-04-07T15:22:49+00:00","twitter_card":"summary_large_image","twitter_misc":{"Tempo estimado de leitura":"1 minuto"},"schema":{"@context":"https:\/\/schema.org","@graph":[{"@type":"WebPage","@id":"https:\/\/store.nox-xtreme.com\/pt-pt\/producto\/h-120\/","url":"https:\/\/store.nox-xtreme.com\/pt-pt\/producto\/h-120\/","name":"H-120 - Nox-Xtreme","isPartOf":{"@id":"https:\/\/store.nox-xtreme.com\/#website"},"datePublished":"2020-09-10T12:26:49+00:00","dateModified":"2022-04-07T15:22:49+00:00","breadcrumb":{"@id":"https:\/\/store.nox-xtreme.com\/pt-pt\/producto\/h-120\/#breadcrumb"},"inLanguage":"pt-PT","potentialAction":[{"@type":"ReadAction","target":["https:\/\/store.nox-xtreme.com\/pt-pt\/producto\/h-120\/"]}]},{"@type":"BreadcrumbList","@id":"https:\/\/store.nox-xtreme.com\/pt-pt\/producto\/h-120\/#breadcrumb","itemListElement":[{"@type":"ListItem","position":1,"name":"Portada","item":"https:\/\/store.nox-xtreme.com\/pt-pt\/"},{"@type":"ListItem","position":2,"name":"Productos","item":"https:\/\/store.nox-xtreme.com\/shop\/"},{"@type":"ListItem","position":3,"name":"H-120"}]},{"@type":"WebSite","@id":"https:\/\/store.nox-xtreme.com\/#website","url":"https:\/\/store.nox-xtreme.com\/","name":"Nox-Xtreme","description":"Boosting You Performance","potentialAction":[{"@type":"SearchAction","target":{"@type":"EntryPoint","urlTemplate":"https:\/\/store.nox-xtreme.com\/?s={search_term_string}"},"query-input":{"@type":"PropertyValueSpecification","valueRequired":true,"valueName":"search_term_string"}}],"inLanguage":"pt-PT"}]}},"_links":{"self":[{"href":"https:\/\/store.nox-xtreme.com\/pt-pt\/wp-json\/wp\/v2\/product\/16092","targetHints":{"allow":["GET"]}}],"collection":[{"href":"https:\/\/store.nox-xtreme.com\/pt-pt\/wp-json\/wp\/v2\/product"}],"about":[{"href":"https:\/\/store.nox-xtreme.com\/pt-pt\/wp-json\/wp\/v2\/types\/product"}],"replies":[{"embeddable":true,"href":"https:\/\/store.nox-xtreme.com\/pt-pt\/wp-json\/wp\/v2\/comments?post=16092"}],"wp:attachment":[{"href":"https:\/\/store.nox-xtreme.com\/pt-pt\/wp-json\/wp\/v2\/media?parent=16092"}],"wp:term":[{"taxonomy":"product_brand","embeddable":true,"href":"https:\/\/store.nox-xtreme.com\/pt-pt\/wp-json\/wp\/v2\/product_brand?post=16092"},{"taxonomy":"product_cat","embeddable":true,"href":"https:\/\/store.nox-xtreme.com\/pt-pt\/wp-json\/wp\/v2\/product_cat?post=16092"},{"taxonomy":"product_tag","embeddable":true,"href":"https:\/\/store.nox-xtreme.com\/pt-pt\/wp-json\/wp\/v2\/product_tag?post=16092"}],"curies":[{"name":"wp","href":"https:\/\/api.w.org\/{rel}","templated":true}]}}