{"id":16091,"date":"2020-09-10T16:26:41","date_gmt":"2020-09-10T12:26:41","guid":{"rendered":"https:\/\/store.nox-xtreme.com\/producto\/h-112\/"},"modified":"2022-03-08T17:10:20","modified_gmt":"2022-03-08T16:10:20","slug":"h-112","status":"publish","type":"product","link":"https:\/\/store.nox-xtreme.com\/pt-pt\/producto\/h-112\/","title":{"rendered":"H-112"},"content":{"rendered":"<h3>H-112<\/h3>\n<p><strong>Nox<\/strong> introduz na sua s\u00e9rie Hummer, o <strong>H-112<\/strong><em> refrigerador, um refrigerador compacto com um <strong>desenho inovador<\/strong><\/em>, perfeito para integrar em equipamento que necessita de refrigera\u00e7\u00e3o extra sem ocupar muito espa\u00e7o.<\/p>\n<h3>Excel\u00eancia em refrigera\u00e7\u00e3o<\/h3>\n<p>O <strong>H-112<\/strong><em> refrigerador apresenta um ventilador de 120mm com <strong>desenho c\u00f3nico<\/strong><\/em> para focalizar o fluxo de ar para arrefecer mais eficientemente o dissipador de calor e outros componentes da placa m\u00e3e.<\/p>\n<h3>Dimens\u00f5es compactas<\/h3>\n<p>Gra\u00e7as ao seu tamanho compacto e altura reduzida, o <strong>H-112<\/strong>* \u00e9 compat\u00edvel com qualquer equipamento ou montagem, permitindo-nos ter um arrefecimento \u00f3ptimo sem qualquer limita\u00e7\u00e3o devido ao tamanho.<\/p>\n<h3>Base em alum\u00ednio<\/h3>\n<p>A base do <strong>H-112<\/strong><em> \u00e9 feita de <strong>alum\u00ednio<\/strong> e est\u00e1 em <strong> contacto directo com o CPU<\/strong><\/em>, o que assegurar\u00e1 o arrefecimento constante do CPU.<\/p>\n<h3>Instala\u00e7\u00e3o<\/h3>\n<p>A <strong>montagem do H-112 \u00e9 bastante simples<\/strong>, pois pode ser instalada em apenas alguns passos f\u00e1ceis. S\u00f3 \u00e9 necess\u00e1rio escolher a tomada de acordo com o sistema, fix\u00e1-la \u00e0 placa e colocar o dissipador de calor com as \u00e2ncoras met\u00e1licas.<\/p>\n","protected":false},"excerpt":{"rendered":"<ul>\n<li>Compat\u00edvel com a Intel &amp; AMD<\/li>\n<li>Ventilador c\u00f3nico de 120mm<\/li>\n<li>Desenho compacto<\/li>\n<li>Base de alum\u00ednio<\/li>\n<li>F\u00e1cil instala\u00e7\u00e3o<\/li>\n<\/ul>\n","protected":false},"featured_media":14575,"comment_status":"closed","ping_status":"closed","template":"","meta":{"inline_featured_image":false},"product_brand":[],"product_cat":[178],"product_tag":[199],"class_list":{"0":"post-16091","1":"product","2":"type-product","3":"status-publish","4":"has-post-thumbnail","6":"product_cat-refrigeracion-pt-pt","7":"product_tag-hummer-pt-pt","9":"first","10":"outofstock","11":"taxable","12":"shipping-taxable","13":"purchasable","14":"product-type-simple"},"yoast_head":"<!-- This site is optimized with the Yoast SEO plugin v26.7 - https:\/\/yoast.com\/wordpress\/plugins\/seo\/ -->\n<title>H-112 - Nox-Xtreme<\/title>\n<meta name=\"robots\" content=\"index, follow, max-snippet:-1, max-image-preview:large, max-video-preview:-1\" \/>\n<link rel=\"canonical\" href=\"https:\/\/store.nox-xtreme.com\/pt-pt\/producto\/h-112\/\" \/>\n<meta property=\"og:locale\" content=\"pt_PT\" \/>\n<meta property=\"og:type\" content=\"article\" \/>\n<meta property=\"og:title\" content=\"H-112 - Nox-Xtreme\" \/>\n<meta property=\"og:description\" content=\"Compat\u00edvel com a Intel &amp; AMDVentilador c\u00f3nico de 120mmDesenho compactoBase de alum\u00ednioF\u00e1cil instala\u00e7\u00e3o\" \/>\n<meta property=\"og:url\" content=\"https:\/\/store.nox-xtreme.com\/pt-pt\/producto\/h-112\/\" \/>\n<meta property=\"og:site_name\" content=\"Nox-Xtreme\" \/>\n<meta property=\"article:modified_time\" content=\"2022-03-08T16:10:20+00:00\" \/>\n<meta name=\"twitter:card\" content=\"summary_large_image\" \/>\n<meta name=\"twitter:label1\" content=\"Tempo estimado de leitura\" \/>\n\t<meta name=\"twitter:data1\" content=\"1 minuto\" \/>\n<script type=\"application\/ld+json\" class=\"yoast-schema-graph\">{\"@context\":\"https:\/\/schema.org\",\"@graph\":[{\"@type\":\"WebPage\",\"@id\":\"https:\/\/store.nox-xtreme.com\/pt-pt\/producto\/h-112\/\",\"url\":\"https:\/\/store.nox-xtreme.com\/pt-pt\/producto\/h-112\/\",\"name\":\"H-112 - Nox-Xtreme\",\"isPartOf\":{\"@id\":\"https:\/\/store.nox-xtreme.com\/#website\"},\"primaryImageOfPage\":{\"@id\":\"https:\/\/store.nox-xtreme.com\/pt-pt\/producto\/h-112\/#primaryimage\"},\"image\":{\"@id\":\"https:\/\/store.nox-xtreme.com\/pt-pt\/producto\/h-112\/#primaryimage\"},\"thumbnailUrl\":\"https:\/\/store.nox-xtreme.com\/wp-content\/uploads\/sites\/2\/2020\/09\/nox_hummer_h-112_1.jpg\",\"datePublished\":\"2020-09-10T12:26:41+00:00\",\"dateModified\":\"2022-03-08T16:10:20+00:00\",\"breadcrumb\":{\"@id\":\"https:\/\/store.nox-xtreme.com\/pt-pt\/producto\/h-112\/#breadcrumb\"},\"inLanguage\":\"pt-PT\",\"potentialAction\":[{\"@type\":\"ReadAction\",\"target\":[\"https:\/\/store.nox-xtreme.com\/pt-pt\/producto\/h-112\/\"]}]},{\"@type\":\"ImageObject\",\"inLanguage\":\"pt-PT\",\"@id\":\"https:\/\/store.nox-xtreme.com\/pt-pt\/producto\/h-112\/#primaryimage\",\"url\":\"https:\/\/store.nox-xtreme.com\/wp-content\/uploads\/sites\/2\/2020\/09\/nox_hummer_h-112_1.jpg\",\"contentUrl\":\"https:\/\/store.nox-xtreme.com\/wp-content\/uploads\/sites\/2\/2020\/09\/nox_hummer_h-112_1.jpg\",\"width\":1049,\"height\":1300},{\"@type\":\"BreadcrumbList\",\"@id\":\"https:\/\/store.nox-xtreme.com\/pt-pt\/producto\/h-112\/#breadcrumb\",\"itemListElement\":[{\"@type\":\"ListItem\",\"position\":1,\"name\":\"Portada\",\"item\":\"https:\/\/store.nox-xtreme.com\/pt-pt\/\"},{\"@type\":\"ListItem\",\"position\":2,\"name\":\"Productos\",\"item\":\"https:\/\/store.nox-xtreme.com\/shop\/\"},{\"@type\":\"ListItem\",\"position\":3,\"name\":\"H-112\"}]},{\"@type\":\"WebSite\",\"@id\":\"https:\/\/store.nox-xtreme.com\/#website\",\"url\":\"https:\/\/store.nox-xtreme.com\/\",\"name\":\"Nox-Xtreme\",\"description\":\"Boosting You Performance\",\"potentialAction\":[{\"@type\":\"SearchAction\",\"target\":{\"@type\":\"EntryPoint\",\"urlTemplate\":\"https:\/\/store.nox-xtreme.com\/?s={search_term_string}\"},\"query-input\":{\"@type\":\"PropertyValueSpecification\",\"valueRequired\":true,\"valueName\":\"search_term_string\"}}],\"inLanguage\":\"pt-PT\"}]}<\/script>\n<!-- \/ Yoast SEO plugin. -->","yoast_head_json":{"title":"H-112 - Nox-Xtreme","robots":{"index":"index","follow":"follow","max-snippet":"max-snippet:-1","max-image-preview":"max-image-preview:large","max-video-preview":"max-video-preview:-1"},"canonical":"https:\/\/store.nox-xtreme.com\/pt-pt\/producto\/h-112\/","og_locale":"pt_PT","og_type":"article","og_title":"H-112 - Nox-Xtreme","og_description":"Compat\u00edvel com a Intel &amp; AMDVentilador c\u00f3nico de 120mmDesenho compactoBase de alum\u00ednioF\u00e1cil instala\u00e7\u00e3o","og_url":"https:\/\/store.nox-xtreme.com\/pt-pt\/producto\/h-112\/","og_site_name":"Nox-Xtreme","article_modified_time":"2022-03-08T16:10:20+00:00","twitter_card":"summary_large_image","twitter_misc":{"Tempo estimado de leitura":"1 minuto"},"schema":{"@context":"https:\/\/schema.org","@graph":[{"@type":"WebPage","@id":"https:\/\/store.nox-xtreme.com\/pt-pt\/producto\/h-112\/","url":"https:\/\/store.nox-xtreme.com\/pt-pt\/producto\/h-112\/","name":"H-112 - Nox-Xtreme","isPartOf":{"@id":"https:\/\/store.nox-xtreme.com\/#website"},"primaryImageOfPage":{"@id":"https:\/\/store.nox-xtreme.com\/pt-pt\/producto\/h-112\/#primaryimage"},"image":{"@id":"https:\/\/store.nox-xtreme.com\/pt-pt\/producto\/h-112\/#primaryimage"},"thumbnailUrl":"https:\/\/store.nox-xtreme.com\/wp-content\/uploads\/sites\/2\/2020\/09\/nox_hummer_h-112_1.jpg","datePublished":"2020-09-10T12:26:41+00:00","dateModified":"2022-03-08T16:10:20+00:00","breadcrumb":{"@id":"https:\/\/store.nox-xtreme.com\/pt-pt\/producto\/h-112\/#breadcrumb"},"inLanguage":"pt-PT","potentialAction":[{"@type":"ReadAction","target":["https:\/\/store.nox-xtreme.com\/pt-pt\/producto\/h-112\/"]}]},{"@type":"ImageObject","inLanguage":"pt-PT","@id":"https:\/\/store.nox-xtreme.com\/pt-pt\/producto\/h-112\/#primaryimage","url":"https:\/\/store.nox-xtreme.com\/wp-content\/uploads\/sites\/2\/2020\/09\/nox_hummer_h-112_1.jpg","contentUrl":"https:\/\/store.nox-xtreme.com\/wp-content\/uploads\/sites\/2\/2020\/09\/nox_hummer_h-112_1.jpg","width":1049,"height":1300},{"@type":"BreadcrumbList","@id":"https:\/\/store.nox-xtreme.com\/pt-pt\/producto\/h-112\/#breadcrumb","itemListElement":[{"@type":"ListItem","position":1,"name":"Portada","item":"https:\/\/store.nox-xtreme.com\/pt-pt\/"},{"@type":"ListItem","position":2,"name":"Productos","item":"https:\/\/store.nox-xtreme.com\/shop\/"},{"@type":"ListItem","position":3,"name":"H-112"}]},{"@type":"WebSite","@id":"https:\/\/store.nox-xtreme.com\/#website","url":"https:\/\/store.nox-xtreme.com\/","name":"Nox-Xtreme","description":"Boosting You Performance","potentialAction":[{"@type":"SearchAction","target":{"@type":"EntryPoint","urlTemplate":"https:\/\/store.nox-xtreme.com\/?s={search_term_string}"},"query-input":{"@type":"PropertyValueSpecification","valueRequired":true,"valueName":"search_term_string"}}],"inLanguage":"pt-PT"}]}},"_links":{"self":[{"href":"https:\/\/store.nox-xtreme.com\/pt-pt\/wp-json\/wp\/v2\/product\/16091","targetHints":{"allow":["GET"]}}],"collection":[{"href":"https:\/\/store.nox-xtreme.com\/pt-pt\/wp-json\/wp\/v2\/product"}],"about":[{"href":"https:\/\/store.nox-xtreme.com\/pt-pt\/wp-json\/wp\/v2\/types\/product"}],"replies":[{"embeddable":true,"href":"https:\/\/store.nox-xtreme.com\/pt-pt\/wp-json\/wp\/v2\/comments?post=16091"}],"wp:featuredmedia":[{"embeddable":true,"href":"https:\/\/store.nox-xtreme.com\/pt-pt\/wp-json\/wp\/v2\/media\/14575"}],"wp:attachment":[{"href":"https:\/\/store.nox-xtreme.com\/pt-pt\/wp-json\/wp\/v2\/media?parent=16091"}],"wp:term":[{"taxonomy":"product_brand","embeddable":true,"href":"https:\/\/store.nox-xtreme.com\/pt-pt\/wp-json\/wp\/v2\/product_brand?post=16091"},{"taxonomy":"product_cat","embeddable":true,"href":"https:\/\/store.nox-xtreme.com\/pt-pt\/wp-json\/wp\/v2\/product_cat?post=16091"},{"taxonomy":"product_tag","embeddable":true,"href":"https:\/\/store.nox-xtreme.com\/pt-pt\/wp-json\/wp\/v2\/product_tag?post=16091"}],"curies":[{"name":"wp","href":"https:\/\/api.w.org\/{rel}","templated":true}]}}