{"id":16085,"date":"2020-09-10T14:25:25","date_gmt":"2020-09-10T12:25:25","guid":{"rendered":"https:\/\/store.nox-xtreme.com\/producto\/coolfan-120\/"},"modified":"2023-09-04T12:13:38","modified_gmt":"2023-09-04T10:13:38","slug":"coolfan-120","status":"publish","type":"product","link":"https:\/\/store.nox-xtreme.com\/pt-pt\/producto\/coolfan-120\/","title":{"rendered":"Coolfan 120 LED"},"content":{"rendered":"<h3>Coolfan 120 LED<\/h3>\n<p>Coolfan ofrece el mejor rendimiento a un bajo nivel sonoro con una est\u00e9tica atractiva e iluminaci\u00f3n LED. Sus aspas trasl\u00facidas dejan pasar la luz de los 4 LEDs que incorpora, adem\u00e1s su sistema de rodamientos Sleeve Bearing proporciona una larga vida \u00fatil al ventilador. Coolfan proporciona un gran flujo de aire para mejorar la eficiencia de nuestro sistema.<\/p>\n<h3>Todo trasl\u00facido<\/h3>\n<p>Haz que el interior de tu PC se ilumine con los 4 LEDs azules que incorpora. Tanto el marco como las aspas son trasl\u00facidas para que dejen pasar la luz, as\u00ed los LEDs crean un efecto de luces que iluminan m\u00e1s y mejor.<\/p>\n<h3>Aspas aerodin\u00e1micas<\/h3>\n<p>Las 9 aspas est\u00e1n dise\u00f1adas para ofrecer una m\u00ednima resistencia al aire y proporcionar el mejor caudal de aire en el interior del equipo para as\u00ed asegurar la durabilidad de todos los componentes.<\/p>\n<h3>Coolfan 120 LED de Coolbay Series<\/h3>\n<p>La serie Coolfan ofrece un rendimiento \u00f3ptimo a un bajo nivel sonoro. La serie est\u00e1 disponible en 4 colores, lo que permite una gran capacidad de personalizaci\u00f3n de la est\u00e9tica del PC.<\/p>\n","protected":false},"excerpt":{"rendered":"<ul>\n<li>9 aspas trasl\u00facidas en color azul<\/li>\n<li>Rodamientos de larga duraci\u00f3n<\/li>\n<li>4 Colores Disponibles<\/li>\n<li>Dise\u00f1o silencioso optimizado<\/li>\n<li>Marco trasl\u00facido negro<\/li>\n<li>Gran flujo de aire para una mejor eficiencia de enfriamiento<\/li>\n<li>Conector 3 y 4 pines<\/li>\n<\/ul>\n","protected":false},"featured_media":14512,"comment_status":"closed","ping_status":"closed","template":"","meta":{"inline_featured_image":false},"product_brand":[],"product_cat":[178],"product_tag":[],"class_list":{"0":"post-16085","1":"product","2":"type-product","3":"status-publish","4":"has-post-thumbnail","6":"product_cat-refrigeracion-pt-pt","8":"first","9":"instock","10":"taxable","11":"shipping-taxable","12":"purchasable","13":"product-type-variable"},"yoast_head":"<!-- This site is optimized with the Yoast SEO plugin v26.7 - https:\/\/yoast.com\/wordpress\/plugins\/seo\/ -->\n<title>Coolfan 120 LED - Nox-Xtreme<\/title>\n<meta name=\"robots\" content=\"index, follow, max-snippet:-1, max-image-preview:large, max-video-preview:-1\" \/>\n<link rel=\"canonical\" href=\"https:\/\/store.nox-xtreme.com\/pt-pt\/producto\/coolfan-120\/\" \/>\n<meta property=\"og:locale\" content=\"pt_PT\" \/>\n<meta property=\"og:type\" content=\"article\" \/>\n<meta property=\"og:title\" content=\"Coolfan 120 LED - Nox-Xtreme\" \/>\n<meta property=\"og:description\" content=\"9 aspas trasl\u00facidas en color azul  Rodamientos de larga duraci\u00f3n  4 Colores Disponibles  Dise\u00f1o silencioso optimizado  Marco trasl\u00facido negro  Gran flujo de aire para una mejor eficiencia de enfriamiento  Conector 3 y 4 pines\" \/>\n<meta property=\"og:url\" content=\"https:\/\/store.nox-xtreme.com\/pt-pt\/producto\/coolfan-120\/\" \/>\n<meta property=\"og:site_name\" content=\"Nox-Xtreme\" \/>\n<meta property=\"article:modified_time\" content=\"2023-09-04T10:13:38+00:00\" \/>\n<meta name=\"twitter:card\" content=\"summary_large_image\" \/>\n<meta name=\"twitter:label1\" content=\"Tempo estimado de leitura\" \/>\n\t<meta name=\"twitter:data1\" content=\"1 minuto\" \/>\n<script type=\"application\/ld+json\" class=\"yoast-schema-graph\">{\"@context\":\"https:\/\/schema.org\",\"@graph\":[{\"@type\":\"WebPage\",\"@id\":\"https:\/\/store.nox-xtreme.com\/pt-pt\/producto\/coolfan-120\/\",\"url\":\"https:\/\/store.nox-xtreme.com\/pt-pt\/producto\/coolfan-120\/\",\"name\":\"Coolfan 120 LED - Nox-Xtreme\",\"isPartOf\":{\"@id\":\"https:\/\/store.nox-xtreme.com\/#website\"},\"primaryImageOfPage\":{\"@id\":\"https:\/\/store.nox-xtreme.com\/pt-pt\/producto\/coolfan-120\/#primaryimage\"},\"image\":{\"@id\":\"https:\/\/store.nox-xtreme.com\/pt-pt\/producto\/coolfan-120\/#primaryimage\"},\"thumbnailUrl\":\"https:\/\/store.nox-xtreme.com\/wp-content\/uploads\/sites\/2\/2020\/09\/nox_coolbay_120_led_blue_1.jpg\",\"datePublished\":\"2020-09-10T12:25:25+00:00\",\"dateModified\":\"2023-09-04T10:13:38+00:00\",\"breadcrumb\":{\"@id\":\"https:\/\/store.nox-xtreme.com\/pt-pt\/producto\/coolfan-120\/#breadcrumb\"},\"inLanguage\":\"pt-PT\",\"potentialAction\":[{\"@type\":\"ReadAction\",\"target\":[\"https:\/\/store.nox-xtreme.com\/pt-pt\/producto\/coolfan-120\/\"]}]},{\"@type\":\"ImageObject\",\"inLanguage\":\"pt-PT\",\"@id\":\"https:\/\/store.nox-xtreme.com\/pt-pt\/producto\/coolfan-120\/#primaryimage\",\"url\":\"https:\/\/store.nox-xtreme.com\/wp-content\/uploads\/sites\/2\/2020\/09\/nox_coolbay_120_led_blue_1.jpg\",\"contentUrl\":\"https:\/\/store.nox-xtreme.com\/wp-content\/uploads\/sites\/2\/2020\/09\/nox_coolbay_120_led_blue_1.jpg\",\"width\":1049,\"height\":1300},{\"@type\":\"BreadcrumbList\",\"@id\":\"https:\/\/store.nox-xtreme.com\/pt-pt\/producto\/coolfan-120\/#breadcrumb\",\"itemListElement\":[{\"@type\":\"ListItem\",\"position\":1,\"name\":\"Portada\",\"item\":\"https:\/\/store.nox-xtreme.com\/pt-pt\/\"},{\"@type\":\"ListItem\",\"position\":2,\"name\":\"Productos\",\"item\":\"https:\/\/store.nox-xtreme.com\/shop\/\"},{\"@type\":\"ListItem\",\"position\":3,\"name\":\"Coolfan 120 LED\"}]},{\"@type\":\"WebSite\",\"@id\":\"https:\/\/store.nox-xtreme.com\/#website\",\"url\":\"https:\/\/store.nox-xtreme.com\/\",\"name\":\"Nox-Xtreme\",\"description\":\"Boosting You Performance\",\"potentialAction\":[{\"@type\":\"SearchAction\",\"target\":{\"@type\":\"EntryPoint\",\"urlTemplate\":\"https:\/\/store.nox-xtreme.com\/?s={search_term_string}\"},\"query-input\":{\"@type\":\"PropertyValueSpecification\",\"valueRequired\":true,\"valueName\":\"search_term_string\"}}],\"inLanguage\":\"pt-PT\"}]}<\/script>\n<!-- \/ Yoast SEO plugin. -->","yoast_head_json":{"title":"Coolfan 120 LED - Nox-Xtreme","robots":{"index":"index","follow":"follow","max-snippet":"max-snippet:-1","max-image-preview":"max-image-preview:large","max-video-preview":"max-video-preview:-1"},"canonical":"https:\/\/store.nox-xtreme.com\/pt-pt\/producto\/coolfan-120\/","og_locale":"pt_PT","og_type":"article","og_title":"Coolfan 120 LED - Nox-Xtreme","og_description":"9 aspas trasl\u00facidas en color azul  Rodamientos de larga duraci\u00f3n  4 Colores Disponibles  Dise\u00f1o silencioso optimizado  Marco trasl\u00facido negro  Gran flujo de aire para una mejor eficiencia de enfriamiento  Conector 3 y 4 pines","og_url":"https:\/\/store.nox-xtreme.com\/pt-pt\/producto\/coolfan-120\/","og_site_name":"Nox-Xtreme","article_modified_time":"2023-09-04T10:13:38+00:00","twitter_card":"summary_large_image","twitter_misc":{"Tempo estimado de leitura":"1 minuto"},"schema":{"@context":"https:\/\/schema.org","@graph":[{"@type":"WebPage","@id":"https:\/\/store.nox-xtreme.com\/pt-pt\/producto\/coolfan-120\/","url":"https:\/\/store.nox-xtreme.com\/pt-pt\/producto\/coolfan-120\/","name":"Coolfan 120 LED - Nox-Xtreme","isPartOf":{"@id":"https:\/\/store.nox-xtreme.com\/#website"},"primaryImageOfPage":{"@id":"https:\/\/store.nox-xtreme.com\/pt-pt\/producto\/coolfan-120\/#primaryimage"},"image":{"@id":"https:\/\/store.nox-xtreme.com\/pt-pt\/producto\/coolfan-120\/#primaryimage"},"thumbnailUrl":"https:\/\/store.nox-xtreme.com\/wp-content\/uploads\/sites\/2\/2020\/09\/nox_coolbay_120_led_blue_1.jpg","datePublished":"2020-09-10T12:25:25+00:00","dateModified":"2023-09-04T10:13:38+00:00","breadcrumb":{"@id":"https:\/\/store.nox-xtreme.com\/pt-pt\/producto\/coolfan-120\/#breadcrumb"},"inLanguage":"pt-PT","potentialAction":[{"@type":"ReadAction","target":["https:\/\/store.nox-xtreme.com\/pt-pt\/producto\/coolfan-120\/"]}]},{"@type":"ImageObject","inLanguage":"pt-PT","@id":"https:\/\/store.nox-xtreme.com\/pt-pt\/producto\/coolfan-120\/#primaryimage","url":"https:\/\/store.nox-xtreme.com\/wp-content\/uploads\/sites\/2\/2020\/09\/nox_coolbay_120_led_blue_1.jpg","contentUrl":"https:\/\/store.nox-xtreme.com\/wp-content\/uploads\/sites\/2\/2020\/09\/nox_coolbay_120_led_blue_1.jpg","width":1049,"height":1300},{"@type":"BreadcrumbList","@id":"https:\/\/store.nox-xtreme.com\/pt-pt\/producto\/coolfan-120\/#breadcrumb","itemListElement":[{"@type":"ListItem","position":1,"name":"Portada","item":"https:\/\/store.nox-xtreme.com\/pt-pt\/"},{"@type":"ListItem","position":2,"name":"Productos","item":"https:\/\/store.nox-xtreme.com\/shop\/"},{"@type":"ListItem","position":3,"name":"Coolfan 120 LED"}]},{"@type":"WebSite","@id":"https:\/\/store.nox-xtreme.com\/#website","url":"https:\/\/store.nox-xtreme.com\/","name":"Nox-Xtreme","description":"Boosting You Performance","potentialAction":[{"@type":"SearchAction","target":{"@type":"EntryPoint","urlTemplate":"https:\/\/store.nox-xtreme.com\/?s={search_term_string}"},"query-input":{"@type":"PropertyValueSpecification","valueRequired":true,"valueName":"search_term_string"}}],"inLanguage":"pt-PT"}]}},"_links":{"self":[{"href":"https:\/\/store.nox-xtreme.com\/pt-pt\/wp-json\/wp\/v2\/product\/16085","targetHints":{"allow":["GET"]}}],"collection":[{"href":"https:\/\/store.nox-xtreme.com\/pt-pt\/wp-json\/wp\/v2\/product"}],"about":[{"href":"https:\/\/store.nox-xtreme.com\/pt-pt\/wp-json\/wp\/v2\/types\/product"}],"replies":[{"embeddable":true,"href":"https:\/\/store.nox-xtreme.com\/pt-pt\/wp-json\/wp\/v2\/comments?post=16085"}],"wp:featuredmedia":[{"embeddable":true,"href":"https:\/\/store.nox-xtreme.com\/pt-pt\/wp-json\/wp\/v2\/media\/14512"}],"wp:attachment":[{"href":"https:\/\/store.nox-xtreme.com\/pt-pt\/wp-json\/wp\/v2\/media?parent=16085"}],"wp:term":[{"taxonomy":"product_brand","embeddable":true,"href":"https:\/\/store.nox-xtreme.com\/pt-pt\/wp-json\/wp\/v2\/product_brand?post=16085"},{"taxonomy":"product_cat","embeddable":true,"href":"https:\/\/store.nox-xtreme.com\/pt-pt\/wp-json\/wp\/v2\/product_cat?post=16085"},{"taxonomy":"product_tag","embeddable":true,"href":"https:\/\/store.nox-xtreme.com\/pt-pt\/wp-json\/wp\/v2\/product_tag?post=16085"}],"curies":[{"name":"wp","href":"https:\/\/api.w.org\/{rel}","templated":true}]}}