{"id":16082,"date":"2020-09-09T16:37:01","date_gmt":"2020-09-09T12:37:01","guid":{"rendered":"https:\/\/store.nox-xtreme.com\/producto\/hummer-quantum\/"},"modified":"2023-09-04T10:33:19","modified_gmt":"2023-09-04T08:33:19","slug":"hummer-quantum","status":"publish","type":"product","link":"https:\/\/store.nox-xtreme.com\/pt-pt\/producto\/hummer-quantum\/","title":{"rendered":"Hummer Quantum"},"content":{"rendered":"<h3>Design com vidro temperado<\/h3>\n<p>Uma torre robusta com um design original e inovador que permite criar efeitos de cor espetaculares gra\u00e7as \u00e0s suas quatro ventoinhas ARGB de 120 mm  e que pode ver em qualquer altura gra\u00e7as ao seu painel lateral de vidro temperado.<\/p>\n<h3>Painel Superior e Acessos<\/h3>\n<p>No painel superior pode controlar a cor das suas ventoinhas al\u00e9m de conectar at\u00e9 3 USB, sendo que possui duas conex\u00f5es 2.0. e 3.0  de alta velocidade e conex\u00f5es de \u00e1udio.<\/p>\n<h3>Op\u00e7\u00f5es de armazenamento<\/h3>\n<p>A Hummer Quantum oferece amplas possibilidades para uma configura\u00e7\u00e3o de alto desempenho. \u00c9 compat\u00edvel com motherboards ATX, Micro ATX e ITX e tem espa\u00e7o suficiente para montar dois HDDs de 3,5 \u201de sete SSDs de 2,5\u201d.<br \/>\nAl\u00e9m disso, para uma configura\u00e7\u00e3o mais organizada, possui um sistema de gest\u00e3o de cabos de 29 mm para uma montagem segura e organizada.<\/p>\n<h3>Refrigera\u00e7\u00e3o<\/h3>\n<p>Uma caixa projetada para instalar diferentes op\u00e7\u00f5es quando se trata de refrigera\u00e7\u00e3o e ventila\u00e7\u00e3o. Permite instalar at\u00e9 6 ventoinhas ARGB : tr\u00eas no painel frontal, inclu\u00eddas, assim como a traseira de 120 mm e adicionalmente possibilidade de instala\u00e7\u00e3o de mais duas no painel superior de 120 ou 140 mm.<br \/>\nDa mesma forma, os sistemas de refrigera\u00e7\u00e3o l\u00edquida com radiadores 240\/280 podem ser instalados no painel frontal e na parte superior e traseira de 120 mm.<\/p>\n<h3>Capacidade Interior<\/h3>\n<p>Hummer Quantum possui um interior espa\u00e7oso que permite a montagem de grandes componentes, como placas gr\u00e1ficas de at\u00e9 325 mm de comprimento e cooler para CPU com altura m\u00e1xima de 168 mm.<\/p>\n","protected":false},"excerpt":{"rendered":"<ul>\n<li>Painel lateral de vidro temperado<\/li>\n<li>4 ventoinhas ARGB de 120 mm pr\u00e9-instaladas<\/li>\n<li>Espa\u00e7o para instalar at\u00e9 6 ventoinhas<\/li>\n<li>Sistema de 29 mm para gerir os cabos<\/li>\n<li>Suporta gr\u00e1ficas de grande dimens\u00e3o<\/li>\n<li>USB 3.0 de alta velocidade<\/li>\n<li>Bot\u00e3o para controlo ARGB<\/li>\n<\/ul>\n","protected":false},"featured_media":14052,"comment_status":"closed","ping_status":"closed","template":"","meta":{"inline_featured_image":false},"product_brand":[],"product_cat":[176],"product_tag":[],"class_list":{"0":"post-16082","1":"product","2":"type-product","3":"status-publish","4":"has-post-thumbnail","6":"product_cat-cajas-pt-pt-2","8":"first","9":"instock","10":"taxable","11":"shipping-taxable","12":"purchasable","13":"product-type-simple"},"yoast_head":"<!-- This site is optimized with the Yoast SEO plugin v26.7 - https:\/\/yoast.com\/wordpress\/plugins\/seo\/ -->\n<title>Hummer Quantum - Nox-Xtreme<\/title>\n<meta name=\"robots\" content=\"index, follow, max-snippet:-1, max-image-preview:large, max-video-preview:-1\" \/>\n<link rel=\"canonical\" href=\"https:\/\/store.nox-xtreme.com\/pt-pt\/producto\/hummer-quantum\/\" \/>\n<meta property=\"og:locale\" content=\"pt_PT\" \/>\n<meta property=\"og:type\" content=\"article\" \/>\n<meta property=\"og:title\" content=\"Hummer Quantum - Nox-Xtreme\" \/>\n<meta property=\"og:description\" content=\"Painel lateral de vidro temperado4 ventoinhas ARGB de 120 mm pr\u00e9-instaladasEspa\u00e7o para instalar at\u00e9 6 ventoinhasSistema de 29 mm para gerir os cabosSuporta gr\u00e1ficas de grande dimens\u00e3oUSB 3.0 de alta velocidadeBot\u00e3o para controlo ARGB\" \/>\n<meta property=\"og:url\" content=\"https:\/\/store.nox-xtreme.com\/pt-pt\/producto\/hummer-quantum\/\" \/>\n<meta property=\"og:site_name\" content=\"Nox-Xtreme\" \/>\n<meta property=\"article:modified_time\" content=\"2023-09-04T08:33:19+00:00\" \/>\n<meta property=\"og:image\" content=\"https:\/\/store.nox-xtreme.com\/wp-content\/uploads\/sites\/2\/2020\/09\/nox_hummer_quantum_1.jpg\" \/>\n\t<meta property=\"og:image:width\" content=\"1049\" \/>\n\t<meta property=\"og:image:height\" content=\"1300\" \/>\n\t<meta property=\"og:image:type\" content=\"image\/jpeg\" \/>\n<meta name=\"twitter:card\" content=\"summary_large_image\" \/>\n<meta name=\"twitter:label1\" content=\"Tempo estimado de leitura\" \/>\n\t<meta name=\"twitter:data1\" content=\"1 minuto\" \/>\n<script type=\"application\/ld+json\" class=\"yoast-schema-graph\">{\"@context\":\"https:\/\/schema.org\",\"@graph\":[{\"@type\":\"WebPage\",\"@id\":\"https:\/\/store.nox-xtreme.com\/pt-pt\/producto\/hummer-quantum\/\",\"url\":\"https:\/\/store.nox-xtreme.com\/pt-pt\/producto\/hummer-quantum\/\",\"name\":\"Hummer Quantum - Nox-Xtreme\",\"isPartOf\":{\"@id\":\"https:\/\/store.nox-xtreme.com\/#website\"},\"primaryImageOfPage\":{\"@id\":\"https:\/\/store.nox-xtreme.com\/pt-pt\/producto\/hummer-quantum\/#primaryimage\"},\"image\":{\"@id\":\"https:\/\/store.nox-xtreme.com\/pt-pt\/producto\/hummer-quantum\/#primaryimage\"},\"thumbnailUrl\":\"https:\/\/store.nox-xtreme.com\/wp-content\/uploads\/sites\/2\/2020\/09\/nox_hummer_quantum_1.jpg\",\"datePublished\":\"2020-09-09T12:37:01+00:00\",\"dateModified\":\"2023-09-04T08:33:19+00:00\",\"breadcrumb\":{\"@id\":\"https:\/\/store.nox-xtreme.com\/pt-pt\/producto\/hummer-quantum\/#breadcrumb\"},\"inLanguage\":\"pt-PT\",\"potentialAction\":[{\"@type\":\"ReadAction\",\"target\":[\"https:\/\/store.nox-xtreme.com\/pt-pt\/producto\/hummer-quantum\/\"]}]},{\"@type\":\"ImageObject\",\"inLanguage\":\"pt-PT\",\"@id\":\"https:\/\/store.nox-xtreme.com\/pt-pt\/producto\/hummer-quantum\/#primaryimage\",\"url\":\"https:\/\/store.nox-xtreme.com\/wp-content\/uploads\/sites\/2\/2020\/09\/nox_hummer_quantum_1.jpg\",\"contentUrl\":\"https:\/\/store.nox-xtreme.com\/wp-content\/uploads\/sites\/2\/2020\/09\/nox_hummer_quantum_1.jpg\",\"width\":1049,\"height\":1300},{\"@type\":\"BreadcrumbList\",\"@id\":\"https:\/\/store.nox-xtreme.com\/pt-pt\/producto\/hummer-quantum\/#breadcrumb\",\"itemListElement\":[{\"@type\":\"ListItem\",\"position\":1,\"name\":\"Portada\",\"item\":\"https:\/\/store.nox-xtreme.com\/pt-pt\/\"},{\"@type\":\"ListItem\",\"position\":2,\"name\":\"Productos\",\"item\":\"https:\/\/store.nox-xtreme.com\/shop\/\"},{\"@type\":\"ListItem\",\"position\":3,\"name\":\"Hummer Quantum\"}]},{\"@type\":\"WebSite\",\"@id\":\"https:\/\/store.nox-xtreme.com\/#website\",\"url\":\"https:\/\/store.nox-xtreme.com\/\",\"name\":\"Nox-Xtreme\",\"description\":\"Boosting You Performance\",\"potentialAction\":[{\"@type\":\"SearchAction\",\"target\":{\"@type\":\"EntryPoint\",\"urlTemplate\":\"https:\/\/store.nox-xtreme.com\/?s={search_term_string}\"},\"query-input\":{\"@type\":\"PropertyValueSpecification\",\"valueRequired\":true,\"valueName\":\"search_term_string\"}}],\"inLanguage\":\"pt-PT\"}]}<\/script>\n<!-- \/ Yoast SEO plugin. -->","yoast_head_json":{"title":"Hummer Quantum - Nox-Xtreme","robots":{"index":"index","follow":"follow","max-snippet":"max-snippet:-1","max-image-preview":"max-image-preview:large","max-video-preview":"max-video-preview:-1"},"canonical":"https:\/\/store.nox-xtreme.com\/pt-pt\/producto\/hummer-quantum\/","og_locale":"pt_PT","og_type":"article","og_title":"Hummer Quantum - Nox-Xtreme","og_description":"Painel lateral de vidro temperado4 ventoinhas ARGB de 120 mm pr\u00e9-instaladasEspa\u00e7o para instalar at\u00e9 6 ventoinhasSistema de 29 mm para gerir os cabosSuporta gr\u00e1ficas de grande dimens\u00e3oUSB 3.0 de alta velocidadeBot\u00e3o para controlo ARGB","og_url":"https:\/\/store.nox-xtreme.com\/pt-pt\/producto\/hummer-quantum\/","og_site_name":"Nox-Xtreme","article_modified_time":"2023-09-04T08:33:19+00:00","og_image":[{"width":1049,"height":1300,"url":"https:\/\/store.nox-xtreme.com\/wp-content\/uploads\/sites\/2\/2020\/09\/nox_hummer_quantum_1.jpg","type":"image\/jpeg"}],"twitter_card":"summary_large_image","twitter_misc":{"Tempo estimado de leitura":"1 minuto"},"schema":{"@context":"https:\/\/schema.org","@graph":[{"@type":"WebPage","@id":"https:\/\/store.nox-xtreme.com\/pt-pt\/producto\/hummer-quantum\/","url":"https:\/\/store.nox-xtreme.com\/pt-pt\/producto\/hummer-quantum\/","name":"Hummer Quantum - Nox-Xtreme","isPartOf":{"@id":"https:\/\/store.nox-xtreme.com\/#website"},"primaryImageOfPage":{"@id":"https:\/\/store.nox-xtreme.com\/pt-pt\/producto\/hummer-quantum\/#primaryimage"},"image":{"@id":"https:\/\/store.nox-xtreme.com\/pt-pt\/producto\/hummer-quantum\/#primaryimage"},"thumbnailUrl":"https:\/\/store.nox-xtreme.com\/wp-content\/uploads\/sites\/2\/2020\/09\/nox_hummer_quantum_1.jpg","datePublished":"2020-09-09T12:37:01+00:00","dateModified":"2023-09-04T08:33:19+00:00","breadcrumb":{"@id":"https:\/\/store.nox-xtreme.com\/pt-pt\/producto\/hummer-quantum\/#breadcrumb"},"inLanguage":"pt-PT","potentialAction":[{"@type":"ReadAction","target":["https:\/\/store.nox-xtreme.com\/pt-pt\/producto\/hummer-quantum\/"]}]},{"@type":"ImageObject","inLanguage":"pt-PT","@id":"https:\/\/store.nox-xtreme.com\/pt-pt\/producto\/hummer-quantum\/#primaryimage","url":"https:\/\/store.nox-xtreme.com\/wp-content\/uploads\/sites\/2\/2020\/09\/nox_hummer_quantum_1.jpg","contentUrl":"https:\/\/store.nox-xtreme.com\/wp-content\/uploads\/sites\/2\/2020\/09\/nox_hummer_quantum_1.jpg","width":1049,"height":1300},{"@type":"BreadcrumbList","@id":"https:\/\/store.nox-xtreme.com\/pt-pt\/producto\/hummer-quantum\/#breadcrumb","itemListElement":[{"@type":"ListItem","position":1,"name":"Portada","item":"https:\/\/store.nox-xtreme.com\/pt-pt\/"},{"@type":"ListItem","position":2,"name":"Productos","item":"https:\/\/store.nox-xtreme.com\/shop\/"},{"@type":"ListItem","position":3,"name":"Hummer Quantum"}]},{"@type":"WebSite","@id":"https:\/\/store.nox-xtreme.com\/#website","url":"https:\/\/store.nox-xtreme.com\/","name":"Nox-Xtreme","description":"Boosting You Performance","potentialAction":[{"@type":"SearchAction","target":{"@type":"EntryPoint","urlTemplate":"https:\/\/store.nox-xtreme.com\/?s={search_term_string}"},"query-input":{"@type":"PropertyValueSpecification","valueRequired":true,"valueName":"search_term_string"}}],"inLanguage":"pt-PT"}]}},"_links":{"self":[{"href":"https:\/\/store.nox-xtreme.com\/pt-pt\/wp-json\/wp\/v2\/product\/16082","targetHints":{"allow":["GET"]}}],"collection":[{"href":"https:\/\/store.nox-xtreme.com\/pt-pt\/wp-json\/wp\/v2\/product"}],"about":[{"href":"https:\/\/store.nox-xtreme.com\/pt-pt\/wp-json\/wp\/v2\/types\/product"}],"replies":[{"embeddable":true,"href":"https:\/\/store.nox-xtreme.com\/pt-pt\/wp-json\/wp\/v2\/comments?post=16082"}],"wp:featuredmedia":[{"embeddable":true,"href":"https:\/\/store.nox-xtreme.com\/pt-pt\/wp-json\/wp\/v2\/media\/14052"}],"wp:attachment":[{"href":"https:\/\/store.nox-xtreme.com\/pt-pt\/wp-json\/wp\/v2\/media?parent=16082"}],"wp:term":[{"taxonomy":"product_brand","embeddable":true,"href":"https:\/\/store.nox-xtreme.com\/pt-pt\/wp-json\/wp\/v2\/product_brand?post=16082"},{"taxonomy":"product_cat","embeddable":true,"href":"https:\/\/store.nox-xtreme.com\/pt-pt\/wp-json\/wp\/v2\/product_cat?post=16082"},{"taxonomy":"product_tag","embeddable":true,"href":"https:\/\/store.nox-xtreme.com\/pt-pt\/wp-json\/wp\/v2\/product_tag?post=16082"}],"curies":[{"name":"wp","href":"https:\/\/api.w.org\/{rel}","templated":true}]}}