{"id":16076,"date":"2020-09-07T14:24:27","date_gmt":"2020-09-09T12:24:27","guid":{"rendered":"https:\/\/store.nox-xtreme.com\/producto\/hummer-80-plus-bronze-750w\/"},"modified":"2025-02-28T17:17:03","modified_gmt":"2025-02-28T16:17:03","slug":"hummer-80-plus-bronze-750w","status":"publish","type":"product","link":"https:\/\/store.nox-xtreme.com\/pt-pt\/producto\/hummer-80-plus-bronze-750w\/","title":{"rendered":"Hummer 80 PLUS Bronze 750W"},"content":{"rendered":"<h3>Hummer 80 PLUS Bronze 750W<\/h3>\n<p>We think Big, we think Hummer. Buscamos a excel\u00eancia e para isso esfor\u00e7amo-nos  para trazer o melhor dos melhores. A s\u00e9rie Hummer redefine o conceito de produtos de alto desempenho e oferece uma nova vis\u00e3o da est\u00e9tica. Eleg\u00e2ncia, preto e branco, desempenho e pre\u00e7o s\u00e3o os padr\u00f5es da s\u00e9rie Hummer.<\/p>\n<p>As fontes de alimenta\u00e7\u00e3o Hummer com certifica\u00e7\u00e3o 80 PLUS Bronze garantem 85% de efici\u00eancia, garantindo perda de energia m\u00ednima. Al\u00e9m disso, grande confiabilidade e flexibilidade s\u00e3o alcan\u00e7adas gra\u00e7as aos seus cabos modular e baixo n\u00edvel de ru\u00eddo. <\/p>\n<p>O sistema de cabos modulares de baixo perfil permite que instale apenas os cabos necess\u00e1rios, economizando espa\u00e7o dentro da caixa e melhorando o fluxo de ar. Inclui uma ventoinha de 140 mm que adapta a  sua velocidade de rota\u00e7\u00e3o \u00e0s necessidades do sistema, reduzindo assim o n\u00edvel de ru\u00eddo. <\/p>\n<p>A superf\u00edcie de textura \u00e1spera em preto d\u00e1 um toque distinto que o diferencia de outras fontes no mercado<\/p>\n<h3>Mais efici\u00eancia<\/h3>\n<p>O certificado 80 PLUS Bronze garante at\u00e9 85% de efici\u00eancia, obtendo assim uma emiss\u00e3o de calor m\u00ednima e um menor custo operacional. Com este tipo de efici\u00eancia  n\u00e3o s\u00f3 economiza energia, mas tamb\u00e9m protege o meio ambiente.<\/p>\n<h3>Ventoinha termo regulada<\/h3>\n<p>Ventoinha de 140 mm que regula a sua velocidade de acordo com a necessidade do sistema para que o n\u00edvel de ru\u00eddo seja reduzido e o fluxo de ar seja otimizado. Design din\u00e2mico de alto desempenho com estilo Hummer com l\u00e2minas brancas.<\/p>\n<h3>Design Elegante<\/h3>\n<p>A superf\u00edcie de textura \u00e1spera em preto d\u00e1 um toque distinto que o diferencia de outras fontes no mercado.<\/p>\n<h3>Qualidade Hummer<\/h3>\n<p>Nox garante a confiabilidade e o desempenho dos componentes usados \u200b\u200bpara oferecer uma fonte mais est\u00e1vel e duradoura com as melhores fun\u00e7\u00f5es de fonte de alimenta\u00e7\u00e3o.<\/p>\n","protected":false},"excerpt":{"rendered":"<ul>\n<li>Certificado 80 PLUS Bronze<\/li>\n<li>Sistema de cabos modular<\/li>\n<li>Compat\u00edvel com ATX12V v2.31, EPS 2.92, ATX12V 2.2 e ATX12V 2.1<\/li>\n<li>Ultra silenciosa<\/li>\n<\/ul>\n","protected":false},"featured_media":16077,"comment_status":"closed","ping_status":"closed","template":"","meta":{"inline_featured_image":false},"product_brand":[],"product_cat":[177],"product_tag":[],"class_list":{"0":"post-16076","1":"product","2":"type-product","3":"status-publish","4":"has-post-thumbnail","6":"product_cat-fuentes-pt-pt","8":"first","9":"outofstock","10":"taxable","11":"shipping-taxable","12":"purchasable","13":"product-type-simple"},"_links":{"self":[{"href":"https:\/\/store.nox-xtreme.com\/pt-pt\/wp-json\/wp\/v2\/product\/16076","targetHints":{"allow":["GET"]}}],"collection":[{"href":"https:\/\/store.nox-xtreme.com\/pt-pt\/wp-json\/wp\/v2\/product"}],"about":[{"href":"https:\/\/store.nox-xtreme.com\/pt-pt\/wp-json\/wp\/v2\/types\/product"}],"replies":[{"embeddable":true,"href":"https:\/\/store.nox-xtreme.com\/pt-pt\/wp-json\/wp\/v2\/comments?post=16076"}],"wp:featuredmedia":[{"embeddable":true,"href":"https:\/\/store.nox-xtreme.com\/pt-pt\/wp-json\/wp\/v2\/media\/16077"}],"wp:attachment":[{"href":"https:\/\/store.nox-xtreme.com\/pt-pt\/wp-json\/wp\/v2\/media?parent=16076"}],"wp:term":[{"taxonomy":"product_brand","embeddable":true,"href":"https:\/\/store.nox-xtreme.com\/pt-pt\/wp-json\/wp\/v2\/product_brand?post=16076"},{"taxonomy":"product_cat","embeddable":true,"href":"https:\/\/store.nox-xtreme.com\/pt-pt\/wp-json\/wp\/v2\/product_cat?post=16076"},{"taxonomy":"product_tag","embeddable":true,"href":"https:\/\/store.nox-xtreme.com\/pt-pt\/wp-json\/wp\/v2\/product_tag?post=16076"}],"curies":[{"name":"wp","href":"https:\/\/api.w.org\/{rel}","templated":true}]}}