{"id":16074,"date":"2020-09-08T16:07:24","date_gmt":"2020-09-08T14:07:24","guid":{"rendered":"https:\/\/store.nox-xtreme.com\/producto\/hummer-tgm\/"},"modified":"2023-08-28T14:13:39","modified_gmt":"2023-08-28T12:13:39","slug":"hummer-tgm","status":"publish","type":"product","link":"https:\/\/store.nox-xtreme.com\/pt-pt\/producto\/hummer-tgm\/","title":{"rendered":"Hummer TGM"},"content":{"rendered":"<h3>Pain\u00e9is laterais e frontais em vidro temperado<\/h3>\n<p>Um design robusto que brilha atrav\u00e9s de sua presen\u00e7a gra\u00e7as aos pain\u00e9is frontais e laterais de vidro temperado que permitem a exibi\u00e7\u00e3o do interior, sendo uma das principais atra\u00e7\u00f5es o espet\u00e1culo de luzes e movimentos das ventoinhas ARGB. A Hummer TGM coloca em destaque os acabamentos elegantes e o alto desempenho de uma das principais linhas de produto da Nox, a Hummer.<\/p>\n<h3>Acabamentos e liga\u00e7\u00f5es<\/h3>\n<p>Uma semi-torre feita de a\u00e7o com pain\u00e9is de vidro temperado que atende \u00e0s exig\u00eancias daqueles que procuram personalidade e desempenho nos seus equipamentos. O painel superior incorpora duas portas USB 2.0, uma porta USB 3.0 e conex\u00f5es de \u00e1udio. Tamb\u00e9m inclui um bot\u00e3o para controlar os modos de ilumina\u00e7\u00e3o RGB do LED frontal e das ventoinhas<\/p>\n<h3>Capacidade interna<\/h3>\n<p>A Hummer TGM \u00e9 compat\u00edvel com as placas ATX, Micro-ATX e mini ITX e, no interior, \u00e9 poss\u00edvel integrar uma configura\u00e7\u00e3o de alto desempenho, pois permite a instala\u00e7\u00e3o de coolers de at\u00e9 150 mm e placas gr\u00e1ficas de at\u00e9 370 mm (at\u00e9 310 mm se instalar sistema de refrigera\u00e7\u00e3o l\u00edquido)<\/p>\n<h3>Op\u00e7\u00f5es de refrigera\u00e7\u00e3o<\/h3>\n<p>Esta caixa foi desenhada para incorporar v\u00e1rios sistemas de refrigera\u00e7\u00e3o: \u00e9 poss\u00edvel instalar at\u00e9 2 ventoinhas de 120 mm na parte superior do chassis, bem como tr\u00eas ventoinhas ARGB de 120 mm (inclu\u00eddas) nas partes frontal e traseira. Adicionalmente, suporta na parte frontal, um sistema de refrigera\u00e7\u00e3o l\u00edquida de 240 mm. <\/p>\n<h3>Capacidade de armazenamento<\/h3>\n<p>Gra\u00e7as ao seu excelente sistema de gest\u00e3o de cabos (23 mm), poder\u00e1 obter uma configura\u00e7\u00e3o limpa e arrumada.Na parte inferior,  possui um compartimento isolado para montar a fonte e os discos r\u00edgidos, impedindo, portanto, a transfer\u00eancia de calor para os outros componentes. Tamb\u00e9m tem capacidade para instalar dois HDDs de 3,5 &quot;na parte inferior e dois SSDs de 2,5&quot; na lateral.<\/p>\n","protected":false},"excerpt":{"rendered":"<ul>\n<li>Pain\u00e9is laterais e frontais em vidro temperado.<\/li>\n<li>Duas entradas USB 2.0, uma 3.0 e hub de \u00e1udio.<\/li>\n<li>Ilumina\u00e7\u00e3o e controlo din\u00e2mico de RGB.<\/li>\n<li>4 ventoinhas ARGB Rainbow inclu\u00eddas.<\/li>\n<li>Possibilidade de instala\u00e7\u00e3o de at\u00e9 6 ventoinhas.<\/li>\n<\/ul>\n","protected":false},"featured_media":14097,"comment_status":"closed","ping_status":"closed","template":"","meta":{"inline_featured_image":false},"product_brand":[],"product_cat":[176],"product_tag":[],"class_list":{"0":"post-16074","1":"product","2":"type-product","3":"status-publish","4":"has-post-thumbnail","6":"product_cat-cajas-pt-pt-2","8":"first","9":"instock","10":"taxable","11":"shipping-taxable","12":"purchasable","13":"product-type-simple"},"_links":{"self":[{"href":"https:\/\/store.nox-xtreme.com\/pt-pt\/wp-json\/wp\/v2\/product\/16074","targetHints":{"allow":["GET"]}}],"collection":[{"href":"https:\/\/store.nox-xtreme.com\/pt-pt\/wp-json\/wp\/v2\/product"}],"about":[{"href":"https:\/\/store.nox-xtreme.com\/pt-pt\/wp-json\/wp\/v2\/types\/product"}],"replies":[{"embeddable":true,"href":"https:\/\/store.nox-xtreme.com\/pt-pt\/wp-json\/wp\/v2\/comments?post=16074"}],"wp:featuredmedia":[{"embeddable":true,"href":"https:\/\/store.nox-xtreme.com\/pt-pt\/wp-json\/wp\/v2\/media\/14097"}],"wp:attachment":[{"href":"https:\/\/store.nox-xtreme.com\/pt-pt\/wp-json\/wp\/v2\/media?parent=16074"}],"wp:term":[{"taxonomy":"product_brand","embeddable":true,"href":"https:\/\/store.nox-xtreme.com\/pt-pt\/wp-json\/wp\/v2\/product_brand?post=16074"},{"taxonomy":"product_cat","embeddable":true,"href":"https:\/\/store.nox-xtreme.com\/pt-pt\/wp-json\/wp\/v2\/product_cat?post=16074"},{"taxonomy":"product_tag","embeddable":true,"href":"https:\/\/store.nox-xtreme.com\/pt-pt\/wp-json\/wp\/v2\/product_tag?post=16074"}],"curies":[{"name":"wp","href":"https:\/\/api.w.org\/{rel}","templated":true}]}}