{"id":16073,"date":"2020-09-07T16:35:44","date_gmt":"2020-09-07T12:35:44","guid":{"rendered":"https:\/\/store.nox-xtreme.com\/producto\/infinity-alpha\/"},"modified":"2022-04-08T12:29:27","modified_gmt":"2022-04-08T10:29:27","slug":"infinity-alpha","status":"publish","type":"product","link":"https:\/\/store.nox-xtreme.com\/pt-pt\/producto\/infinity-alpha\/","title":{"rendered":"Infinity Alpha"},"content":{"rendered":"<h3>Design com vidro temperado<\/h3>\n<p>Um design elegante com linhas LED ARGB no painel frontal que lhe confere um estilo casual e genu\u00edno. A Infinity Alpha perpetua a eleg\u00e2ncia e sobriedade desta gama e combina-a com um lado de vidro temperado para que possa contemplar todos os detalhes de sua configura\u00e7\u00e3o.<\/p>\n<h3>Acabamentos e painel superior<\/h3>\n<p>A Infinity Alpha \u00e9 uma mini torre de a\u00e7o com acabamentos elegantes que a tornam uma excelente op\u00e7\u00e3o para quem procura versatilidade e desempenho na sua configura\u00e7\u00e3o. No painel superior, possui duas entradas USB 2.0, uma USB 3.0, conex\u00f5es de \u00e1udio e um bot\u00e3o para controlar os modos de ilumina\u00e7\u00e3o ARGB. Al\u00e9m disso, incorpora um filtro de p\u00f3 magn\u00e9tico que ajuda a proteger o seu equipamento contra part\u00edculas externas.<\/p>\n<h3>Capacidade interior<\/h3>\n<p>A Infinity Alpha \u00e9 compat\u00edvel com as placas Micro ATX e Mini-ITX e, no interior, \u00e9 poss\u00edvel integrar coolers de at\u00e9 160 mm e gr\u00e1ficas de at\u00e9 355 mm.<\/p>\n<h3>Op\u00e7\u00f5es de refrigera\u00e7\u00e3o<\/h3>\n<p>Para melhorar a ventila\u00e7\u00e3o dos componentes, a Infinity Alpha inclui uma ventoinha ARGB de 120 mm na parte traseira, mas \u00e9 poss\u00edvel instalar at\u00e9 5 ventoinhas adicionais: 3 de 120 mm na frente e duas superiores de 120 ou 140 mm.Tamb\u00e9m \u00e9 compat\u00edvel com sistemas de refrigera\u00e7\u00e3o l\u00edquida, com capacidade de integrar um radiador frontal de 120 ou 240 mm, um radiador superior de 120 ou 240 mm e at\u00e9 um radiador traseiro de 120 mm.<\/p>\n<h3>Capacidade de armazenamento<\/h3>\n<p>Com a Infinity Alpha, pode usufruir de um excelente sistema de gest\u00e3o de cabos (24 mm). Possui tamb\u00e9m um compartimento isolado na parte inferior para montar a fonte e os discos r\u00edgidos, impedindo que o calor seja transferido para os outros componentes. Tem ainda capacidade para instalar dois HDs de 3,5 polegadas na parte inferior e dois SSDs de 2,5 polegadas na lateral.<\/p>\n","protected":false},"excerpt":{"rendered":"<ul>\n<li>Painel lateral de vidro temperado<\/li>\n<li>Ilumina\u00e7\u00e3o din\u00e2mica rainbow ARGB<\/li>\n<li>1 ventoinha ARGB rainbow 120mm inclu\u00edda.<\/li>\n<li>Duas entradas USB 2.0, uma 3.0 e hub de \u00e1udio.<\/li>\n<li>Filtro de p\u00f3, magn\u00e9tico<\/li>\n<li>Possibilidade de instala\u00e7\u00e3o de at\u00e9 6 ventoinhas.<\/li>\n<\/ul>\n","protected":false},"featured_media":14226,"comment_status":"closed","ping_status":"closed","template":"","meta":{"inline_featured_image":false},"product_brand":[],"product_cat":[176],"product_tag":[],"class_list":{"0":"post-16073","1":"product","2":"type-product","3":"status-publish","4":"has-post-thumbnail","6":"product_cat-cajas-pt-pt-2","8":"first","9":"outofstock","10":"taxable","11":"shipping-taxable","12":"purchasable","13":"product-type-simple"},"_links":{"self":[{"href":"https:\/\/store.nox-xtreme.com\/pt-pt\/wp-json\/wp\/v2\/product\/16073","targetHints":{"allow":["GET"]}}],"collection":[{"href":"https:\/\/store.nox-xtreme.com\/pt-pt\/wp-json\/wp\/v2\/product"}],"about":[{"href":"https:\/\/store.nox-xtreme.com\/pt-pt\/wp-json\/wp\/v2\/types\/product"}],"replies":[{"embeddable":true,"href":"https:\/\/store.nox-xtreme.com\/pt-pt\/wp-json\/wp\/v2\/comments?post=16073"}],"wp:featuredmedia":[{"embeddable":true,"href":"https:\/\/store.nox-xtreme.com\/pt-pt\/wp-json\/wp\/v2\/media\/14226"}],"wp:attachment":[{"href":"https:\/\/store.nox-xtreme.com\/pt-pt\/wp-json\/wp\/v2\/media?parent=16073"}],"wp:term":[{"taxonomy":"product_brand","embeddable":true,"href":"https:\/\/store.nox-xtreme.com\/pt-pt\/wp-json\/wp\/v2\/product_brand?post=16073"},{"taxonomy":"product_cat","embeddable":true,"href":"https:\/\/store.nox-xtreme.com\/pt-pt\/wp-json\/wp\/v2\/product_cat?post=16073"},{"taxonomy":"product_tag","embeddable":true,"href":"https:\/\/store.nox-xtreme.com\/pt-pt\/wp-json\/wp\/v2\/product_tag?post=16073"}],"curies":[{"name":"wp","href":"https:\/\/api.w.org\/{rel}","templated":true}]}}