{"id":16066,"date":"2020-09-06T14:27:23","date_gmt":"2020-09-06T12:27:23","guid":{"rendered":"https:\/\/store.nox-xtreme.com\/producto\/nx-650w\/"},"modified":"2022-04-08T14:09:25","modified_gmt":"2022-04-08T12:09:25","slug":"nx-650w","status":"publish","type":"product","link":"https:\/\/store.nox-xtreme.com\/pt-pt\/producto\/nx-650w\/","title":{"rendered":"NX 650W"},"content":{"rendered":"<h3>NX 650W<\/h3>\n<p>A s\u00e9rie NX converte a pot\u00eancia mais extrema num fluxo est\u00e1vel de energia gra\u00e7as, entre outras coisas, ao seu PFC ativo. Inclui uma ventoinha com p\u00e1s vermelhas que ajusta a sua velocidade de acordo com a temperatura dentro da fonte e \u00e9 compat\u00edvel com sistemas multi-gpu como SLI e Crossfire.<\/p>\n<h3>Eficiencia 87%<\/h3>\n<p>Fornece at\u00e9 87% de efici\u00eancia com carga de 20-100% em condi\u00e7\u00f5es padr\u00e3o. Gra\u00e7as a este sistema, a perda de energia ser\u00e1 muito baixa e os custos de eletricidade ser\u00e3o consideravelmente reduzidos. Com este tipo de efici\u00eancia n\u00e3o s\u00f3 economiza energia, mas tamb\u00e9m protege o meio ambiente.<\/p>\n<h3>Ventoinha Ultra Silenciosa<\/h3>\n<p>Ventoinha ultrassilenciosa de 140 mm com rolamentos de esferas para um fluxo de ar perfeito e n\u00edveis de ru\u00eddo extremamente baixos gra\u00e7as \u00e0 sua tecnologia avan\u00e7ada e ao seu design din\u00e2mico e de alto desempenho. \u00c9 de longe a melhor escolha para construir um PC silencioso e tamb\u00e9m \u00e9 uma fonte muito \u00fatil para reduzir o ru\u00eddo ambiente. Com a NX sentir\u00e1 os benef\u00edcios da efici\u00eancia e do sil\u00eancio.<\/p>\n<h3>Componentes de Alta Qualidade<\/h3>\n<p>Para garantir a confiabilidade e o desempenho dos nossos componentes, trabalhamos com os melhores materiais e tecnologia de ponta. O condensador principal de alta qualidade fornece desempenho perfeito operando com caracter\u00edsticas de baixa imped\u00e2ncia. Como resultado, a fonte \u00e9 mais est\u00e1vel, opera por longos per\u00edodos de tempo com excelente precis\u00e3o e melhora as fun\u00e7\u00f5es da fonte de alimenta\u00e7\u00e3o.<\/p>\n","protected":false},"excerpt":{"rendered":"<ul>\n<li>PFC ativo<\/li>\n<li>Compat\u00edvel com SLI e Crossfire<\/li>\n<li>Ventoinha da s\u00e9rie NX de 140 mm<\/li>\n<li>Ultra silenciosa<\/li>\n<li>Multi GPU compat\u00edvel (2 x PCIE)<\/li>\n<\/ul>\n","protected":false},"featured_media":16071,"comment_status":"closed","ping_status":"closed","template":"","meta":{"inline_featured_image":false},"product_brand":[],"product_cat":[177],"product_tag":[],"class_list":{"0":"post-16066","1":"product","2":"type-product","3":"status-publish","4":"has-post-thumbnail","6":"product_cat-fuentes-pt-pt","8":"first","9":"instock","10":"taxable","11":"shipping-taxable","12":"purchasable","13":"product-type-simple"},"_links":{"self":[{"href":"https:\/\/store.nox-xtreme.com\/pt-pt\/wp-json\/wp\/v2\/product\/16066","targetHints":{"allow":["GET"]}}],"collection":[{"href":"https:\/\/store.nox-xtreme.com\/pt-pt\/wp-json\/wp\/v2\/product"}],"about":[{"href":"https:\/\/store.nox-xtreme.com\/pt-pt\/wp-json\/wp\/v2\/types\/product"}],"replies":[{"embeddable":true,"href":"https:\/\/store.nox-xtreme.com\/pt-pt\/wp-json\/wp\/v2\/comments?post=16066"}],"wp:featuredmedia":[{"embeddable":true,"href":"https:\/\/store.nox-xtreme.com\/pt-pt\/wp-json\/wp\/v2\/media\/16071"}],"wp:attachment":[{"href":"https:\/\/store.nox-xtreme.com\/pt-pt\/wp-json\/wp\/v2\/media?parent=16066"}],"wp:term":[{"taxonomy":"product_brand","embeddable":true,"href":"https:\/\/store.nox-xtreme.com\/pt-pt\/wp-json\/wp\/v2\/product_brand?post=16066"},{"taxonomy":"product_cat","embeddable":true,"href":"https:\/\/store.nox-xtreme.com\/pt-pt\/wp-json\/wp\/v2\/product_cat?post=16066"},{"taxonomy":"product_tag","embeddable":true,"href":"https:\/\/store.nox-xtreme.com\/pt-pt\/wp-json\/wp\/v2\/product_tag?post=16066"}],"curies":[{"name":"wp","href":"https:\/\/api.w.org\/{rel}","templated":true}]}}