{"id":16065,"date":"2020-09-06T16:35:18","date_gmt":"2020-09-06T12:35:18","guid":{"rendered":"https:\/\/store.nox-xtreme.com\/producto\/infinity-omega\/"},"modified":"2023-08-28T14:13:40","modified_gmt":"2023-08-28T12:13:40","slug":"infinity-omega","status":"publish","type":"product","link":"https:\/\/store.nox-xtreme.com\/pt-pt\/producto\/infinity-omega\/","title":{"rendered":"Infinity Omega"},"content":{"rendered":"<h3>Design de painel acr\u00edlico<\/h3>\n<p>Dentro da s\u00e9rie Infinity, chega esta semitorre s\u00f3bria e minimalista, com detalhes e acabamentos que lhe conferem uma personalidade forte. Um design elegante composto por um painel frontal de a\u00e7o delimitado no lado direito por um discreto LED ARGB e um painel lateral em acr\u00edlico que permite ver todas as nossas configura\u00e7\u00f5es.<\/p>\n<h3>Acabamentos e painel superior<\/h3>\n<p>No painel superior, tem duas portas USB 2.0, uma porta USB 3.0 e conex\u00f5es de \u00e1udio. Tamb\u00e9m inclui um controlador para as luzes ARGB na parte frontal e para o ventilador traseiro.<\/p>\n<h3>Capacidade interna<\/h3>\n<p>A Infinity Omega \u00e9 compat\u00edvel com as placas ATX, Mini-ATX e ITX e, no interior, \u00e9 poss\u00edvel acomodar uma configura\u00e7\u00e3o de alto desempenho, pois tem capacidade para instalar gr\u00e1ficas at\u00e9 330 mm e coolers de at\u00e9 140 mm.<\/p>\n<h3>Op\u00e7\u00f5es de refrigera\u00e7\u00e3o<\/h3>\n<p>No interior da Infinity Omega, \u00e9 poss\u00edvel instalar at\u00e9 3 ventoinhas de 120mm no painel frontal, al\u00e9m da inclu\u00edda na parte traseira. Suporta ainda refrigera\u00e7\u00e3o l\u00edquida de 120 mm na traseira, ou 240 mm, na frente.<\/p>\n<h3>Capacidade de armazenamento<\/h3>\n<p>A Infinity Omega \u00e9 uma caixa vers\u00e1til com um excelente sistema de gest\u00e3o de cabos (25 mm). Temtamb\u00e9m  capacidade para instalar  uma fonte de at\u00e9 160 mm num compartimento isolado e montar dois HDD de 3,5 polegadas na parte inferior e dois SSD de 2,5 polegadas na lateral.<\/p>\n","protected":false},"excerpt":{"rendered":"<ul>\n<li>Painel lateral em acr\u00edlico<\/li>\n<li>Ilumina\u00e7\u00e3o e controlo RGB<\/li>\n<li>Duas entradas USB 2.0, uma 3.0 e hub de \u00e1udio.<\/li>\n<li>1 ventoinha ARGB de 120 mm inclu\u00edda<\/li>\n<li>Possibilidade de instalar at\u00e9 4 ventoinhas<\/li>\n<\/ul>\n","protected":false},"featured_media":14271,"comment_status":"closed","ping_status":"closed","template":"","meta":{"inline_featured_image":false},"product_brand":[],"product_cat":[176],"product_tag":[],"class_list":{"0":"post-16065","1":"product","2":"type-product","3":"status-publish","4":"has-post-thumbnail","6":"product_cat-cajas-pt-pt-2","8":"first","9":"outofstock","10":"taxable","11":"shipping-taxable","12":"purchasable","13":"product-type-simple"},"_links":{"self":[{"href":"https:\/\/store.nox-xtreme.com\/pt-pt\/wp-json\/wp\/v2\/product\/16065","targetHints":{"allow":["GET"]}}],"collection":[{"href":"https:\/\/store.nox-xtreme.com\/pt-pt\/wp-json\/wp\/v2\/product"}],"about":[{"href":"https:\/\/store.nox-xtreme.com\/pt-pt\/wp-json\/wp\/v2\/types\/product"}],"replies":[{"embeddable":true,"href":"https:\/\/store.nox-xtreme.com\/pt-pt\/wp-json\/wp\/v2\/comments?post=16065"}],"wp:featuredmedia":[{"embeddable":true,"href":"https:\/\/store.nox-xtreme.com\/pt-pt\/wp-json\/wp\/v2\/media\/14271"}],"wp:attachment":[{"href":"https:\/\/store.nox-xtreme.com\/pt-pt\/wp-json\/wp\/v2\/media?parent=16065"}],"wp:term":[{"taxonomy":"product_brand","embeddable":true,"href":"https:\/\/store.nox-xtreme.com\/pt-pt\/wp-json\/wp\/v2\/product_brand?post=16065"},{"taxonomy":"product_cat","embeddable":true,"href":"https:\/\/store.nox-xtreme.com\/pt-pt\/wp-json\/wp\/v2\/product_cat?post=16065"},{"taxonomy":"product_tag","embeddable":true,"href":"https:\/\/store.nox-xtreme.com\/pt-pt\/wp-json\/wp\/v2\/product_tag?post=16065"}],"curies":[{"name":"wp","href":"https:\/\/api.w.org\/{rel}","templated":true}]}}