{"id":16064,"date":"2020-09-05T16:33:30","date_gmt":"2020-09-05T12:33:30","guid":{"rendered":"https:\/\/store.nox-xtreme.com\/producto\/infinity-sigma\/"},"modified":"2022-04-08T12:32:58","modified_gmt":"2022-04-08T10:32:58","slug":"infinity-sigma","status":"publish","type":"product","link":"https:\/\/store.nox-xtreme.com\/pt-pt\/producto\/infinity-sigma\/","title":{"rendered":"Infinity SIGMA"},"content":{"rendered":"<h3>Design com vidro temperado<\/h3>\n<p>Infinity Sigma \u00e9 uma semitorre de excelentes acabamentos e extenso desempenho interno. O seu frontal tem duas faixas de LED RGB que percorrem os lados de cima para baixo, caracter\u00edsticas da s\u00e9rie Infinity.<\/p>\n<h3>Acabamentos e interfaces<\/h3>\n<p>A parte frontal do Infinity Sigma incorpora duas portas USB 2.0, duas portas USB 3.0, conex\u00f5es de \u00e1udio, um bot\u00e3o para controlar o RGB do painel frontal e outro para controlar a velocidade das ventoinhas.<\/p>\n<h3>Op\u00e7\u00f5es de refrigera\u00e7\u00e3o<\/h3>\n<p>Infinity Sigma permite instalar sistemas de refrigera\u00e7\u00e3o l\u00edquida com radiadores de 240\/280 mm no painel frontal, ou 120 \/140 mm no painel traseiro.<\/p>\n<h3>Sistema de ventila\u00e7\u00e3o<\/h3>\n<p>Para refrescar com efici\u00eancia todos os componentes da sua configura\u00e7\u00e3o, a Infinity Sigma tem capacidade para instalar at\u00e9 seis ventoinhas, tr\u00eas de 120 mm ou duas de 140 mm no painel frontal, duas de 120 mm ou duas de 140 mm no painel superior , al\u00e9m da ventoinha traseira de 120 mm com RGB Rainbow inclu\u00edda no painel traseiro.<\/p>\n<h3>Espa\u00e7o de armazenamento<\/h3>\n<p>Infinity Sigma inclui  v\u00e1rias op\u00e7\u00f5es de armazenamento, permitindo instalar dois HDDs de 3,5 &quot;na parte inferior e dois SSDs de 2,5&quot; na lateral.<\/p>\n<h3>Instala\u00e7\u00e3o e montagem<\/h3>\n<p>O interior espa\u00e7oso permite uma montagem limpa, eficiente e confort\u00e1vel. Por um lado, porque possui um compartimento inferior para a fonte e os discos r\u00edgidos, que al\u00e9m de uma montagem limpa, permitem manter a temperatura dentro do PC em n\u00edveis ideais. Por outro lado, a Infinity Sigma tem espa\u00e7o suficiente no interior para tornar a montagem confort\u00e1vel e gerir toda a cablagem de maneira ordenada, contribuindo novamente para melhorar o fluxo de ar dentro do PC.<\/p>\n","protected":false},"excerpt":{"rendered":"<ul>\n<li>Painel lateral de vidro temperado<\/li>\n<li>Ventoinha pr\u00e9-instalada RGB Rainbow de 120 mm<\/li>\n<li>Faixas de LED no painel frontal<\/li>\n<li>Filtro magn\u00e9tico anti-p\u00f3 no painel superior<\/li>\n<\/ul>\n","protected":false},"featured_media":14286,"comment_status":"closed","ping_status":"closed","template":"","meta":{"inline_featured_image":false},"product_brand":[],"product_cat":[176],"product_tag":[],"class_list":{"0":"post-16064","1":"product","2":"type-product","3":"status-publish","4":"has-post-thumbnail","6":"product_cat-cajas-pt-pt-2","8":"first","9":"outofstock","10":"taxable","11":"shipping-taxable","12":"purchasable","13":"product-type-simple"},"yoast_head":"<!-- This site is optimized with the Yoast SEO plugin v26.7 - https:\/\/yoast.com\/wordpress\/plugins\/seo\/ -->\n<title>Infinity SIGMA - Nox-Xtreme<\/title>\n<meta name=\"robots\" content=\"index, follow, max-snippet:-1, max-image-preview:large, max-video-preview:-1\" \/>\n<link rel=\"canonical\" href=\"https:\/\/store.nox-xtreme.com\/pt-pt\/producto\/infinity-sigma\/\" \/>\n<meta property=\"og:locale\" content=\"pt_PT\" \/>\n<meta property=\"og:type\" content=\"article\" \/>\n<meta property=\"og:title\" content=\"Infinity SIGMA - Nox-Xtreme\" \/>\n<meta property=\"og:description\" content=\"Painel lateral de vidro temperadoVentoinha pr\u00e9-instalada RGB Rainbow de 120 mmFaixas de LED no painel frontalFiltro magn\u00e9tico anti-p\u00f3 no painel superior\" \/>\n<meta property=\"og:url\" content=\"https:\/\/store.nox-xtreme.com\/pt-pt\/producto\/infinity-sigma\/\" \/>\n<meta property=\"og:site_name\" content=\"Nox-Xtreme\" \/>\n<meta property=\"article:modified_time\" content=\"2022-04-08T10:32:58+00:00\" \/>\n<meta property=\"og:image\" content=\"https:\/\/store.nox-xtreme.com\/wp-content\/uploads\/sites\/2\/2020\/09\/nox_infinity_sigma_1.jpg\" \/>\n\t<meta property=\"og:image:width\" content=\"1049\" \/>\n\t<meta property=\"og:image:height\" content=\"1300\" \/>\n\t<meta property=\"og:image:type\" content=\"image\/jpeg\" \/>\n<meta name=\"twitter:card\" content=\"summary_large_image\" \/>\n<meta name=\"twitter:label1\" content=\"Tempo estimado de leitura\" \/>\n\t<meta name=\"twitter:data1\" content=\"1 minuto\" \/>\n<script type=\"application\/ld+json\" class=\"yoast-schema-graph\">{\"@context\":\"https:\/\/schema.org\",\"@graph\":[{\"@type\":\"WebPage\",\"@id\":\"https:\/\/store.nox-xtreme.com\/pt-pt\/producto\/infinity-sigma\/\",\"url\":\"https:\/\/store.nox-xtreme.com\/pt-pt\/producto\/infinity-sigma\/\",\"name\":\"Infinity SIGMA - Nox-Xtreme\",\"isPartOf\":{\"@id\":\"https:\/\/store.nox-xtreme.com\/#website\"},\"primaryImageOfPage\":{\"@id\":\"https:\/\/store.nox-xtreme.com\/pt-pt\/producto\/infinity-sigma\/#primaryimage\"},\"image\":{\"@id\":\"https:\/\/store.nox-xtreme.com\/pt-pt\/producto\/infinity-sigma\/#primaryimage\"},\"thumbnailUrl\":\"https:\/\/store.nox-xtreme.com\/wp-content\/uploads\/sites\/2\/2020\/09\/nox_infinity_sigma_1.jpg\",\"datePublished\":\"2020-09-05T12:33:30+00:00\",\"dateModified\":\"2022-04-08T10:32:58+00:00\",\"breadcrumb\":{\"@id\":\"https:\/\/store.nox-xtreme.com\/pt-pt\/producto\/infinity-sigma\/#breadcrumb\"},\"inLanguage\":\"pt-PT\",\"potentialAction\":[{\"@type\":\"ReadAction\",\"target\":[\"https:\/\/store.nox-xtreme.com\/pt-pt\/producto\/infinity-sigma\/\"]}]},{\"@type\":\"ImageObject\",\"inLanguage\":\"pt-PT\",\"@id\":\"https:\/\/store.nox-xtreme.com\/pt-pt\/producto\/infinity-sigma\/#primaryimage\",\"url\":\"https:\/\/store.nox-xtreme.com\/wp-content\/uploads\/sites\/2\/2020\/09\/nox_infinity_sigma_1.jpg\",\"contentUrl\":\"https:\/\/store.nox-xtreme.com\/wp-content\/uploads\/sites\/2\/2020\/09\/nox_infinity_sigma_1.jpg\",\"width\":1049,\"height\":1300},{\"@type\":\"BreadcrumbList\",\"@id\":\"https:\/\/store.nox-xtreme.com\/pt-pt\/producto\/infinity-sigma\/#breadcrumb\",\"itemListElement\":[{\"@type\":\"ListItem\",\"position\":1,\"name\":\"Portada\",\"item\":\"https:\/\/store.nox-xtreme.com\/pt-pt\/\"},{\"@type\":\"ListItem\",\"position\":2,\"name\":\"Productos\",\"item\":\"https:\/\/store.nox-xtreme.com\/shop\/\"},{\"@type\":\"ListItem\",\"position\":3,\"name\":\"Infinity SIGMA\"}]},{\"@type\":\"WebSite\",\"@id\":\"https:\/\/store.nox-xtreme.com\/#website\",\"url\":\"https:\/\/store.nox-xtreme.com\/\",\"name\":\"Nox-Xtreme\",\"description\":\"Boosting You Performance\",\"potentialAction\":[{\"@type\":\"SearchAction\",\"target\":{\"@type\":\"EntryPoint\",\"urlTemplate\":\"https:\/\/store.nox-xtreme.com\/?s={search_term_string}\"},\"query-input\":{\"@type\":\"PropertyValueSpecification\",\"valueRequired\":true,\"valueName\":\"search_term_string\"}}],\"inLanguage\":\"pt-PT\"}]}<\/script>\n<!-- \/ Yoast SEO plugin. -->","yoast_head_json":{"title":"Infinity SIGMA - Nox-Xtreme","robots":{"index":"index","follow":"follow","max-snippet":"max-snippet:-1","max-image-preview":"max-image-preview:large","max-video-preview":"max-video-preview:-1"},"canonical":"https:\/\/store.nox-xtreme.com\/pt-pt\/producto\/infinity-sigma\/","og_locale":"pt_PT","og_type":"article","og_title":"Infinity SIGMA - Nox-Xtreme","og_description":"Painel lateral de vidro temperadoVentoinha pr\u00e9-instalada RGB Rainbow de 120 mmFaixas de LED no painel frontalFiltro magn\u00e9tico anti-p\u00f3 no painel superior","og_url":"https:\/\/store.nox-xtreme.com\/pt-pt\/producto\/infinity-sigma\/","og_site_name":"Nox-Xtreme","article_modified_time":"2022-04-08T10:32:58+00:00","og_image":[{"width":1049,"height":1300,"url":"https:\/\/store.nox-xtreme.com\/wp-content\/uploads\/sites\/2\/2020\/09\/nox_infinity_sigma_1.jpg","type":"image\/jpeg"}],"twitter_card":"summary_large_image","twitter_misc":{"Tempo estimado de leitura":"1 minuto"},"schema":{"@context":"https:\/\/schema.org","@graph":[{"@type":"WebPage","@id":"https:\/\/store.nox-xtreme.com\/pt-pt\/producto\/infinity-sigma\/","url":"https:\/\/store.nox-xtreme.com\/pt-pt\/producto\/infinity-sigma\/","name":"Infinity SIGMA - Nox-Xtreme","isPartOf":{"@id":"https:\/\/store.nox-xtreme.com\/#website"},"primaryImageOfPage":{"@id":"https:\/\/store.nox-xtreme.com\/pt-pt\/producto\/infinity-sigma\/#primaryimage"},"image":{"@id":"https:\/\/store.nox-xtreme.com\/pt-pt\/producto\/infinity-sigma\/#primaryimage"},"thumbnailUrl":"https:\/\/store.nox-xtreme.com\/wp-content\/uploads\/sites\/2\/2020\/09\/nox_infinity_sigma_1.jpg","datePublished":"2020-09-05T12:33:30+00:00","dateModified":"2022-04-08T10:32:58+00:00","breadcrumb":{"@id":"https:\/\/store.nox-xtreme.com\/pt-pt\/producto\/infinity-sigma\/#breadcrumb"},"inLanguage":"pt-PT","potentialAction":[{"@type":"ReadAction","target":["https:\/\/store.nox-xtreme.com\/pt-pt\/producto\/infinity-sigma\/"]}]},{"@type":"ImageObject","inLanguage":"pt-PT","@id":"https:\/\/store.nox-xtreme.com\/pt-pt\/producto\/infinity-sigma\/#primaryimage","url":"https:\/\/store.nox-xtreme.com\/wp-content\/uploads\/sites\/2\/2020\/09\/nox_infinity_sigma_1.jpg","contentUrl":"https:\/\/store.nox-xtreme.com\/wp-content\/uploads\/sites\/2\/2020\/09\/nox_infinity_sigma_1.jpg","width":1049,"height":1300},{"@type":"BreadcrumbList","@id":"https:\/\/store.nox-xtreme.com\/pt-pt\/producto\/infinity-sigma\/#breadcrumb","itemListElement":[{"@type":"ListItem","position":1,"name":"Portada","item":"https:\/\/store.nox-xtreme.com\/pt-pt\/"},{"@type":"ListItem","position":2,"name":"Productos","item":"https:\/\/store.nox-xtreme.com\/shop\/"},{"@type":"ListItem","position":3,"name":"Infinity SIGMA"}]},{"@type":"WebSite","@id":"https:\/\/store.nox-xtreme.com\/#website","url":"https:\/\/store.nox-xtreme.com\/","name":"Nox-Xtreme","description":"Boosting You Performance","potentialAction":[{"@type":"SearchAction","target":{"@type":"EntryPoint","urlTemplate":"https:\/\/store.nox-xtreme.com\/?s={search_term_string}"},"query-input":{"@type":"PropertyValueSpecification","valueRequired":true,"valueName":"search_term_string"}}],"inLanguage":"pt-PT"}]}},"_links":{"self":[{"href":"https:\/\/store.nox-xtreme.com\/pt-pt\/wp-json\/wp\/v2\/product\/16064","targetHints":{"allow":["GET"]}}],"collection":[{"href":"https:\/\/store.nox-xtreme.com\/pt-pt\/wp-json\/wp\/v2\/product"}],"about":[{"href":"https:\/\/store.nox-xtreme.com\/pt-pt\/wp-json\/wp\/v2\/types\/product"}],"replies":[{"embeddable":true,"href":"https:\/\/store.nox-xtreme.com\/pt-pt\/wp-json\/wp\/v2\/comments?post=16064"}],"wp:featuredmedia":[{"embeddable":true,"href":"https:\/\/store.nox-xtreme.com\/pt-pt\/wp-json\/wp\/v2\/media\/14286"}],"wp:attachment":[{"href":"https:\/\/store.nox-xtreme.com\/pt-pt\/wp-json\/wp\/v2\/media?parent=16064"}],"wp:term":[{"taxonomy":"product_brand","embeddable":true,"href":"https:\/\/store.nox-xtreme.com\/pt-pt\/wp-json\/wp\/v2\/product_brand?post=16064"},{"taxonomy":"product_cat","embeddable":true,"href":"https:\/\/store.nox-xtreme.com\/pt-pt\/wp-json\/wp\/v2\/product_cat?post=16064"},{"taxonomy":"product_tag","embeddable":true,"href":"https:\/\/store.nox-xtreme.com\/pt-pt\/wp-json\/wp\/v2\/product_tag?post=16064"}],"curies":[{"name":"wp","href":"https:\/\/api.w.org\/{rel}","templated":true}]}}