{"id":16057,"date":"2020-09-04T16:31:28","date_gmt":"2020-09-04T12:31:28","guid":{"rendered":"https:\/\/store.nox-xtreme.com\/producto\/hummer-fusion\/"},"modified":"2022-04-01T10:00:20","modified_gmt":"2022-04-01T08:00:20","slug":"hummer-fusion","status":"publish","type":"product","link":"https:\/\/store.nox-xtreme.com\/pt-pt\/producto\/hummer-fusion\/","title":{"rendered":"Hummer Fusion"},"content":{"rendered":"<h3>Design<\/h3>\n<p>Hummer Fusion leva a ilumina\u00e7\u00e3o um passo adiante. A sua frente tem acabamentos de malha e LEDs RGB Rainbow, juntamente com uma ventoinha traseira RGB, s\u00e3o a combina\u00e7\u00e3o perfeita para configurar um atraente equipamento de alto desempenho.Al\u00e9m disso, a lateral de vidro temperado oferece uma vis\u00e3o ampla do interior do seu PC e de todos os seus componentes.<\/p>\n<h3>Interfaces e painel frontal<\/h3>\n<p>O painel superior da Hummer Fusion possui duas conex\u00f5es USB 2.0, duas USB 3.0 de alta velocidade, controlador de velocidade da ventoinha e conex\u00f5es de \u00e1udio.<\/p>\n<h3>Capacidade interna<\/h3>\n<p>Dentro da Hummer Fusion, podemos acomodar uma configura\u00e7\u00e3o de alto desempenho, com capacidade para gr\u00e1ficas de at\u00e9 370 mm de comprimento e coolers de uma altura m\u00e1xima de 179 mm. Tamb\u00e9m tem espa\u00e7o para gest\u00e3o de cabos, e assim, conseguir uma montagem limpa mantendo um fluxo de ar adequado dentro da caixa.<\/p>\n<h3>Refrigera\u00e7\u00e3o<\/h3>\n<p>A Hummer Fusion foi projetada para acomodar sistemas de refrigera\u00e7\u00e3o l\u00edquida. Um no painel frontal, com 240 mm ou 280 mm, um no painel traseiro de 120 mm ou 240 mm, e um no painel superior de 240 ou 280 mm. Possui um compartimento para isolar a fonte e os discos r\u00edgidos do restante dos componentes, impedindo que o calor libertado passe para o restante do equipamento.<\/p>\n<h3>Sistema de ventila\u00e7\u00e3o<\/h3>\n<p>Hummer Fusion possui um sistema de ventila\u00e7\u00e3o completo. \u00c9 poss\u00edvel instalar at\u00e9 6 ventoinhas. Tr\u00eas 120 mm ou duas 140 mm no painel frontal, duas de 120 mm ou 140 mm no painel superior, al\u00e9m da inclu\u00edda de 120 mm, no painel traseiro, com ilumina\u00e7\u00e3o  RGB Rainbow LED.<\/p>\n<h3>Capacidade de armazenamento<\/h3>\n<p>Para completar a sua configura\u00e7\u00e3o, a Hummer Fusion tem espa\u00e7o para montar  dois HDDs de 3,5  na parte inferior do compartimento e  dois SSDs de 2,5&quot; na lateral.<\/p>\n","protected":false},"excerpt":{"rendered":"<ul>\n<li>Painel lateral de vidro temperado<\/li>\n<li>Tiras de LED RGB Rainbow (superior e frontal)<\/li>\n<li>Ventoinha pr\u00e9-instalada RGB Rainbow de 120 mm<\/li>\n<li>Espa\u00e7o para instalar at\u00e9 6 ventoinhas<\/li>\n<\/ul>\n","protected":false},"featured_media":14853,"comment_status":"closed","ping_status":"closed","template":"","meta":{"inline_featured_image":false},"product_brand":[],"product_cat":[176],"product_tag":[199],"class_list":{"0":"post-16057","1":"product","2":"type-product","3":"status-publish","4":"has-post-thumbnail","6":"product_cat-cajas-pt-pt-2","7":"product_tag-hummer-pt-pt","9":"first","10":"outofstock","11":"taxable","12":"shipping-taxable","13":"purchasable","14":"product-type-simple"},"yoast_head":"<!-- This site is optimized with the Yoast SEO plugin v26.7 - https:\/\/yoast.com\/wordpress\/plugins\/seo\/ -->\n<title>Hummer Fusion - Nox-Xtreme<\/title>\n<meta name=\"robots\" content=\"index, follow, max-snippet:-1, max-image-preview:large, max-video-preview:-1\" \/>\n<link rel=\"canonical\" href=\"https:\/\/store.nox-xtreme.com\/pt-pt\/producto\/hummer-fusion\/\" \/>\n<meta property=\"og:locale\" content=\"pt_PT\" \/>\n<meta property=\"og:type\" content=\"article\" \/>\n<meta property=\"og:title\" content=\"Hummer Fusion - Nox-Xtreme\" \/>\n<meta property=\"og:description\" content=\"Painel lateral de vidro temperadoTiras de LED RGB Rainbow (superior e frontal)Ventoinha pr\u00e9-instalada RGB Rainbow de 120 mmEspa\u00e7o para instalar at\u00e9 6 ventoinhas\" \/>\n<meta property=\"og:url\" content=\"https:\/\/store.nox-xtreme.com\/pt-pt\/producto\/hummer-fusion\/\" \/>\n<meta property=\"og:site_name\" content=\"Nox-Xtreme\" \/>\n<meta property=\"article:modified_time\" content=\"2022-04-01T08:00:20+00:00\" \/>\n<meta property=\"og:image\" content=\"https:\/\/store.nox-xtreme.com\/wp-content\/uploads\/sites\/2\/2020\/09\/nox_hummer_fussion_1-1.jpg\" \/>\n\t<meta property=\"og:image:width\" content=\"1049\" \/>\n\t<meta property=\"og:image:height\" content=\"1300\" \/>\n\t<meta property=\"og:image:type\" content=\"image\/jpeg\" \/>\n<meta name=\"twitter:card\" content=\"summary_large_image\" \/>\n<meta name=\"twitter:label1\" content=\"Tempo estimado de leitura\" \/>\n\t<meta name=\"twitter:data1\" content=\"1 minuto\" \/>\n<script type=\"application\/ld+json\" class=\"yoast-schema-graph\">{\"@context\":\"https:\/\/schema.org\",\"@graph\":[{\"@type\":\"WebPage\",\"@id\":\"https:\/\/store.nox-xtreme.com\/pt-pt\/producto\/hummer-fusion\/\",\"url\":\"https:\/\/store.nox-xtreme.com\/pt-pt\/producto\/hummer-fusion\/\",\"name\":\"Hummer Fusion - Nox-Xtreme\",\"isPartOf\":{\"@id\":\"https:\/\/store.nox-xtreme.com\/#website\"},\"primaryImageOfPage\":{\"@id\":\"https:\/\/store.nox-xtreme.com\/pt-pt\/producto\/hummer-fusion\/#primaryimage\"},\"image\":{\"@id\":\"https:\/\/store.nox-xtreme.com\/pt-pt\/producto\/hummer-fusion\/#primaryimage\"},\"thumbnailUrl\":\"https:\/\/store.nox-xtreme.com\/wp-content\/uploads\/sites\/2\/2020\/09\/nox_hummer_fussion_1-1.jpg\",\"datePublished\":\"2020-09-04T12:31:28+00:00\",\"dateModified\":\"2022-04-01T08:00:20+00:00\",\"breadcrumb\":{\"@id\":\"https:\/\/store.nox-xtreme.com\/pt-pt\/producto\/hummer-fusion\/#breadcrumb\"},\"inLanguage\":\"pt-PT\",\"potentialAction\":[{\"@type\":\"ReadAction\",\"target\":[\"https:\/\/store.nox-xtreme.com\/pt-pt\/producto\/hummer-fusion\/\"]}]},{\"@type\":\"ImageObject\",\"inLanguage\":\"pt-PT\",\"@id\":\"https:\/\/store.nox-xtreme.com\/pt-pt\/producto\/hummer-fusion\/#primaryimage\",\"url\":\"https:\/\/store.nox-xtreme.com\/wp-content\/uploads\/sites\/2\/2020\/09\/nox_hummer_fussion_1-1.jpg\",\"contentUrl\":\"https:\/\/store.nox-xtreme.com\/wp-content\/uploads\/sites\/2\/2020\/09\/nox_hummer_fussion_1-1.jpg\",\"width\":1049,\"height\":1300},{\"@type\":\"BreadcrumbList\",\"@id\":\"https:\/\/store.nox-xtreme.com\/pt-pt\/producto\/hummer-fusion\/#breadcrumb\",\"itemListElement\":[{\"@type\":\"ListItem\",\"position\":1,\"name\":\"Portada\",\"item\":\"https:\/\/store.nox-xtreme.com\/pt-pt\/\"},{\"@type\":\"ListItem\",\"position\":2,\"name\":\"Productos\",\"item\":\"https:\/\/store.nox-xtreme.com\/shop\/\"},{\"@type\":\"ListItem\",\"position\":3,\"name\":\"Hummer Fusion\"}]},{\"@type\":\"WebSite\",\"@id\":\"https:\/\/store.nox-xtreme.com\/#website\",\"url\":\"https:\/\/store.nox-xtreme.com\/\",\"name\":\"Nox-Xtreme\",\"description\":\"Boosting You Performance\",\"potentialAction\":[{\"@type\":\"SearchAction\",\"target\":{\"@type\":\"EntryPoint\",\"urlTemplate\":\"https:\/\/store.nox-xtreme.com\/?s={search_term_string}\"},\"query-input\":{\"@type\":\"PropertyValueSpecification\",\"valueRequired\":true,\"valueName\":\"search_term_string\"}}],\"inLanguage\":\"pt-PT\"}]}<\/script>\n<!-- \/ Yoast SEO plugin. -->","yoast_head_json":{"title":"Hummer Fusion - Nox-Xtreme","robots":{"index":"index","follow":"follow","max-snippet":"max-snippet:-1","max-image-preview":"max-image-preview:large","max-video-preview":"max-video-preview:-1"},"canonical":"https:\/\/store.nox-xtreme.com\/pt-pt\/producto\/hummer-fusion\/","og_locale":"pt_PT","og_type":"article","og_title":"Hummer Fusion - Nox-Xtreme","og_description":"Painel lateral de vidro temperadoTiras de LED RGB Rainbow (superior e frontal)Ventoinha pr\u00e9-instalada RGB Rainbow de 120 mmEspa\u00e7o para instalar at\u00e9 6 ventoinhas","og_url":"https:\/\/store.nox-xtreme.com\/pt-pt\/producto\/hummer-fusion\/","og_site_name":"Nox-Xtreme","article_modified_time":"2022-04-01T08:00:20+00:00","og_image":[{"width":1049,"height":1300,"url":"https:\/\/store.nox-xtreme.com\/wp-content\/uploads\/sites\/2\/2020\/09\/nox_hummer_fussion_1-1.jpg","type":"image\/jpeg"}],"twitter_card":"summary_large_image","twitter_misc":{"Tempo estimado de leitura":"1 minuto"},"schema":{"@context":"https:\/\/schema.org","@graph":[{"@type":"WebPage","@id":"https:\/\/store.nox-xtreme.com\/pt-pt\/producto\/hummer-fusion\/","url":"https:\/\/store.nox-xtreme.com\/pt-pt\/producto\/hummer-fusion\/","name":"Hummer Fusion - Nox-Xtreme","isPartOf":{"@id":"https:\/\/store.nox-xtreme.com\/#website"},"primaryImageOfPage":{"@id":"https:\/\/store.nox-xtreme.com\/pt-pt\/producto\/hummer-fusion\/#primaryimage"},"image":{"@id":"https:\/\/store.nox-xtreme.com\/pt-pt\/producto\/hummer-fusion\/#primaryimage"},"thumbnailUrl":"https:\/\/store.nox-xtreme.com\/wp-content\/uploads\/sites\/2\/2020\/09\/nox_hummer_fussion_1-1.jpg","datePublished":"2020-09-04T12:31:28+00:00","dateModified":"2022-04-01T08:00:20+00:00","breadcrumb":{"@id":"https:\/\/store.nox-xtreme.com\/pt-pt\/producto\/hummer-fusion\/#breadcrumb"},"inLanguage":"pt-PT","potentialAction":[{"@type":"ReadAction","target":["https:\/\/store.nox-xtreme.com\/pt-pt\/producto\/hummer-fusion\/"]}]},{"@type":"ImageObject","inLanguage":"pt-PT","@id":"https:\/\/store.nox-xtreme.com\/pt-pt\/producto\/hummer-fusion\/#primaryimage","url":"https:\/\/store.nox-xtreme.com\/wp-content\/uploads\/sites\/2\/2020\/09\/nox_hummer_fussion_1-1.jpg","contentUrl":"https:\/\/store.nox-xtreme.com\/wp-content\/uploads\/sites\/2\/2020\/09\/nox_hummer_fussion_1-1.jpg","width":1049,"height":1300},{"@type":"BreadcrumbList","@id":"https:\/\/store.nox-xtreme.com\/pt-pt\/producto\/hummer-fusion\/#breadcrumb","itemListElement":[{"@type":"ListItem","position":1,"name":"Portada","item":"https:\/\/store.nox-xtreme.com\/pt-pt\/"},{"@type":"ListItem","position":2,"name":"Productos","item":"https:\/\/store.nox-xtreme.com\/shop\/"},{"@type":"ListItem","position":3,"name":"Hummer Fusion"}]},{"@type":"WebSite","@id":"https:\/\/store.nox-xtreme.com\/#website","url":"https:\/\/store.nox-xtreme.com\/","name":"Nox-Xtreme","description":"Boosting You Performance","potentialAction":[{"@type":"SearchAction","target":{"@type":"EntryPoint","urlTemplate":"https:\/\/store.nox-xtreme.com\/?s={search_term_string}"},"query-input":{"@type":"PropertyValueSpecification","valueRequired":true,"valueName":"search_term_string"}}],"inLanguage":"pt-PT"}]}},"_links":{"self":[{"href":"https:\/\/store.nox-xtreme.com\/pt-pt\/wp-json\/wp\/v2\/product\/16057","targetHints":{"allow":["GET"]}}],"collection":[{"href":"https:\/\/store.nox-xtreme.com\/pt-pt\/wp-json\/wp\/v2\/product"}],"about":[{"href":"https:\/\/store.nox-xtreme.com\/pt-pt\/wp-json\/wp\/v2\/types\/product"}],"replies":[{"embeddable":true,"href":"https:\/\/store.nox-xtreme.com\/pt-pt\/wp-json\/wp\/v2\/comments?post=16057"}],"wp:featuredmedia":[{"embeddable":true,"href":"https:\/\/store.nox-xtreme.com\/pt-pt\/wp-json\/wp\/v2\/media\/14853"}],"wp:attachment":[{"href":"https:\/\/store.nox-xtreme.com\/pt-pt\/wp-json\/wp\/v2\/media?parent=16057"}],"wp:term":[{"taxonomy":"product_brand","embeddable":true,"href":"https:\/\/store.nox-xtreme.com\/pt-pt\/wp-json\/wp\/v2\/product_brand?post=16057"},{"taxonomy":"product_cat","embeddable":true,"href":"https:\/\/store.nox-xtreme.com\/pt-pt\/wp-json\/wp\/v2\/product_cat?post=16057"},{"taxonomy":"product_tag","embeddable":true,"href":"https:\/\/store.nox-xtreme.com\/pt-pt\/wp-json\/wp\/v2\/product_tag?post=16057"}],"curies":[{"name":"wp","href":"https:\/\/api.w.org\/{rel}","templated":true}]}}