{"id":16056,"date":"2020-09-15T16:37:21","date_gmt":"2020-09-15T14:37:21","guid":{"rendered":"https:\/\/store.nox-xtreme.com\/producto\/hummer-void\/"},"modified":"2025-10-23T11:39:01","modified_gmt":"2025-10-23T09:39:01","slug":"hummer-void","status":"publish","type":"product","link":"https:\/\/store.nox-xtreme.com\/pt-pt\/producto\/hummer-void\/","title":{"rendered":"Hummer Void"},"content":{"rendered":"<h3>Design<\/h3>\n<p>O Hummer Void \u00e9 uma torre m\u00e9dia com design elegante e minimalista, t\u00edpico da linha Hummer, dotada de grande flexibilidade para ser compat\u00edvel com configura\u00e7\u00f5es de alto desempenho. Possui pain\u00e9is laterais, frontal e superior com amortecimento de ru\u00eddo para que possa desfrutar das configura\u00e7\u00f5es mais potentes em sil\u00eancio.<\/p>\n<h3>Painel frontal e acessos<\/h3>\n<p>No painel superior encontrar\u00e1 o controlador das ventoinhas, as conex\u00f5es de \u00e1udio e as portas USB: duas conex\u00f5es USB 2.0 e uma USB 3.0.<\/p>\n<h3>Op\u00e7\u00f5es de armazenamento<\/h3>\n<p>Um chassi que oferece v\u00e1rias op\u00e7\u00f5es na hora de montar uma configura\u00e7\u00e3o de alto desempenho. No interior, poder\u00e1 instalar dois HDDs de 3,5 na parte inferior e , e dois SSDs de 2,5\u201d na lateral.<\/p>\n<p>Tamb\u00e9m possui um sistema de 21 mm para organizar os cabos  e, assim, obter uma configura\u00e7\u00e3o limpa e ordenada, enquanto mant\u00e9m o fluxo de ar ideal no interior.<\/p>\n<h3>Refrigera\u00e7\u00e3o<\/h3>\n<p>Hummer Void permite planear um sistema de refrigera\u00e7\u00e3o e ventila\u00e7\u00e3o gra\u00e7as \u00e0s diferentes op\u00e7\u00f5es oferecidas por esta caixa. Permite instalar  at\u00e9 6 ventoinhas: tr\u00eas ventoinhas de 120 mm no painel frontal, incluindo duas ou duas ventoinhas de 140 mm e uma ventoinha traseira de 120 mm, tamb\u00e9m inclu\u00edda.<\/p>\n<p>Al\u00e9m disso, permite instalar sistemas de refrigera\u00e7\u00e3o l\u00edquida com radiadores de at\u00e9 240 e 280 mm no painel frontal  e 120 mm no painel traseiro , de modo que um fluxo de ar ideal seja mais do que garantido.<\/p>\n<h3>Capacidade Interior<\/h3>\n<p>Este chassis robusto mas compacto tem espa\u00e7o interior suficiente para montar diferentes componentes: suporta gr\u00e1ficas at\u00e9 320 mm de comprimento e coolers com altura m\u00e1xima de 154 mm .<\/p>\n","protected":false},"excerpt":{"rendered":"<ul>\n<li>Pain\u00e9is com cancelamento ac\u00fastico<\/li>\n<li>Controlo PWM de ventoinhas<\/li>\n<li>Capacidade de at\u00e9 6 ventoinhas (3 de 120 mm inclu\u00eddas)<\/li>\n<li>Porta USB 3.0. De alta velocidade<\/li>\n<li>Sistema de 21 mm para organiza\u00e7\u00e3o dos cabos<\/li>\n<\/ul>\n","protected":false},"featured_media":14127,"comment_status":"closed","ping_status":"closed","template":"","meta":{"inline_featured_image":false},"product_brand":[],"product_cat":[176],"product_tag":[199],"class_list":{"0":"post-16056","1":"product","2":"type-product","3":"status-publish","4":"has-post-thumbnail","6":"product_cat-cajas-pt-pt-2","7":"product_tag-hummer-pt-pt","9":"first","10":"instock","11":"taxable","12":"shipping-taxable","13":"purchasable","14":"product-type-simple"},"_links":{"self":[{"href":"https:\/\/store.nox-xtreme.com\/pt-pt\/wp-json\/wp\/v2\/product\/16056","targetHints":{"allow":["GET"]}}],"collection":[{"href":"https:\/\/store.nox-xtreme.com\/pt-pt\/wp-json\/wp\/v2\/product"}],"about":[{"href":"https:\/\/store.nox-xtreme.com\/pt-pt\/wp-json\/wp\/v2\/types\/product"}],"replies":[{"embeddable":true,"href":"https:\/\/store.nox-xtreme.com\/pt-pt\/wp-json\/wp\/v2\/comments?post=16056"}],"wp:featuredmedia":[{"embeddable":true,"href":"https:\/\/store.nox-xtreme.com\/pt-pt\/wp-json\/wp\/v2\/media\/14127"}],"wp:attachment":[{"href":"https:\/\/store.nox-xtreme.com\/pt-pt\/wp-json\/wp\/v2\/media?parent=16056"}],"wp:term":[{"taxonomy":"product_brand","embeddable":true,"href":"https:\/\/store.nox-xtreme.com\/pt-pt\/wp-json\/wp\/v2\/product_brand?post=16056"},{"taxonomy":"product_cat","embeddable":true,"href":"https:\/\/store.nox-xtreme.com\/pt-pt\/wp-json\/wp\/v2\/product_cat?post=16056"},{"taxonomy":"product_tag","embeddable":true,"href":"https:\/\/store.nox-xtreme.com\/pt-pt\/wp-json\/wp\/v2\/product_tag?post=16056"}],"curies":[{"name":"wp","href":"https:\/\/api.w.org\/{rel}","templated":true}]}}