{"id":16050,"date":"2020-09-16T14:33:08","date_gmt":"2020-09-16T12:33:08","guid":{"rendered":"https:\/\/store.nox-xtreme.com\/producto\/hummer_x700w_80_plus_bronze\/"},"modified":"2022-04-08T13:11:28","modified_gmt":"2022-04-08T11:11:28","slug":"hummer_x700w_80_plus_bronze","status":"publish","type":"product","link":"https:\/\/store.nox-xtreme.com\/pt-pt\/producto\/hummer_x700w_80_plus_bronze\/","title":{"rendered":"HUMMER X 700W 80 PLUS BRONZE"},"content":{"rendered":"<h3>HUMMER X 700W &#8211; EDI\u00c7\u00c3O BRONZE<\/h3>\n<p>Os acabamentos premium da Hummer X 700W Bronze mostram a qualidade dos componentes que poder\u00e1 tamb\u00e9m encontrar no interior: Cabos planos extra longos para uma fonte semi-modular que possui o certificado 80 + Bronze e que garante o uso de 85% da energia quando o PC est\u00e1 em desempenho m\u00e1ximo.<\/p>\n<h3>CERTIFICADO 80+ BRONZE<\/h3>\n<p>A efici\u00eancia energ\u00e9tica \u00e9 a carta de apresenta\u00e7\u00e3o mais importante de uma fonte de alimenta\u00e7\u00e3o, e a Hummer X 700W possui a certifica\u00e7\u00e3o 80+ Bronze que garante 80% de efici\u00eancia de energia quando a fonte est\u00e1 na capacidade m\u00e1xima. Como resultado desse recurso, o ru\u00eddo proveniente e a temperatura sempre ser\u00e3o mantidos a um n\u00edvel ideal, afetando tamb\u00e9m a efici\u00eancia energ\u00e9tica do seu dispositivo e evitando consumo desnecess\u00e1rio.<\/p>\n<h3>VENTOINHA ULTRA SILENCIOSA<\/h3>\n<p>As fontes da gama Hummer X possuem uma ventoinha de 120 mm controlada termicamente, ou seja, s\u00f3 funcionar\u00e1 com a pot\u00eancia m\u00e1xima, se necess\u00e1rio. Dessa forma, a fonte estar\u00e1 sempre na temperatura ideal, garantindo um som baixo. Seu design \u00e9 funcional e din\u00e2mico, para obter a m\u00e1xima dissipa\u00e7\u00e3o de calor e desempenho perfeito.<\/p>\n<h3>ALTAS POSSIBILIDADES DE MONTAGEM E GRANDE DESEMPENHO<\/h3>\n<p>Existem muitas vantagens em ter uma fonte semi-modular, principalmente conforto. Se somarmos a isso que os seus cabos s\u00e3o planos e extra longos, estamos a falar de uma fonte com uma adaptabilidade muito alta que nos permitir\u00e1 uma montagem limpa e eficiente. Tamb\u00e9m possui prote\u00e7\u00f5es OVP, SCP, OPP, SIP e UVP e condensadores taiwaneses certificados.<\/p>\n","protected":false},"excerpt":{"rendered":"<ul>\n<li>Certificado 80 PLUS Bronze<\/li>\n<li>Ventoinha ultra silenciosa de 120 mm<\/li>\n<li>Compat\u00edvel com ATX12V v2.31<\/li>\n<li>Prote\u00e7\u00f5es OVP, SCP, OPP, SIP, UVP<\/li>\n<li>Condensadores taiwaneses certificados<\/li>\n<\/ul>\n","protected":false},"featured_media":0,"comment_status":"closed","ping_status":"closed","template":"","meta":{"inline_featured_image":false},"product_brand":[],"product_cat":[177],"product_tag":[],"class_list":{"0":"post-16050","1":"product","2":"type-product","3":"status-publish","5":"product_cat-fuentes-pt-pt","7":"first","8":"outofstock","9":"taxable","10":"shipping-taxable","11":"purchasable","12":"product-type-simple"},"yoast_head":"<!-- This site is optimized with the Yoast SEO plugin v26.7 - https:\/\/yoast.com\/wordpress\/plugins\/seo\/ -->\n<title>HUMMER X 700W 80 PLUS BRONZE - Nox-Xtreme<\/title>\n<meta name=\"robots\" content=\"index, follow, max-snippet:-1, max-image-preview:large, max-video-preview:-1\" \/>\n<link rel=\"canonical\" href=\"https:\/\/store.nox-xtreme.com\/pt-pt\/producto\/hummer_x700w_80_plus_bronze\/\" \/>\n<meta property=\"og:locale\" content=\"pt_PT\" \/>\n<meta property=\"og:type\" content=\"article\" \/>\n<meta property=\"og:title\" content=\"HUMMER X 700W 80 PLUS BRONZE - Nox-Xtreme\" \/>\n<meta property=\"og:description\" content=\"Certificado 80 PLUS BronzeVentoinha ultra silenciosa de 120 mmCompat\u00edvel com ATX12V v2.31Prote\u00e7\u00f5es OVP, SCP, OPP, SIP, UVPCondensadores taiwaneses certificados\" \/>\n<meta property=\"og:url\" content=\"https:\/\/store.nox-xtreme.com\/pt-pt\/producto\/hummer_x700w_80_plus_bronze\/\" \/>\n<meta property=\"og:site_name\" content=\"Nox-Xtreme\" \/>\n<meta property=\"article:modified_time\" content=\"2022-04-08T11:11:28+00:00\" \/>\n<meta name=\"twitter:card\" content=\"summary_large_image\" \/>\n<meta name=\"twitter:label1\" content=\"Tempo estimado de leitura\" \/>\n\t<meta name=\"twitter:data1\" content=\"1 minuto\" \/>\n<script type=\"application\/ld+json\" class=\"yoast-schema-graph\">{\"@context\":\"https:\/\/schema.org\",\"@graph\":[{\"@type\":\"WebPage\",\"@id\":\"https:\/\/store.nox-xtreme.com\/pt-pt\/producto\/hummer_x700w_80_plus_bronze\/\",\"url\":\"https:\/\/store.nox-xtreme.com\/pt-pt\/producto\/hummer_x700w_80_plus_bronze\/\",\"name\":\"HUMMER X 700W 80 PLUS BRONZE - Nox-Xtreme\",\"isPartOf\":{\"@id\":\"https:\/\/store.nox-xtreme.com\/#website\"},\"datePublished\":\"2020-09-16T12:33:08+00:00\",\"dateModified\":\"2022-04-08T11:11:28+00:00\",\"breadcrumb\":{\"@id\":\"https:\/\/store.nox-xtreme.com\/pt-pt\/producto\/hummer_x700w_80_plus_bronze\/#breadcrumb\"},\"inLanguage\":\"pt-PT\",\"potentialAction\":[{\"@type\":\"ReadAction\",\"target\":[\"https:\/\/store.nox-xtreme.com\/pt-pt\/producto\/hummer_x700w_80_plus_bronze\/\"]}]},{\"@type\":\"BreadcrumbList\",\"@id\":\"https:\/\/store.nox-xtreme.com\/pt-pt\/producto\/hummer_x700w_80_plus_bronze\/#breadcrumb\",\"itemListElement\":[{\"@type\":\"ListItem\",\"position\":1,\"name\":\"Portada\",\"item\":\"https:\/\/store.nox-xtreme.com\/pt-pt\/\"},{\"@type\":\"ListItem\",\"position\":2,\"name\":\"Productos\",\"item\":\"https:\/\/store.nox-xtreme.com\/shop\/\"},{\"@type\":\"ListItem\",\"position\":3,\"name\":\"HUMMER X 700W 80 PLUS BRONZE\"}]},{\"@type\":\"WebSite\",\"@id\":\"https:\/\/store.nox-xtreme.com\/#website\",\"url\":\"https:\/\/store.nox-xtreme.com\/\",\"name\":\"Nox-Xtreme\",\"description\":\"Boosting You Performance\",\"potentialAction\":[{\"@type\":\"SearchAction\",\"target\":{\"@type\":\"EntryPoint\",\"urlTemplate\":\"https:\/\/store.nox-xtreme.com\/?s={search_term_string}\"},\"query-input\":{\"@type\":\"PropertyValueSpecification\",\"valueRequired\":true,\"valueName\":\"search_term_string\"}}],\"inLanguage\":\"pt-PT\"}]}<\/script>\n<!-- \/ Yoast SEO plugin. -->","yoast_head_json":{"title":"HUMMER X 700W 80 PLUS BRONZE - Nox-Xtreme","robots":{"index":"index","follow":"follow","max-snippet":"max-snippet:-1","max-image-preview":"max-image-preview:large","max-video-preview":"max-video-preview:-1"},"canonical":"https:\/\/store.nox-xtreme.com\/pt-pt\/producto\/hummer_x700w_80_plus_bronze\/","og_locale":"pt_PT","og_type":"article","og_title":"HUMMER X 700W 80 PLUS BRONZE - Nox-Xtreme","og_description":"Certificado 80 PLUS BronzeVentoinha ultra silenciosa de 120 mmCompat\u00edvel com ATX12V v2.31Prote\u00e7\u00f5es OVP, SCP, OPP, SIP, UVPCondensadores taiwaneses certificados","og_url":"https:\/\/store.nox-xtreme.com\/pt-pt\/producto\/hummer_x700w_80_plus_bronze\/","og_site_name":"Nox-Xtreme","article_modified_time":"2022-04-08T11:11:28+00:00","twitter_card":"summary_large_image","twitter_misc":{"Tempo estimado de leitura":"1 minuto"},"schema":{"@context":"https:\/\/schema.org","@graph":[{"@type":"WebPage","@id":"https:\/\/store.nox-xtreme.com\/pt-pt\/producto\/hummer_x700w_80_plus_bronze\/","url":"https:\/\/store.nox-xtreme.com\/pt-pt\/producto\/hummer_x700w_80_plus_bronze\/","name":"HUMMER X 700W 80 PLUS BRONZE - Nox-Xtreme","isPartOf":{"@id":"https:\/\/store.nox-xtreme.com\/#website"},"datePublished":"2020-09-16T12:33:08+00:00","dateModified":"2022-04-08T11:11:28+00:00","breadcrumb":{"@id":"https:\/\/store.nox-xtreme.com\/pt-pt\/producto\/hummer_x700w_80_plus_bronze\/#breadcrumb"},"inLanguage":"pt-PT","potentialAction":[{"@type":"ReadAction","target":["https:\/\/store.nox-xtreme.com\/pt-pt\/producto\/hummer_x700w_80_plus_bronze\/"]}]},{"@type":"BreadcrumbList","@id":"https:\/\/store.nox-xtreme.com\/pt-pt\/producto\/hummer_x700w_80_plus_bronze\/#breadcrumb","itemListElement":[{"@type":"ListItem","position":1,"name":"Portada","item":"https:\/\/store.nox-xtreme.com\/pt-pt\/"},{"@type":"ListItem","position":2,"name":"Productos","item":"https:\/\/store.nox-xtreme.com\/shop\/"},{"@type":"ListItem","position":3,"name":"HUMMER X 700W 80 PLUS BRONZE"}]},{"@type":"WebSite","@id":"https:\/\/store.nox-xtreme.com\/#website","url":"https:\/\/store.nox-xtreme.com\/","name":"Nox-Xtreme","description":"Boosting You Performance","potentialAction":[{"@type":"SearchAction","target":{"@type":"EntryPoint","urlTemplate":"https:\/\/store.nox-xtreme.com\/?s={search_term_string}"},"query-input":{"@type":"PropertyValueSpecification","valueRequired":true,"valueName":"search_term_string"}}],"inLanguage":"pt-PT"}]}},"_links":{"self":[{"href":"https:\/\/store.nox-xtreme.com\/pt-pt\/wp-json\/wp\/v2\/product\/16050","targetHints":{"allow":["GET"]}}],"collection":[{"href":"https:\/\/store.nox-xtreme.com\/pt-pt\/wp-json\/wp\/v2\/product"}],"about":[{"href":"https:\/\/store.nox-xtreme.com\/pt-pt\/wp-json\/wp\/v2\/types\/product"}],"replies":[{"embeddable":true,"href":"https:\/\/store.nox-xtreme.com\/pt-pt\/wp-json\/wp\/v2\/comments?post=16050"}],"wp:attachment":[{"href":"https:\/\/store.nox-xtreme.com\/pt-pt\/wp-json\/wp\/v2\/media?parent=16050"}],"wp:term":[{"taxonomy":"product_brand","embeddable":true,"href":"https:\/\/store.nox-xtreme.com\/pt-pt\/wp-json\/wp\/v2\/product_brand?post=16050"},{"taxonomy":"product_cat","embeddable":true,"href":"https:\/\/store.nox-xtreme.com\/pt-pt\/wp-json\/wp\/v2\/product_cat?post=16050"},{"taxonomy":"product_tag","embeddable":true,"href":"https:\/\/store.nox-xtreme.com\/pt-pt\/wp-json\/wp\/v2\/product_tag?post=16050"}],"curies":[{"name":"wp","href":"https:\/\/api.w.org\/{rel}","templated":true}]}}