{"id":16049,"date":"2020-09-16T14:34:40","date_gmt":"2020-09-16T14:34:40","guid":{"rendered":"https:\/\/store.nox-xtreme.com\/producto\/65w\/"},"modified":"2022-04-07T17:59:18","modified_gmt":"2022-04-07T15:59:18","slug":"65w","status":"publish","type":"product","link":"https:\/\/store.nox-xtreme.com\/pt-pt\/producto\/65w\/","title":{"rendered":"65W"},"content":{"rendered":"<h3>Elevada compatibilidade<\/h3>\n<p>Na Nox, n\u00e3o queremos que  fique sem bateria inesperadamente, por isso projetamos este carregador port\u00e1til universal com  regula\u00e7\u00e3o autom\u00e1tica de tens\u00e3o. Inclui 10 conectores diferentes:  15V (Toshiba), 16V (IBM), 16V (Sony, Fujitsu), 18,5V (Compaq), 18,5V (HP, Compaq) 19V (Acer, Asus, Compaq Dell, Fujitsu, Gateway, Toshiba, Lenovo, Liteon), 19V (Samsung), 19V (Acer, Compaq, HP, Fujitsu, Gateway, Toshiba, Liteon), 19,5V (Sony), 20V (Lenovo), abrangendo a maioria das principais marcas de port\u00e1teis do mercado.<\/p>\n<h3>Leve, vers\u00e1til e seguro<\/h3>\n<p>Um carregador universal de 65 W que pode levar para onde quiser, gra\u00e7as ao seu design compacto e leve. Basta lig\u00e1-lo e escolher o conector que corresponde ao seu port\u00e1til (marca e voltagem) para poder desfrutar de muito mais horas de energia. Desfrute de energia est\u00e1vel e confi\u00e1vel gra\u00e7as \u00e0 sua prote\u00e7\u00e3o integrada contra picos de energia e picos de tens\u00e3o. Al\u00e9m disso, o carregador possui uma entrada USB  para que, assim como ao seu computador port\u00e1til, possa usar este adaptador para carregar qualquer um dos seus outros dispositivos.<\/p>\n","protected":false},"excerpt":{"rendered":"<ul>\n<li>Carregador port\u00e1til 65W<\/li>\n<li>Output DC 15\/16\/18.5\/19\/19.5\/20V @4.66A max.<\/li>\n<li>10 conectores diferentes<\/li>\n<li>Efici\u00eancia m\u00ednima 85%<\/li>\n<li>Compat\u00edvel com a maioria das marcas: Acer &#8211; Asus &#8211; Compaq &#8211; Dell &#8211; Fujitsu &#8211; Gateway &#8211; HP &#8211; IBM &#8211; Lenovo &#8211; Samsung &#8211; Sony &#8211; Toshiba.<\/li>\n<\/ul>\n","protected":false},"featured_media":17701,"comment_status":"closed","ping_status":"closed","template":"","meta":{"inline_featured_image":false},"product_brand":[],"product_cat":[175],"product_tag":[],"class_list":{"0":"post-16049","1":"product","2":"type-product","3":"status-publish","4":"has-post-thumbnail","6":"product_cat-accesorios-pt-pt","8":"first","9":"instock","10":"taxable","11":"shipping-taxable","12":"purchasable","13":"product-type-simple"},"yoast_head":"<!-- This site is optimized with the Yoast SEO plugin v26.7 - https:\/\/yoast.com\/wordpress\/plugins\/seo\/ -->\n<title>65W - Nox-Xtreme<\/title>\n<meta name=\"robots\" content=\"index, follow, max-snippet:-1, max-image-preview:large, max-video-preview:-1\" \/>\n<link rel=\"canonical\" href=\"https:\/\/store.nox-xtreme.com\/pt-pt\/producto\/65w\/\" \/>\n<meta property=\"og:locale\" content=\"pt_PT\" \/>\n<meta property=\"og:type\" content=\"article\" \/>\n<meta property=\"og:title\" content=\"65W - Nox-Xtreme\" \/>\n<meta property=\"og:description\" content=\"Carregador port\u00e1til 65WOutput DC 15\/16\/18.5\/19\/19.5\/20V @4.66A max.10 conectores diferentesEfici\u00eancia m\u00ednima 85%Compat\u00edvel com a maioria das marcas: Acer - Asus - Compaq - Dell - Fujitsu - Gateway - HP - IBM - Lenovo - Samsung - Sony - Toshiba.\" \/>\n<meta property=\"og:url\" content=\"https:\/\/store.nox-xtreme.com\/pt-pt\/producto\/65w\/\" \/>\n<meta property=\"og:site_name\" content=\"Nox-Xtreme\" \/>\n<meta property=\"article:modified_time\" content=\"2022-04-07T15:59:18+00:00\" \/>\n<meta property=\"og:image\" content=\"https:\/\/store.nox-xtreme.com\/wp-content\/uploads\/sites\/2\/2020\/09\/nox_65w_1-1.jpg\" \/>\n\t<meta property=\"og:image:width\" content=\"1049\" \/>\n\t<meta property=\"og:image:height\" content=\"1300\" \/>\n\t<meta property=\"og:image:type\" content=\"image\/jpeg\" \/>\n<meta name=\"twitter:card\" content=\"summary_large_image\" \/>\n<meta name=\"twitter:label1\" content=\"Tempo estimado de leitura\" \/>\n\t<meta name=\"twitter:data1\" content=\"1 minuto\" \/>\n<script type=\"application\/ld+json\" class=\"yoast-schema-graph\">{\"@context\":\"https:\/\/schema.org\",\"@graph\":[{\"@type\":\"WebPage\",\"@id\":\"https:\/\/store.nox-xtreme.com\/pt-pt\/producto\/65w\/\",\"url\":\"https:\/\/store.nox-xtreme.com\/pt-pt\/producto\/65w\/\",\"name\":\"65W - Nox-Xtreme\",\"isPartOf\":{\"@id\":\"https:\/\/store.nox-xtreme.com\/#website\"},\"primaryImageOfPage\":{\"@id\":\"https:\/\/store.nox-xtreme.com\/pt-pt\/producto\/65w\/#primaryimage\"},\"image\":{\"@id\":\"https:\/\/store.nox-xtreme.com\/pt-pt\/producto\/65w\/#primaryimage\"},\"thumbnailUrl\":\"https:\/\/store.nox-xtreme.com\/wp-content\/uploads\/sites\/2\/2020\/09\/nox_65w_1-1.jpg\",\"datePublished\":\"2020-09-16T14:34:40+00:00\",\"dateModified\":\"2022-04-07T15:59:18+00:00\",\"breadcrumb\":{\"@id\":\"https:\/\/store.nox-xtreme.com\/pt-pt\/producto\/65w\/#breadcrumb\"},\"inLanguage\":\"pt-PT\",\"potentialAction\":[{\"@type\":\"ReadAction\",\"target\":[\"https:\/\/store.nox-xtreme.com\/pt-pt\/producto\/65w\/\"]}]},{\"@type\":\"ImageObject\",\"inLanguage\":\"pt-PT\",\"@id\":\"https:\/\/store.nox-xtreme.com\/pt-pt\/producto\/65w\/#primaryimage\",\"url\":\"https:\/\/store.nox-xtreme.com\/wp-content\/uploads\/sites\/2\/2020\/09\/nox_65w_1-1.jpg\",\"contentUrl\":\"https:\/\/store.nox-xtreme.com\/wp-content\/uploads\/sites\/2\/2020\/09\/nox_65w_1-1.jpg\",\"width\":1049,\"height\":1300},{\"@type\":\"BreadcrumbList\",\"@id\":\"https:\/\/store.nox-xtreme.com\/pt-pt\/producto\/65w\/#breadcrumb\",\"itemListElement\":[{\"@type\":\"ListItem\",\"position\":1,\"name\":\"Portada\",\"item\":\"https:\/\/store.nox-xtreme.com\/pt-pt\/\"},{\"@type\":\"ListItem\",\"position\":2,\"name\":\"Productos\",\"item\":\"https:\/\/store.nox-xtreme.com\/shop\/\"},{\"@type\":\"ListItem\",\"position\":3,\"name\":\"65W\"}]},{\"@type\":\"WebSite\",\"@id\":\"https:\/\/store.nox-xtreme.com\/#website\",\"url\":\"https:\/\/store.nox-xtreme.com\/\",\"name\":\"Nox-Xtreme\",\"description\":\"Boosting You Performance\",\"potentialAction\":[{\"@type\":\"SearchAction\",\"target\":{\"@type\":\"EntryPoint\",\"urlTemplate\":\"https:\/\/store.nox-xtreme.com\/?s={search_term_string}\"},\"query-input\":{\"@type\":\"PropertyValueSpecification\",\"valueRequired\":true,\"valueName\":\"search_term_string\"}}],\"inLanguage\":\"pt-PT\"}]}<\/script>\n<!-- \/ Yoast SEO plugin. -->","yoast_head_json":{"title":"65W - Nox-Xtreme","robots":{"index":"index","follow":"follow","max-snippet":"max-snippet:-1","max-image-preview":"max-image-preview:large","max-video-preview":"max-video-preview:-1"},"canonical":"https:\/\/store.nox-xtreme.com\/pt-pt\/producto\/65w\/","og_locale":"pt_PT","og_type":"article","og_title":"65W - Nox-Xtreme","og_description":"Carregador port\u00e1til 65WOutput DC 15\/16\/18.5\/19\/19.5\/20V @4.66A max.10 conectores diferentesEfici\u00eancia m\u00ednima 85%Compat\u00edvel com a maioria das marcas: Acer - Asus - Compaq - Dell - Fujitsu - Gateway - HP - IBM - Lenovo - Samsung - Sony - Toshiba.","og_url":"https:\/\/store.nox-xtreme.com\/pt-pt\/producto\/65w\/","og_site_name":"Nox-Xtreme","article_modified_time":"2022-04-07T15:59:18+00:00","og_image":[{"width":1049,"height":1300,"url":"https:\/\/store.nox-xtreme.com\/wp-content\/uploads\/sites\/2\/2020\/09\/nox_65w_1-1.jpg","type":"image\/jpeg"}],"twitter_card":"summary_large_image","twitter_misc":{"Tempo estimado de leitura":"1 minuto"},"schema":{"@context":"https:\/\/schema.org","@graph":[{"@type":"WebPage","@id":"https:\/\/store.nox-xtreme.com\/pt-pt\/producto\/65w\/","url":"https:\/\/store.nox-xtreme.com\/pt-pt\/producto\/65w\/","name":"65W - Nox-Xtreme","isPartOf":{"@id":"https:\/\/store.nox-xtreme.com\/#website"},"primaryImageOfPage":{"@id":"https:\/\/store.nox-xtreme.com\/pt-pt\/producto\/65w\/#primaryimage"},"image":{"@id":"https:\/\/store.nox-xtreme.com\/pt-pt\/producto\/65w\/#primaryimage"},"thumbnailUrl":"https:\/\/store.nox-xtreme.com\/wp-content\/uploads\/sites\/2\/2020\/09\/nox_65w_1-1.jpg","datePublished":"2020-09-16T14:34:40+00:00","dateModified":"2022-04-07T15:59:18+00:00","breadcrumb":{"@id":"https:\/\/store.nox-xtreme.com\/pt-pt\/producto\/65w\/#breadcrumb"},"inLanguage":"pt-PT","potentialAction":[{"@type":"ReadAction","target":["https:\/\/store.nox-xtreme.com\/pt-pt\/producto\/65w\/"]}]},{"@type":"ImageObject","inLanguage":"pt-PT","@id":"https:\/\/store.nox-xtreme.com\/pt-pt\/producto\/65w\/#primaryimage","url":"https:\/\/store.nox-xtreme.com\/wp-content\/uploads\/sites\/2\/2020\/09\/nox_65w_1-1.jpg","contentUrl":"https:\/\/store.nox-xtreme.com\/wp-content\/uploads\/sites\/2\/2020\/09\/nox_65w_1-1.jpg","width":1049,"height":1300},{"@type":"BreadcrumbList","@id":"https:\/\/store.nox-xtreme.com\/pt-pt\/producto\/65w\/#breadcrumb","itemListElement":[{"@type":"ListItem","position":1,"name":"Portada","item":"https:\/\/store.nox-xtreme.com\/pt-pt\/"},{"@type":"ListItem","position":2,"name":"Productos","item":"https:\/\/store.nox-xtreme.com\/shop\/"},{"@type":"ListItem","position":3,"name":"65W"}]},{"@type":"WebSite","@id":"https:\/\/store.nox-xtreme.com\/#website","url":"https:\/\/store.nox-xtreme.com\/","name":"Nox-Xtreme","description":"Boosting You Performance","potentialAction":[{"@type":"SearchAction","target":{"@type":"EntryPoint","urlTemplate":"https:\/\/store.nox-xtreme.com\/?s={search_term_string}"},"query-input":{"@type":"PropertyValueSpecification","valueRequired":true,"valueName":"search_term_string"}}],"inLanguage":"pt-PT"}]}},"_links":{"self":[{"href":"https:\/\/store.nox-xtreme.com\/pt-pt\/wp-json\/wp\/v2\/product\/16049","targetHints":{"allow":["GET"]}}],"collection":[{"href":"https:\/\/store.nox-xtreme.com\/pt-pt\/wp-json\/wp\/v2\/product"}],"about":[{"href":"https:\/\/store.nox-xtreme.com\/pt-pt\/wp-json\/wp\/v2\/types\/product"}],"replies":[{"embeddable":true,"href":"https:\/\/store.nox-xtreme.com\/pt-pt\/wp-json\/wp\/v2\/comments?post=16049"}],"wp:featuredmedia":[{"embeddable":true,"href":"https:\/\/store.nox-xtreme.com\/pt-pt\/wp-json\/wp\/v2\/media\/17701"}],"wp:attachment":[{"href":"https:\/\/store.nox-xtreme.com\/pt-pt\/wp-json\/wp\/v2\/media?parent=16049"}],"wp:term":[{"taxonomy":"product_brand","embeddable":true,"href":"https:\/\/store.nox-xtreme.com\/pt-pt\/wp-json\/wp\/v2\/product_brand?post=16049"},{"taxonomy":"product_cat","embeddable":true,"href":"https:\/\/store.nox-xtreme.com\/pt-pt\/wp-json\/wp\/v2\/product_cat?post=16049"},{"taxonomy":"product_tag","embeddable":true,"href":"https:\/\/store.nox-xtreme.com\/pt-pt\/wp-json\/wp\/v2\/product_tag?post=16049"}],"curies":[{"name":"wp","href":"https:\/\/api.w.org\/{rel}","templated":true}]}}