{"id":16047,"date":"2020-09-17T14:36:05","date_gmt":"2020-09-17T12:36:05","guid":{"rendered":"https:\/\/store.nox-xtreme.com\/producto\/h-vga\/"},"modified":"2023-06-09T11:53:36","modified_gmt":"2023-06-09T09:53:36","slug":"h-vga","status":"publish","type":"product","link":"https:\/\/store.nox-xtreme.com\/pt-pt\/producto\/h-vga\/","title":{"rendered":"H-VGA"},"content":{"rendered":"<h3>Resistente e seguro<\/h3>\n<p>Feito de liga de alum\u00ednio, o suporte Nox H-VGA permite que as placas gr\u00e1ficas sejam protegidas em seguran\u00e7a e, portanto, evitam problemas devido ao seu peso excessivo na placa-m\u00e3e.O H-VGA tem um design compacto e minimalista, cujas dimens\u00f5es (195 x 45 x 45 mm) facilitam a sua presen\u00e7a em praticamente qualquer tipo de configura\u00e7\u00e3o.Al\u00e9m disso, para uma melhor fixa\u00e7\u00e3o, possui uma base adesiva que o mant\u00e9m firme e preso em caso algum tipo de movimento.<\/p>\n<h3>Ajust\u00e1vel e f\u00e1cil de montar<\/h3>\n<p>O suporte Nox H-VGA \u00e9  muito f\u00e1cil de montar, uma vez que \u00e9 composto por apenas 3 pe\u00e7as que s\u00e3o facilmente unidas sem ferramentas podendo ser ajust\u00e1vel em altura. Al\u00e9m disso, o H-VGA n\u00e3o restringe o fluxo de ar e \u00e9 compat\u00edvel com todos os tipos de placas gr\u00e1ficas .<\/p>\n","protected":false},"excerpt":{"rendered":"<ul>\n<li>Feito de liga de alum\u00ednio<\/li>\n<li>Design compacto e minimalista<\/li>\n<li>Base adesiva para fixa\u00e7\u00e3o ideal<\/li>\n<li>Montagem simples<\/li>\n<li>Compat\u00edvel com todos os tipos de gr\u00e1ficas<\/li>\n<\/ul>\n","protected":false},"featured_media":13871,"comment_status":"closed","ping_status":"closed","template":"","meta":{"inline_featured_image":false},"product_brand":[],"product_cat":[175],"product_tag":[],"class_list":{"0":"post-16047","1":"product","2":"type-product","3":"status-publish","4":"has-post-thumbnail","6":"product_cat-accesorios-pt-pt","8":"first","9":"outofstock","10":"taxable","11":"shipping-taxable","12":"purchasable","13":"product-type-simple"},"_links":{"self":[{"href":"https:\/\/store.nox-xtreme.com\/pt-pt\/wp-json\/wp\/v2\/product\/16047","targetHints":{"allow":["GET"]}}],"collection":[{"href":"https:\/\/store.nox-xtreme.com\/pt-pt\/wp-json\/wp\/v2\/product"}],"about":[{"href":"https:\/\/store.nox-xtreme.com\/pt-pt\/wp-json\/wp\/v2\/types\/product"}],"replies":[{"embeddable":true,"href":"https:\/\/store.nox-xtreme.com\/pt-pt\/wp-json\/wp\/v2\/comments?post=16047"}],"wp:featuredmedia":[{"embeddable":true,"href":"https:\/\/store.nox-xtreme.com\/pt-pt\/wp-json\/wp\/v2\/media\/13871"}],"wp:attachment":[{"href":"https:\/\/store.nox-xtreme.com\/pt-pt\/wp-json\/wp\/v2\/media?parent=16047"}],"wp:term":[{"taxonomy":"product_brand","embeddable":true,"href":"https:\/\/store.nox-xtreme.com\/pt-pt\/wp-json\/wp\/v2\/product_brand?post=16047"},{"taxonomy":"product_cat","embeddable":true,"href":"https:\/\/store.nox-xtreme.com\/pt-pt\/wp-json\/wp\/v2\/product_cat?post=16047"},{"taxonomy":"product_tag","embeddable":true,"href":"https:\/\/store.nox-xtreme.com\/pt-pt\/wp-json\/wp\/v2\/product_tag?post=16047"}],"curies":[{"name":"wp","href":"https:\/\/api.w.org\/{rel}","templated":true}]}}