{"id":16046,"date":"2020-09-17T14:39:15","date_gmt":"2020-09-17T12:39:15","guid":{"rendered":"https:\/\/store.nox-xtreme.com\/producto\/hummer-alpha-600w\/"},"modified":"2023-09-04T10:33:14","modified_gmt":"2023-09-04T08:33:14","slug":"hummer-alpha-600w","status":"publish","type":"product","link":"https:\/\/store.nox-xtreme.com\/pt-pt\/producto\/hummer-alpha-600w\/","title":{"rendered":"HUMMER ALPHA 600W BRONZE EDITION"},"content":{"rendered":"<h3>Hummer Alpha 600 W<\/h3>\n<p>O Hummer Alpha 600 W da Nox \u00e9 uma eficiente  fonte de alimenta\u00e7\u00e3o para computador  que garante 85% de desempenho. Com certificado 80 Plus Bronze, incorpora uma ventoinha muito silenciosa de 120 mm que favorece uma temperatura est\u00e1vel do chassi, garantindo arrefecimento adequado.<\/p>\n<h3>Certificado 80 Plus Bronze<\/h3>\n<p>A fonte de alimenta\u00e7\u00e3o Hummer Alpha 600 W possui excelente qualidade de constru\u00e7\u00e3o que fornece at\u00e9 85%  de efici\u00eancia num equipamento no desempenho m\u00e1ximo, ajudando a reduzir o consumo de energia. A  certifica\u00e7\u00e3o 80 Plus Bronze  \u00e9 a melhor demonstra\u00e7\u00e3o de sua alta efici\u00eancia operacional .<\/p>\n<h3>Fonte de alimenta\u00e7\u00e3o extra silenciosa<\/h3>\n<p>Equipada com uma ventoinha ultra silenciosa de 120 mm, com controlo de temperatura , que regula a temperatura e garante o melhor desempenho, garantindo um fluxo de ar est\u00e1vel em todos os momentos, mantendo a refrigera\u00e7\u00e3o adequada de todos os componentes gra\u00e7as \u00e0 correta dissipa\u00e7\u00e3o de calor . A Hummer Alpha 600 W garante um circuito de ar eficiente  que ajuda a manter a vida \u00fatil dos componentes do equipamento.<\/p>\n<h3>Alta efici\u00eancia<\/h3>\n<p>A Hummer Alpha 600 W \u00e9 uma fonte de alimenta\u00e7\u00e3o potente que garante \u00f3tima efici\u00eancia, muito f\u00e1cil de montar gra\u00e7as aos seus cabos planos e extra longos de alta qualidade.<\/p>\n<p>A Hummer Alpha 600 W apresenta uma prote\u00e7\u00e3o superior, incluindo prote\u00e7\u00f5es OVP, SCP, OPP, SIP e UVP  para opera\u00e7\u00e3o segura e pode ser confi\u00e1vel para cada pe\u00e7a preciosa do equipamento.<\/p>\n","protected":false},"excerpt":{"rendered":"<ul>\n<li>Certificado 80 PLUS Bronze que garante uma efici\u00eancia m\u00ednima de 85%<\/li>\n<li>Fonte de alimenta\u00e7\u00e3o ATX 12V 2.31 e EPS 12V 2.91 \/ 2.92 com PFC ativo<\/li>\n<li>Prote\u00e7\u00e3o CircuitShield &lt;sup&gt; &lt;small&gt; TM &lt;\/small&gt; &lt;\/sup&gt; OVP, SCP, OPP, SIP, UVP<\/li>\n<li>Ventoinha ultra silenciosa de 120 mm com controlo de velocidade<\/li>\n<li>Cabos planos e extra longos<\/li>\n<\/ul>\n","protected":false},"featured_media":14428,"comment_status":"closed","ping_status":"closed","template":"","meta":{"inline_featured_image":false},"product_brand":[],"product_cat":[177],"product_tag":[],"class_list":{"0":"post-16046","1":"product","2":"type-product","3":"status-publish","4":"has-post-thumbnail","6":"product_cat-fuentes-pt-pt","8":"first","9":"instock","10":"taxable","11":"shipping-taxable","12":"purchasable","13":"product-type-simple"},"_links":{"self":[{"href":"https:\/\/store.nox-xtreme.com\/pt-pt\/wp-json\/wp\/v2\/product\/16046","targetHints":{"allow":["GET"]}}],"collection":[{"href":"https:\/\/store.nox-xtreme.com\/pt-pt\/wp-json\/wp\/v2\/product"}],"about":[{"href":"https:\/\/store.nox-xtreme.com\/pt-pt\/wp-json\/wp\/v2\/types\/product"}],"replies":[{"embeddable":true,"href":"https:\/\/store.nox-xtreme.com\/pt-pt\/wp-json\/wp\/v2\/comments?post=16046"}],"wp:featuredmedia":[{"embeddable":true,"href":"https:\/\/store.nox-xtreme.com\/pt-pt\/wp-json\/wp\/v2\/media\/14428"}],"wp:attachment":[{"href":"https:\/\/store.nox-xtreme.com\/pt-pt\/wp-json\/wp\/v2\/media?parent=16046"}],"wp:term":[{"taxonomy":"product_brand","embeddable":true,"href":"https:\/\/store.nox-xtreme.com\/pt-pt\/wp-json\/wp\/v2\/product_brand?post=16046"},{"taxonomy":"product_cat","embeddable":true,"href":"https:\/\/store.nox-xtreme.com\/pt-pt\/wp-json\/wp\/v2\/product_cat?post=16046"},{"taxonomy":"product_tag","embeddable":true,"href":"https:\/\/store.nox-xtreme.com\/pt-pt\/wp-json\/wp\/v2\/product_tag?post=16046"}],"curies":[{"name":"wp","href":"https:\/\/api.w.org\/{rel}","templated":true}]}}