{"id":16045,"date":"2020-09-17T14:40:04","date_gmt":"2020-09-17T12:40:04","guid":{"rendered":"https:\/\/store.nox-xtreme.com\/producto\/hummer-alpha-500w\/"},"modified":"2022-04-08T13:06:10","modified_gmt":"2022-04-08T11:06:10","slug":"hummer-alpha-500w","status":"publish","type":"product","link":"https:\/\/store.nox-xtreme.com\/pt-pt\/producto\/hummer-alpha-500w\/","title":{"rendered":"HUMMER ALPHA 500W BRONZE EDITION"},"content":{"rendered":"<h3>Hummer Alpha 500 W<\/h3>\n<p>Com acabamentos premium, a elegante e silenciosa Hummer Alpha 500 W tem certifica\u00e7\u00e3o 80 Plus Bronze, o que garante 85% da pot\u00eancia com um PC no desempenho m\u00e1ximo.<\/p>\n<h3>Certificado 80 Plus Bronze<\/h3>\n<p>A Hummer Alpha 500 W  garante efici\u00eancia energ\u00e9tica, evitando o consumo desnecess\u00e1rio de energia el\u00e9trica. A Hummer Alpha 500 W tem certifica\u00e7\u00e3o 80 Plus Bronze para que comprova o seu excelente desempenho. Esta \u00e9 uma fonte de alimenta\u00e7\u00e3o para PC que, com o equipamento na m\u00e1xima pot\u00eancia, garante 85% de efici\u00eancia, com temperatura e n\u00edveis de ru\u00eddo sob controlo. O efeito disso \u00e9 uma conta de luz mais baixa e maior confiabilidade.<\/p>\n<h3>Ventoinha ultra silenciosa<\/h3>\n<p>Possui ventoinha de alta qualidade, super silenciosa, que garante excelente desempenho, garantindo a dissipa\u00e7\u00e3o de calor. Com a regula\u00e7\u00e3o da temperatura, a ventoinha  de 120 mm s\u00f3 \u00e9 iniciada com pot\u00eancia total se necess\u00e1rio.<\/p>\n<h3>Excelente rendimento<\/h3>\n<p>A Hummer Alpha 500 W \u00e9 uma fonte de alimenta\u00e7\u00e3o com cabos planos muito longos para uma montagem f\u00e1cil e limpa.<\/p>\n<p>Por outro lado, esta fonte incorpora um sistema de prote\u00e7\u00e3o superior, incluindo prote\u00e7\u00f5es <strong> OVP, SCP, OPP, SIP e UVP <\/strong>. Esta s\u00e9rie de prote\u00e7\u00f5es s\u00e3o muito importantes, pois, em caso de acidente el\u00e9trico, como sobre corrente ou baixa tens\u00e3o, garantem a seguran\u00e7a de todos os componentes do PC.<\/p>\n","protected":false},"excerpt":{"rendered":"<ul>\n<li>Certificado 80 PLUS Bronze que garante uma efici\u00eancia m\u00ednima de 85%<\/li>\n<li>Fonte de alimenta\u00e7\u00e3o ATX 12V 2.31 e EPS 12V 2.91 \/ 2.92 com PFC ativo<\/li>\n<li>Prote\u00e7\u00e3o CircuitShield &lt;sup&gt; &lt;small&gt; TM &lt;\/small&gt; &lt;\/sup&gt; OVP, SCP, OPP, SIP, UVP<\/li>\n<li>Ventilador ultrassilencioso de 120 mm com controlo de velocidade<\/li>\n<li>Cabos planos e extra longos<\/li>\n<\/ul>\n","protected":false},"featured_media":14413,"comment_status":"closed","ping_status":"closed","template":"","meta":{"inline_featured_image":false},"product_brand":[],"product_cat":[177],"product_tag":[],"class_list":{"0":"post-16045","1":"product","2":"type-product","3":"status-publish","4":"has-post-thumbnail","6":"product_cat-fuentes-pt-pt","8":"first","9":"outofstock","10":"taxable","11":"shipping-taxable","12":"purchasable","13":"product-type-simple"},"yoast_head":"<!-- This site is optimized with the Yoast SEO plugin v26.7 - https:\/\/yoast.com\/wordpress\/plugins\/seo\/ -->\n<title>HUMMER ALPHA 500W BRONZE EDITION - Nox-Xtreme<\/title>\n<meta name=\"robots\" content=\"index, follow, max-snippet:-1, max-image-preview:large, max-video-preview:-1\" \/>\n<link rel=\"canonical\" href=\"https:\/\/store.nox-xtreme.com\/pt-pt\/producto\/hummer-alpha-500w\/\" \/>\n<meta property=\"og:locale\" content=\"pt_PT\" \/>\n<meta property=\"og:type\" content=\"article\" \/>\n<meta property=\"og:title\" content=\"HUMMER ALPHA 500W BRONZE EDITION - Nox-Xtreme\" \/>\n<meta property=\"og:description\" content=\"Certificado 80 PLUS Bronze que garante uma efici\u00eancia m\u00ednima de 85%Fonte de alimenta\u00e7\u00e3o ATX 12V 2.31 e EPS 12V 2.91 \/ 2.92 com PFC ativoProte\u00e7\u00e3o CircuitShield &lt;sup&gt; &lt;small&gt; TM &lt;\/small&gt; &lt;\/sup&gt; OVP, SCP, OPP, SIP, UVPVentilador ultrassilencioso de 120 mm com controlo de velocidadeCabos planos e extra longos\" \/>\n<meta property=\"og:url\" content=\"https:\/\/store.nox-xtreme.com\/pt-pt\/producto\/hummer-alpha-500w\/\" \/>\n<meta property=\"og:site_name\" content=\"Nox-Xtreme\" \/>\n<meta property=\"article:modified_time\" content=\"2022-04-08T11:06:10+00:00\" \/>\n<meta name=\"twitter:card\" content=\"summary_large_image\" \/>\n<meta name=\"twitter:label1\" content=\"Tempo estimado de leitura\" \/>\n\t<meta name=\"twitter:data1\" content=\"1 minuto\" \/>\n<script type=\"application\/ld+json\" class=\"yoast-schema-graph\">{\"@context\":\"https:\/\/schema.org\",\"@graph\":[{\"@type\":\"WebPage\",\"@id\":\"https:\/\/store.nox-xtreme.com\/pt-pt\/producto\/hummer-alpha-500w\/\",\"url\":\"https:\/\/store.nox-xtreme.com\/pt-pt\/producto\/hummer-alpha-500w\/\",\"name\":\"HUMMER ALPHA 500W BRONZE EDITION - Nox-Xtreme\",\"isPartOf\":{\"@id\":\"https:\/\/store.nox-xtreme.com\/#website\"},\"primaryImageOfPage\":{\"@id\":\"https:\/\/store.nox-xtreme.com\/pt-pt\/producto\/hummer-alpha-500w\/#primaryimage\"},\"image\":{\"@id\":\"https:\/\/store.nox-xtreme.com\/pt-pt\/producto\/hummer-alpha-500w\/#primaryimage\"},\"thumbnailUrl\":\"https:\/\/store.nox-xtreme.com\/wp-content\/uploads\/sites\/2\/2020\/09\/nox_hummer_alpha_500w_1.jpg\",\"datePublished\":\"2020-09-17T12:40:04+00:00\",\"dateModified\":\"2022-04-08T11:06:10+00:00\",\"breadcrumb\":{\"@id\":\"https:\/\/store.nox-xtreme.com\/pt-pt\/producto\/hummer-alpha-500w\/#breadcrumb\"},\"inLanguage\":\"pt-PT\",\"potentialAction\":[{\"@type\":\"ReadAction\",\"target\":[\"https:\/\/store.nox-xtreme.com\/pt-pt\/producto\/hummer-alpha-500w\/\"]}]},{\"@type\":\"ImageObject\",\"inLanguage\":\"pt-PT\",\"@id\":\"https:\/\/store.nox-xtreme.com\/pt-pt\/producto\/hummer-alpha-500w\/#primaryimage\",\"url\":\"https:\/\/store.nox-xtreme.com\/wp-content\/uploads\/sites\/2\/2020\/09\/nox_hummer_alpha_500w_1.jpg\",\"contentUrl\":\"https:\/\/store.nox-xtreme.com\/wp-content\/uploads\/sites\/2\/2020\/09\/nox_hummer_alpha_500w_1.jpg\",\"width\":1049,\"height\":1300},{\"@type\":\"BreadcrumbList\",\"@id\":\"https:\/\/store.nox-xtreme.com\/pt-pt\/producto\/hummer-alpha-500w\/#breadcrumb\",\"itemListElement\":[{\"@type\":\"ListItem\",\"position\":1,\"name\":\"Portada\",\"item\":\"https:\/\/store.nox-xtreme.com\/pt-pt\/\"},{\"@type\":\"ListItem\",\"position\":2,\"name\":\"Productos\",\"item\":\"https:\/\/store.nox-xtreme.com\/shop\/\"},{\"@type\":\"ListItem\",\"position\":3,\"name\":\"HUMMER ALPHA 500W BRONZE EDITION\"}]},{\"@type\":\"WebSite\",\"@id\":\"https:\/\/store.nox-xtreme.com\/#website\",\"url\":\"https:\/\/store.nox-xtreme.com\/\",\"name\":\"Nox-Xtreme\",\"description\":\"Boosting You Performance\",\"potentialAction\":[{\"@type\":\"SearchAction\",\"target\":{\"@type\":\"EntryPoint\",\"urlTemplate\":\"https:\/\/store.nox-xtreme.com\/?s={search_term_string}\"},\"query-input\":{\"@type\":\"PropertyValueSpecification\",\"valueRequired\":true,\"valueName\":\"search_term_string\"}}],\"inLanguage\":\"pt-PT\"}]}<\/script>\n<!-- \/ Yoast SEO plugin. -->","yoast_head_json":{"title":"HUMMER ALPHA 500W BRONZE EDITION - Nox-Xtreme","robots":{"index":"index","follow":"follow","max-snippet":"max-snippet:-1","max-image-preview":"max-image-preview:large","max-video-preview":"max-video-preview:-1"},"canonical":"https:\/\/store.nox-xtreme.com\/pt-pt\/producto\/hummer-alpha-500w\/","og_locale":"pt_PT","og_type":"article","og_title":"HUMMER ALPHA 500W BRONZE EDITION - Nox-Xtreme","og_description":"Certificado 80 PLUS Bronze que garante uma efici\u00eancia m\u00ednima de 85%Fonte de alimenta\u00e7\u00e3o ATX 12V 2.31 e EPS 12V 2.91 \/ 2.92 com PFC ativoProte\u00e7\u00e3o CircuitShield &lt;sup&gt; &lt;small&gt; TM &lt;\/small&gt; &lt;\/sup&gt; OVP, SCP, OPP, SIP, UVPVentilador ultrassilencioso de 120 mm com controlo de velocidadeCabos planos e extra longos","og_url":"https:\/\/store.nox-xtreme.com\/pt-pt\/producto\/hummer-alpha-500w\/","og_site_name":"Nox-Xtreme","article_modified_time":"2022-04-08T11:06:10+00:00","twitter_card":"summary_large_image","twitter_misc":{"Tempo estimado de leitura":"1 minuto"},"schema":{"@context":"https:\/\/schema.org","@graph":[{"@type":"WebPage","@id":"https:\/\/store.nox-xtreme.com\/pt-pt\/producto\/hummer-alpha-500w\/","url":"https:\/\/store.nox-xtreme.com\/pt-pt\/producto\/hummer-alpha-500w\/","name":"HUMMER ALPHA 500W BRONZE EDITION - Nox-Xtreme","isPartOf":{"@id":"https:\/\/store.nox-xtreme.com\/#website"},"primaryImageOfPage":{"@id":"https:\/\/store.nox-xtreme.com\/pt-pt\/producto\/hummer-alpha-500w\/#primaryimage"},"image":{"@id":"https:\/\/store.nox-xtreme.com\/pt-pt\/producto\/hummer-alpha-500w\/#primaryimage"},"thumbnailUrl":"https:\/\/store.nox-xtreme.com\/wp-content\/uploads\/sites\/2\/2020\/09\/nox_hummer_alpha_500w_1.jpg","datePublished":"2020-09-17T12:40:04+00:00","dateModified":"2022-04-08T11:06:10+00:00","breadcrumb":{"@id":"https:\/\/store.nox-xtreme.com\/pt-pt\/producto\/hummer-alpha-500w\/#breadcrumb"},"inLanguage":"pt-PT","potentialAction":[{"@type":"ReadAction","target":["https:\/\/store.nox-xtreme.com\/pt-pt\/producto\/hummer-alpha-500w\/"]}]},{"@type":"ImageObject","inLanguage":"pt-PT","@id":"https:\/\/store.nox-xtreme.com\/pt-pt\/producto\/hummer-alpha-500w\/#primaryimage","url":"https:\/\/store.nox-xtreme.com\/wp-content\/uploads\/sites\/2\/2020\/09\/nox_hummer_alpha_500w_1.jpg","contentUrl":"https:\/\/store.nox-xtreme.com\/wp-content\/uploads\/sites\/2\/2020\/09\/nox_hummer_alpha_500w_1.jpg","width":1049,"height":1300},{"@type":"BreadcrumbList","@id":"https:\/\/store.nox-xtreme.com\/pt-pt\/producto\/hummer-alpha-500w\/#breadcrumb","itemListElement":[{"@type":"ListItem","position":1,"name":"Portada","item":"https:\/\/store.nox-xtreme.com\/pt-pt\/"},{"@type":"ListItem","position":2,"name":"Productos","item":"https:\/\/store.nox-xtreme.com\/shop\/"},{"@type":"ListItem","position":3,"name":"HUMMER ALPHA 500W BRONZE EDITION"}]},{"@type":"WebSite","@id":"https:\/\/store.nox-xtreme.com\/#website","url":"https:\/\/store.nox-xtreme.com\/","name":"Nox-Xtreme","description":"Boosting You Performance","potentialAction":[{"@type":"SearchAction","target":{"@type":"EntryPoint","urlTemplate":"https:\/\/store.nox-xtreme.com\/?s={search_term_string}"},"query-input":{"@type":"PropertyValueSpecification","valueRequired":true,"valueName":"search_term_string"}}],"inLanguage":"pt-PT"}]}},"_links":{"self":[{"href":"https:\/\/store.nox-xtreme.com\/pt-pt\/wp-json\/wp\/v2\/product\/16045","targetHints":{"allow":["GET"]}}],"collection":[{"href":"https:\/\/store.nox-xtreme.com\/pt-pt\/wp-json\/wp\/v2\/product"}],"about":[{"href":"https:\/\/store.nox-xtreme.com\/pt-pt\/wp-json\/wp\/v2\/types\/product"}],"replies":[{"embeddable":true,"href":"https:\/\/store.nox-xtreme.com\/pt-pt\/wp-json\/wp\/v2\/comments?post=16045"}],"wp:featuredmedia":[{"embeddable":true,"href":"https:\/\/store.nox-xtreme.com\/pt-pt\/wp-json\/wp\/v2\/media\/14413"}],"wp:attachment":[{"href":"https:\/\/store.nox-xtreme.com\/pt-pt\/wp-json\/wp\/v2\/media?parent=16045"}],"wp:term":[{"taxonomy":"product_brand","embeddable":true,"href":"https:\/\/store.nox-xtreme.com\/pt-pt\/wp-json\/wp\/v2\/product_brand?post=16045"},{"taxonomy":"product_cat","embeddable":true,"href":"https:\/\/store.nox-xtreme.com\/pt-pt\/wp-json\/wp\/v2\/product_cat?post=16045"},{"taxonomy":"product_tag","embeddable":true,"href":"https:\/\/store.nox-xtreme.com\/pt-pt\/wp-json\/wp\/v2\/product_tag?post=16045"}],"curies":[{"name":"wp","href":"https:\/\/api.w.org\/{rel}","templated":true}]}}