{"id":16044,"date":"2020-09-18T08:00:45","date_gmt":"2020-09-18T06:00:45","guid":{"rendered":"https:\/\/store.nox-xtreme.com\/producto\/stripe-argb\/"},"modified":"2022-04-07T17:39:35","modified_gmt":"2022-04-07T15:39:35","slug":"stripe-argb","status":"publish","type":"product","link":"https:\/\/store.nox-xtreme.com\/pt-pt\/producto\/stripe-argb\/","title":{"rendered":"Stripe ARGB"},"content":{"rendered":"<h3>STRIPE ARGB<\/h3>\n<p>Stripe ARGB oferece o efeito de ilumina\u00e7\u00e3o perfeito para que o seu PC tenha a est\u00e9tica de jogo que deseja, podendo sincroniz\u00e1-lo com o resto do seu equipamento, com infinitas possibilidades de cores, dando asas \u00e0 sua imagina\u00e7\u00e3o<\/p>\n<h3>Ilumina\u00e7\u00e3o ARGB<\/h3>\n<p>Stripe ARGB oferece um efeito de ilumina\u00e7\u00e3o est\u00e1vel em toda a faixa. Com dimens\u00f5es de 400 x 10 mm e 20 m\u00f3dulos de LED triplos, \u00e9 o complemento perfeito para o equipamento, permitindo adicionar cor e movimento ao hardware ou ao lado transl\u00facido do seu chassi. Pode criar configura\u00e7\u00f5es infinitas com Stripe ARGB, que oferecer\u00e1 uma luz suave e cont\u00ednua.<\/p>\n<h3>F\u00e1cil instala\u00e7\u00e3o<\/h3>\n<p>\u00c9 de f\u00e1cil instala\u00e7\u00e3o gra\u00e7as ao seu sistema magn\u00e9tico integrado com verso adesivo, que permite que o Stripe ARGB seja colocado tamb\u00e9m em superf\u00edcies n\u00e3o met\u00e1licas. Por ser uma faixa de LED super flex\u00edvel, permite uma instala\u00e7\u00e3o simples em qualquer canto do interior do equipamento, adaptando-se perfeitamente \u00e0s curvas e cantos. Al\u00e9m disso, pode conectar v\u00e1rias tiras Stripe ARGB da Nox em s\u00e9rie.<\/p>\n<h3>Compatbilidade elevada<\/h3>\n<p>O Nox Stripe ARGB \u00e9 compat\u00edvel com MSI Mystic Lith Sync, Asus Aura Sync e Gigabyte RGB, de forma que, de forma simples, poder\u00e1 sincronizar o seu equipamento, iluminando toda a sua configura\u00e7\u00e3o, oferecendo um espet\u00e1culo de luzes quase infinito, pois o Nox Stripe ARGB oferece at\u00e9 cinquenta mil horas de vida \u00fatil.<\/p>\n","protected":false},"excerpt":{"rendered":"<ul>\n<li>M\u00f3dulos de LED triplo<\/li>\n<li>Instala\u00e7\u00e3o magn\u00e9tica e adesivo<\/li>\n<li>Ilumina\u00e7\u00e3o LED ARGB<\/li>\n<\/ul>\n","protected":false},"featured_media":13906,"comment_status":"closed","ping_status":"closed","template":"","meta":{"inline_featured_image":false},"product_brand":[],"product_cat":[175],"product_tag":[],"class_list":{"0":"post-16044","1":"product","2":"type-product","3":"status-publish","4":"has-post-thumbnail","6":"product_cat-accesorios-pt-pt","8":"first","9":"instock","10":"taxable","11":"shipping-taxable","12":"purchasable","13":"product-type-simple"},"_links":{"self":[{"href":"https:\/\/store.nox-xtreme.com\/pt-pt\/wp-json\/wp\/v2\/product\/16044","targetHints":{"allow":["GET"]}}],"collection":[{"href":"https:\/\/store.nox-xtreme.com\/pt-pt\/wp-json\/wp\/v2\/product"}],"about":[{"href":"https:\/\/store.nox-xtreme.com\/pt-pt\/wp-json\/wp\/v2\/types\/product"}],"replies":[{"embeddable":true,"href":"https:\/\/store.nox-xtreme.com\/pt-pt\/wp-json\/wp\/v2\/comments?post=16044"}],"wp:featuredmedia":[{"embeddable":true,"href":"https:\/\/store.nox-xtreme.com\/pt-pt\/wp-json\/wp\/v2\/media\/13906"}],"wp:attachment":[{"href":"https:\/\/store.nox-xtreme.com\/pt-pt\/wp-json\/wp\/v2\/media?parent=16044"}],"wp:term":[{"taxonomy":"product_brand","embeddable":true,"href":"https:\/\/store.nox-xtreme.com\/pt-pt\/wp-json\/wp\/v2\/product_brand?post=16044"},{"taxonomy":"product_cat","embeddable":true,"href":"https:\/\/store.nox-xtreme.com\/pt-pt\/wp-json\/wp\/v2\/product_cat?post=16044"},{"taxonomy":"product_tag","embeddable":true,"href":"https:\/\/store.nox-xtreme.com\/pt-pt\/wp-json\/wp\/v2\/product_tag?post=16044"}],"curies":[{"name":"wp","href":"https:\/\/api.w.org\/{rel}","templated":true}]}}