{"id":16038,"date":"2020-09-21T10:50:49","date_gmt":"2020-09-21T08:50:49","guid":{"rendered":"https:\/\/store.nox-xtreme.com\/producto\/hummer-zero\/"},"modified":"2023-09-04T12:13:35","modified_gmt":"2023-09-04T10:13:35","slug":"hummer-zero","status":"publish","type":"product","link":"https:\/\/store.nox-xtreme.com\/pt-pt\/producto\/hummer-zero\/","title":{"rendered":"Hummer Zero"},"content":{"rendered":"<h3>Design minimalista em vidro temperado<\/h3>\n<p>A Hummer Zero White Edition \u00e9 uma minitorre compacta e minimalista com  acabamentos premium que lhe conferem grande personalidade, um denominador comum dos chassis da s\u00e9rie Hummer.<\/p>\n<p>Possui painel lateral de vidro temperado com fecho magn\u00e9tico que facilita o acesso imediato aos componentes. Um design s\u00f3brio e majestoso, em cor branca, perfeito para quem procura performance, eleg\u00e2ncia e funcionalidade.<\/p>\n<h3>Acabamentos e acessos<\/h3>\n<p>No painel superior da Hummer Zero encontrar\u00e1 uma porta USB 3.0 de alta velocidade , uma USB 2.0  e as conex\u00f5es de \u00e1udio.<\/p>\n<p>Al\u00e9m disso, para evitar que o p\u00f3 se acumule no interior,  incorpora um filtro sob a fonte de alimenta\u00e7\u00e3o que ajuda a manter uma configura\u00e7\u00e3o mais limpa.<\/p>\n<h3>Op\u00e7\u00f5es de refrigera\u00e7\u00e3o<\/h3>\n<p>A Hummer Zero  oferece diferentes op\u00e7\u00f5es em termos de refrigera\u00e7\u00e3o, pois  permite a instala\u00e7\u00e3o de at\u00e9 5 ventoinhas : duas de 120 mm no painel frontal, duas no painel superior de at\u00e9 240 mm e uma no painel traseiro de 120 mm (inclu\u00edda).<\/p>\n<p>Al\u00e9m disso, a Hummer Zero permite instalar sistemas de refrigera\u00e7\u00e3o l\u00edquida com radiadores de 120 mm na parte frontal e traseira, e at\u00e9 240 mm na parte superior.<\/p>\n<h3>Capacidad de almacenamiento <\/h3>\n<p>O Hummer Zero  apresenta aberturas m\u00faltiplas e muito espa\u00e7o para melhor gest\u00e3o de cabos permitindo uma configura\u00e7\u00e3o organizada e limpa.<\/p>\n<p>Possui um compartimento isolado na parte inferior para montagem  da fonte de alimenta\u00e7\u00e3o e dos discos r\u00edgidos , evitando assim que o calor destes seja transmitido para os demais componentes.<\/p>\n<p>Al\u00e9m disso, o seu interior espa\u00e7oso  permite a instala\u00e7\u00e3o de dois  SSDs de 2,5 \u201de  dois HDDs de 3,5\u201d , o que permite diferentes op\u00e7\u00f5es de armazenamento.<\/p>\n","protected":false},"excerpt":{"rendered":"<ul>\n<li>Design minimalista com acabamentos premium<\/li>\n<li>Painel lateral de vidro temperado com fecho magn\u00e9tico<\/li>\n<li>USB 3.0., 2.0. e hub de \u00e1udio<\/li>\n<li>Ventoinha de 120 mm pr\u00e9-instalada<\/li>\n<li>Capacidade de instalar at\u00e9 5 ventoinhas<\/li>\n<li>Filtro de p\u00f3 na parte inferior<\/li>\n<\/ul>\n","protected":false},"featured_media":0,"comment_status":"closed","ping_status":"closed","template":"","meta":{"inline_featured_image":false},"product_brand":[],"product_cat":[176],"product_tag":[],"class_list":{"0":"post-16038","1":"product","2":"type-product","3":"status-publish","5":"product_cat-cajas-pt-pt-2","7":"first","8":"outofstock","9":"taxable","10":"shipping-taxable","11":"purchasable","12":"product-type-variable"},"_links":{"self":[{"href":"https:\/\/store.nox-xtreme.com\/pt-pt\/wp-json\/wp\/v2\/product\/16038","targetHints":{"allow":["GET"]}}],"collection":[{"href":"https:\/\/store.nox-xtreme.com\/pt-pt\/wp-json\/wp\/v2\/product"}],"about":[{"href":"https:\/\/store.nox-xtreme.com\/pt-pt\/wp-json\/wp\/v2\/types\/product"}],"replies":[{"embeddable":true,"href":"https:\/\/store.nox-xtreme.com\/pt-pt\/wp-json\/wp\/v2\/comments?post=16038"}],"wp:attachment":[{"href":"https:\/\/store.nox-xtreme.com\/pt-pt\/wp-json\/wp\/v2\/media?parent=16038"}],"wp:term":[{"taxonomy":"product_brand","embeddable":true,"href":"https:\/\/store.nox-xtreme.com\/pt-pt\/wp-json\/wp\/v2\/product_brand?post=16038"},{"taxonomy":"product_cat","embeddable":true,"href":"https:\/\/store.nox-xtreme.com\/pt-pt\/wp-json\/wp\/v2\/product_cat?post=16038"},{"taxonomy":"product_tag","embeddable":true,"href":"https:\/\/store.nox-xtreme.com\/pt-pt\/wp-json\/wp\/v2\/product_tag?post=16038"}],"curies":[{"name":"wp","href":"https:\/\/api.w.org\/{rel}","templated":true}]}}