{"id":16030,"date":"2020-09-22T10:25:59","date_gmt":"2020-09-22T06:25:59","guid":{"rendered":"https:\/\/store.nox-xtreme.com\/producto\/hummer-blaster\/"},"modified":"2022-04-08T12:21:08","modified_gmt":"2022-04-08T10:21:08","slug":"hummer-blaster","status":"publish","type":"product","link":"https:\/\/store.nox-xtreme.com\/pt-pt\/producto\/hummer-blaster\/","title":{"rendered":"Hummer Blaster"},"content":{"rendered":"<h3>Design h\u00edbrido espetacular<\/h3>\n<p>A impressionante e diferente \u00e1rea iluminada da Nox Hummer Blaster vai deix\u00e1-lo sem palavras. Parte da sua frente \u00e9 rede met\u00e1lica, permitindo o fluxo de ar, enquanto o resto \u00e9 fechado, apresentando um design surpreendente que d\u00e1 origem a efeitos de ilumina\u00e7\u00e3o \u00fanicos, gra\u00e7as \u00e0 faixa de LED integrada, sendo a caixa perfeita para os amantes de ARGB. . Este sofisticado chassi para PC possui uma  estrutura robusta que combina a\u00e7o SPCC com vidro temperado; Seu painel lateral premium de 4 mm permite contemplar os componentes internos.<\/p>\n<h3>F\u00e1cil acessibilidade<\/h3>\n<p>Nox Hummer Blaster \u00e9 um a atraente caixa cujo design facilita o acesso \u00e0s fun\u00e7\u00f5es b\u00e1sicas. Na parte superior da caixa encontramos uma porta USB 3.0 de alta velocidade e duas USB 2.0. Ao lado dessas portas USB est\u00e3o as duas conex\u00f5es jack de 3,5 mm  al\u00e9m do controlo que permite regular a ilumina\u00e7\u00e3o ARGB, podendo configurar a zona de jogo entre in\u00fameras cores e modos de ilumina\u00e7\u00e3o , conseguindo uma configura\u00e7\u00e3o em constante movimento.<\/p>\n<h3>Espa\u00e7o enorme<\/h3>\n<p>\u00c9 uma semitorre gaming com  design not\u00e1vel e um espa\u00e7o interior generoso capaz de ir de encontro \u00e0s expectativas dos jogadores e profissionais mais exigentes, adaptando-se \u00e0s necessidades de qualquer configura\u00e7\u00e3o, tornando poss\u00edvel a montagem que escolher.<\/p>\n<h3>Sistema de Gest\u00e3o de Cabos<\/h3>\n<p>O seu sistema de gest\u00e3o de cabos tamb\u00e9m permite uma montagem r\u00e1pida, f\u00e1cil e organizada, para que o ar flua pelo chassi sem impedimentos. Tamb\u00e9m inclui uma grade magn\u00e9tica na parte superior para evitar a entrada indesejada de poeira, facilitando a manuten\u00e7\u00e3o dos componentes.<\/p>\n<h3>Refrigera\u00e7\u00e3o ideal<\/h3>\n<p>Para ajudar a manter uma temperatura ideal em cada um dos elementos do PC, a impressionante Nox Hummer Blaster tem capacidade suficiente para receber um sistema de refrigera\u00e7\u00e3o l\u00edquida de at\u00e9 360 mm em sua parte frontal, 120 mm na parte traseira ou 280 mm no topo .<\/p>\n<h3>Sempre ventilado <\/h3>\n<p>Esta caixa moderna e funcional da Nox inclui um ventilador ARGB de 120 mm . A Nox Hummer Blaster *pode incluir at\u00e9 8 ventoinhas , podendo instalar tr\u00eas de 120 mm na sua parte frontal ou duas de 140 mm; uma de 120 mm na parte traseira, j\u00e1 pr\u00e9-instalada; e duas de 120 mm ou duas de 140 mm na zona superior. Al\u00e9m disso, duas ventoinhas podem ser adicionadas na \u00e1rea onde a fonte e os discos r\u00edgidos est\u00e3o instalados, para que todos os componentes estejam sempre na melhor temperatura.<\/p>\n<h3>Possibilidades de armazenamento<\/h3>\n<p>A espetacular Nox Hummer Blaster \u00e9 compat\u00edvel com formato ATX, Micro ATX e ITX . Al\u00e9m disso, possui baias para discos r\u00edgidos HDD e SSD, tr\u00eas baias de 3,5 \u201de outras tr\u00eas de 2,5\u201d .<\/p>\n<h3>Grande zona de ilumina\u00e7\u00e3o<\/h3>\n<p>Todo o interior da Hummer Blaster \u00e9 uma ampla \u00e1rea de ilumina\u00e7\u00e3o que pode controlar a partir de seu bot\u00e3o de controlo de LED (localizado no painel superior) e com o qual pode criar um ambiente de jogo que preencher\u00e1 a sua sala.<\/p>\n","protected":false},"excerpt":{"rendered":"<ul>\n<li>Painel lateral de vidro temperado<\/li>\n<li>Frente de malha de metal<\/li>\n<li>Zona de ilumina\u00e7\u00e3o profissional ARGB<\/li>\n<li>Espa\u00e7o para instalar at\u00e9 8 ventoinhas<\/li>\n<li>Sistema para gest\u00e3o de cabos ( 28 mm )<\/li>\n<li>USB 3.0 de alta velocidade<\/li>\n<li>Bot\u00e3o para controlo de LED<\/li>\n<\/ul>\n","protected":false},"featured_media":15232,"comment_status":"closed","ping_status":"closed","template":"","meta":{"inline_featured_image":false},"product_brand":[],"product_cat":[176],"product_tag":[],"class_list":{"0":"post-16030","1":"product","2":"type-product","3":"status-publish","4":"has-post-thumbnail","6":"product_cat-cajas-pt-pt-2","8":"first","9":"outofstock","10":"taxable","11":"shipping-taxable","12":"purchasable","13":"product-type-simple"},"yoast_head":"<!-- This site is optimized with the Yoast SEO plugin v26.7 - https:\/\/yoast.com\/wordpress\/plugins\/seo\/ -->\n<title>Hummer Blaster - Nox-Xtreme<\/title>\n<meta name=\"robots\" content=\"index, follow, max-snippet:-1, max-image-preview:large, max-video-preview:-1\" \/>\n<link rel=\"canonical\" href=\"https:\/\/store.nox-xtreme.com\/pt-pt\/producto\/hummer-blaster\/\" \/>\n<meta property=\"og:locale\" content=\"pt_PT\" \/>\n<meta property=\"og:type\" content=\"article\" \/>\n<meta property=\"og:title\" content=\"Hummer Blaster - Nox-Xtreme\" \/>\n<meta property=\"og:description\" content=\"Painel lateral de vidro temperadoFrente de malha de metalZona de ilumina\u00e7\u00e3o profissional ARGBEspa\u00e7o para instalar at\u00e9 8 ventoinhasSistema para gest\u00e3o de cabos ( 28 mm )USB 3.0 de alta velocidadeBot\u00e3o para controlo de LED\" \/>\n<meta property=\"og:url\" content=\"https:\/\/store.nox-xtreme.com\/pt-pt\/producto\/hummer-blaster\/\" \/>\n<meta property=\"og:site_name\" content=\"Nox-Xtreme\" \/>\n<meta property=\"article:modified_time\" content=\"2022-04-08T10:21:08+00:00\" \/>\n<meta name=\"twitter:card\" content=\"summary_large_image\" \/>\n<meta name=\"twitter:label1\" content=\"Tempo estimado de leitura\" \/>\n\t<meta name=\"twitter:data1\" content=\"2 minutos\" \/>\n<script type=\"application\/ld+json\" class=\"yoast-schema-graph\">{\"@context\":\"https:\/\/schema.org\",\"@graph\":[{\"@type\":\"WebPage\",\"@id\":\"https:\/\/store.nox-xtreme.com\/pt-pt\/producto\/hummer-blaster\/\",\"url\":\"https:\/\/store.nox-xtreme.com\/pt-pt\/producto\/hummer-blaster\/\",\"name\":\"Hummer Blaster - Nox-Xtreme\",\"isPartOf\":{\"@id\":\"https:\/\/store.nox-xtreme.com\/#website\"},\"primaryImageOfPage\":{\"@id\":\"https:\/\/store.nox-xtreme.com\/pt-pt\/producto\/hummer-blaster\/#primaryimage\"},\"image\":{\"@id\":\"https:\/\/store.nox-xtreme.com\/pt-pt\/producto\/hummer-blaster\/#primaryimage\"},\"thumbnailUrl\":\"https:\/\/store.nox-xtreme.com\/wp-content\/uploads\/sites\/2\/2020\/09\/nox_hummer_blaster_chassis_1.jpg\",\"datePublished\":\"2020-09-22T06:25:59+00:00\",\"dateModified\":\"2022-04-08T10:21:08+00:00\",\"breadcrumb\":{\"@id\":\"https:\/\/store.nox-xtreme.com\/pt-pt\/producto\/hummer-blaster\/#breadcrumb\"},\"inLanguage\":\"pt-PT\",\"potentialAction\":[{\"@type\":\"ReadAction\",\"target\":[\"https:\/\/store.nox-xtreme.com\/pt-pt\/producto\/hummer-blaster\/\"]}]},{\"@type\":\"ImageObject\",\"inLanguage\":\"pt-PT\",\"@id\":\"https:\/\/store.nox-xtreme.com\/pt-pt\/producto\/hummer-blaster\/#primaryimage\",\"url\":\"https:\/\/store.nox-xtreme.com\/wp-content\/uploads\/sites\/2\/2020\/09\/nox_hummer_blaster_chassis_1.jpg\",\"contentUrl\":\"https:\/\/store.nox-xtreme.com\/wp-content\/uploads\/sites\/2\/2020\/09\/nox_hummer_blaster_chassis_1.jpg\",\"width\":1049,\"height\":1300},{\"@type\":\"BreadcrumbList\",\"@id\":\"https:\/\/store.nox-xtreme.com\/pt-pt\/producto\/hummer-blaster\/#breadcrumb\",\"itemListElement\":[{\"@type\":\"ListItem\",\"position\":1,\"name\":\"Portada\",\"item\":\"https:\/\/store.nox-xtreme.com\/pt-pt\/\"},{\"@type\":\"ListItem\",\"position\":2,\"name\":\"Productos\",\"item\":\"https:\/\/store.nox-xtreme.com\/shop\/\"},{\"@type\":\"ListItem\",\"position\":3,\"name\":\"Hummer Blaster\"}]},{\"@type\":\"WebSite\",\"@id\":\"https:\/\/store.nox-xtreme.com\/#website\",\"url\":\"https:\/\/store.nox-xtreme.com\/\",\"name\":\"Nox-Xtreme\",\"description\":\"Boosting You Performance\",\"potentialAction\":[{\"@type\":\"SearchAction\",\"target\":{\"@type\":\"EntryPoint\",\"urlTemplate\":\"https:\/\/store.nox-xtreme.com\/?s={search_term_string}\"},\"query-input\":{\"@type\":\"PropertyValueSpecification\",\"valueRequired\":true,\"valueName\":\"search_term_string\"}}],\"inLanguage\":\"pt-PT\"}]}<\/script>\n<!-- \/ Yoast SEO plugin. -->","yoast_head_json":{"title":"Hummer Blaster - Nox-Xtreme","robots":{"index":"index","follow":"follow","max-snippet":"max-snippet:-1","max-image-preview":"max-image-preview:large","max-video-preview":"max-video-preview:-1"},"canonical":"https:\/\/store.nox-xtreme.com\/pt-pt\/producto\/hummer-blaster\/","og_locale":"pt_PT","og_type":"article","og_title":"Hummer Blaster - Nox-Xtreme","og_description":"Painel lateral de vidro temperadoFrente de malha de metalZona de ilumina\u00e7\u00e3o profissional ARGBEspa\u00e7o para instalar at\u00e9 8 ventoinhasSistema para gest\u00e3o de cabos ( 28 mm )USB 3.0 de alta velocidadeBot\u00e3o para controlo de LED","og_url":"https:\/\/store.nox-xtreme.com\/pt-pt\/producto\/hummer-blaster\/","og_site_name":"Nox-Xtreme","article_modified_time":"2022-04-08T10:21:08+00:00","twitter_card":"summary_large_image","twitter_misc":{"Tempo estimado de leitura":"2 minutos"},"schema":{"@context":"https:\/\/schema.org","@graph":[{"@type":"WebPage","@id":"https:\/\/store.nox-xtreme.com\/pt-pt\/producto\/hummer-blaster\/","url":"https:\/\/store.nox-xtreme.com\/pt-pt\/producto\/hummer-blaster\/","name":"Hummer Blaster - Nox-Xtreme","isPartOf":{"@id":"https:\/\/store.nox-xtreme.com\/#website"},"primaryImageOfPage":{"@id":"https:\/\/store.nox-xtreme.com\/pt-pt\/producto\/hummer-blaster\/#primaryimage"},"image":{"@id":"https:\/\/store.nox-xtreme.com\/pt-pt\/producto\/hummer-blaster\/#primaryimage"},"thumbnailUrl":"https:\/\/store.nox-xtreme.com\/wp-content\/uploads\/sites\/2\/2020\/09\/nox_hummer_blaster_chassis_1.jpg","datePublished":"2020-09-22T06:25:59+00:00","dateModified":"2022-04-08T10:21:08+00:00","breadcrumb":{"@id":"https:\/\/store.nox-xtreme.com\/pt-pt\/producto\/hummer-blaster\/#breadcrumb"},"inLanguage":"pt-PT","potentialAction":[{"@type":"ReadAction","target":["https:\/\/store.nox-xtreme.com\/pt-pt\/producto\/hummer-blaster\/"]}]},{"@type":"ImageObject","inLanguage":"pt-PT","@id":"https:\/\/store.nox-xtreme.com\/pt-pt\/producto\/hummer-blaster\/#primaryimage","url":"https:\/\/store.nox-xtreme.com\/wp-content\/uploads\/sites\/2\/2020\/09\/nox_hummer_blaster_chassis_1.jpg","contentUrl":"https:\/\/store.nox-xtreme.com\/wp-content\/uploads\/sites\/2\/2020\/09\/nox_hummer_blaster_chassis_1.jpg","width":1049,"height":1300},{"@type":"BreadcrumbList","@id":"https:\/\/store.nox-xtreme.com\/pt-pt\/producto\/hummer-blaster\/#breadcrumb","itemListElement":[{"@type":"ListItem","position":1,"name":"Portada","item":"https:\/\/store.nox-xtreme.com\/pt-pt\/"},{"@type":"ListItem","position":2,"name":"Productos","item":"https:\/\/store.nox-xtreme.com\/shop\/"},{"@type":"ListItem","position":3,"name":"Hummer Blaster"}]},{"@type":"WebSite","@id":"https:\/\/store.nox-xtreme.com\/#website","url":"https:\/\/store.nox-xtreme.com\/","name":"Nox-Xtreme","description":"Boosting You Performance","potentialAction":[{"@type":"SearchAction","target":{"@type":"EntryPoint","urlTemplate":"https:\/\/store.nox-xtreme.com\/?s={search_term_string}"},"query-input":{"@type":"PropertyValueSpecification","valueRequired":true,"valueName":"search_term_string"}}],"inLanguage":"pt-PT"}]}},"_links":{"self":[{"href":"https:\/\/store.nox-xtreme.com\/pt-pt\/wp-json\/wp\/v2\/product\/16030","targetHints":{"allow":["GET"]}}],"collection":[{"href":"https:\/\/store.nox-xtreme.com\/pt-pt\/wp-json\/wp\/v2\/product"}],"about":[{"href":"https:\/\/store.nox-xtreme.com\/pt-pt\/wp-json\/wp\/v2\/types\/product"}],"replies":[{"embeddable":true,"href":"https:\/\/store.nox-xtreme.com\/pt-pt\/wp-json\/wp\/v2\/comments?post=16030"}],"wp:featuredmedia":[{"embeddable":true,"href":"https:\/\/store.nox-xtreme.com\/pt-pt\/wp-json\/wp\/v2\/media\/15232"}],"wp:attachment":[{"href":"https:\/\/store.nox-xtreme.com\/pt-pt\/wp-json\/wp\/v2\/media?parent=16030"}],"wp:term":[{"taxonomy":"product_brand","embeddable":true,"href":"https:\/\/store.nox-xtreme.com\/pt-pt\/wp-json\/wp\/v2\/product_brand?post=16030"},{"taxonomy":"product_cat","embeddable":true,"href":"https:\/\/store.nox-xtreme.com\/pt-pt\/wp-json\/wp\/v2\/product_cat?post=16030"},{"taxonomy":"product_tag","embeddable":true,"href":"https:\/\/store.nox-xtreme.com\/pt-pt\/wp-json\/wp\/v2\/product_tag?post=16030"}],"curies":[{"name":"wp","href":"https:\/\/api.w.org\/{rel}","templated":true}]}}