{"id":16024,"date":"2020-09-22T08:26:34","date_gmt":"2020-09-22T06:26:34","guid":{"rendered":"https:\/\/store.nox-xtreme.com\/producto\/infinity-delta\/"},"modified":"2022-04-08T12:19:52","modified_gmt":"2022-04-08T10:19:52","slug":"infinity-delta","status":"publish","type":"product","link":"https:\/\/store.nox-xtreme.com\/pt-pt\/producto\/infinity-delta\/","title":{"rendered":"Infinity Delta"},"content":{"rendered":"<h3>Design<\/h3>\n<p>Nox Infinity Delta \u00e9 uma torre m\u00e9dia com excelentes acabamentos e um inovador design ARGB Rainbow. A sua frente inclui duas tiras led  que far\u00e3o as del\u00edcias de qualquer jogador. O seu painel lateral de acr\u00edlico permite ainda contemplar a imensid\u00e3o do seu interior<\/p>\n<h3>Acabamentos e painel frontal<\/h3>\n<p>Nox Inifnity Delta destaca as portas essenciais no seu painel frontal, facilitando o acesso \u00e0s mesmas. Nesta parte da caixa encontramos uma porta USB 3.0 de alta velocidade e duas USB 2.0. Ao lado dessas portas USB est\u00e3o as conex\u00f5es de \u00e1udio , al\u00e9m do controlo que permite regular a ilumina\u00e7\u00e3o ARGB .<\/p>\n<h3>Capacidade interior<\/h3>\n<p>Esta \u00e9 uma caixa que permite criar uma configura\u00e7\u00e3o de alto desempenho, sendo uma op\u00e7\u00e3o perfeita para jogos ou equipamentos profissionais, gra\u00e7as a um generoso espa\u00e7o interior que permite montar gr\u00e1ficas at\u00e9 315mm de comprimento, assim como cooler para CPU com altura m\u00e1xima de 154mm.<\/p>\n<h3>Gest\u00e3o de cabos<\/h3>\n<p>A Nox Infinity Delta possui um pr\u00e1tico sistema de gest\u00e3o de cabos, que permite uma montagem confort\u00e1vel, eficiente e ordenada, ajudando a melhorar o fluxo de ar interno. O filtro magn\u00e9tico anti p\u00f3 no seu painel superior tamb\u00e9m ajuda a manter os seus componentes em perfeito estado.<\/p>\n<h3>Sistema de refrigera\u00e7\u00e3o<\/h3>\n<p>Nox Infinity Delta mant\u00e9m cada um dos componentes do dispositivo na temperatura correta gra\u00e7as \u00e0  possibilidade de instalar sistemas de refrigera\u00e7\u00e3o l\u00edquida de 120 mm, 240 mm ou 280 mm na frente, 120 mm no painel traseiro e 120 mm ou 240 mm no painel superior .<\/p>\n<h3>Capacidade de armazenamento<\/h3>\n<p>A Nox Infinity Delta pode acomodar 3 HDDs de 3,5 &quot; na parte inferior e tr\u00eas SSDs de 2,5&quot; nas laterais.<\/p>\n","protected":false},"excerpt":{"rendered":"<ul>\n<li>Painel lateral de acr\u00edlico<\/li>\n<li>Faixa de LED ARGB no painel frontal<\/li>\n<li>Duas ventoinhas de anel ARGB de 120 mm pr\u00e9-instaladas<\/li>\n<li>Controlo RGB pelo bot\u00e3o frontal<\/li>\n<li>Filtro magn\u00e9tico anti p\u00f3 no painel superior<\/li>\n<li>Fonte e discos r\u00edgidos em compartimento isolado<\/li>\n<li>USB 3.0 de alta velocidade<\/li>\n<li>Capacidade de instalar at\u00e9 8 ventoinhas<\/li>\n<\/ul>\n","protected":false},"featured_media":0,"comment_status":"closed","ping_status":"closed","template":"","meta":{"inline_featured_image":false},"product_brand":[],"product_cat":[176],"product_tag":[],"class_list":{"0":"post-16024","1":"product","2":"type-product","3":"status-publish","5":"product_cat-cajas-pt-pt-2","7":"first","8":"outofstock","9":"taxable","10":"shipping-taxable","11":"purchasable","12":"product-type-simple"},"yoast_head":"<!-- This site is optimized with the Yoast SEO plugin v26.7 - https:\/\/yoast.com\/wordpress\/plugins\/seo\/ -->\n<title>Infinity Delta - Nox-Xtreme<\/title>\n<meta name=\"robots\" content=\"index, follow, max-snippet:-1, max-image-preview:large, max-video-preview:-1\" \/>\n<link rel=\"canonical\" href=\"https:\/\/store.nox-xtreme.com\/pt-pt\/producto\/infinity-delta\/\" \/>\n<meta property=\"og:locale\" content=\"pt_PT\" \/>\n<meta property=\"og:type\" content=\"article\" \/>\n<meta property=\"og:title\" content=\"Infinity Delta - Nox-Xtreme\" \/>\n<meta property=\"og:description\" content=\"Painel lateral de acr\u00edlicoFaixa de LED ARGB no painel frontalDuas ventoinhas de anel ARGB de 120 mm pr\u00e9-instaladasControlo RGB pelo bot\u00e3o frontalFiltro magn\u00e9tico anti p\u00f3 no painel superiorFonte e discos r\u00edgidos em compartimento isoladoUSB 3.0 de alta velocidadeCapacidade de instalar at\u00e9 8 ventoinhas\" \/>\n<meta property=\"og:url\" content=\"https:\/\/store.nox-xtreme.com\/pt-pt\/producto\/infinity-delta\/\" \/>\n<meta property=\"og:site_name\" content=\"Nox-Xtreme\" \/>\n<meta property=\"article:modified_time\" content=\"2022-04-08T10:19:52+00:00\" \/>\n<meta name=\"twitter:card\" content=\"summary_large_image\" \/>\n<meta name=\"twitter:label1\" content=\"Tempo estimado de leitura\" \/>\n\t<meta name=\"twitter:data1\" content=\"1 minuto\" \/>\n<script type=\"application\/ld+json\" class=\"yoast-schema-graph\">{\"@context\":\"https:\/\/schema.org\",\"@graph\":[{\"@type\":\"WebPage\",\"@id\":\"https:\/\/store.nox-xtreme.com\/pt-pt\/producto\/infinity-delta\/\",\"url\":\"https:\/\/store.nox-xtreme.com\/pt-pt\/producto\/infinity-delta\/\",\"name\":\"Infinity Delta - Nox-Xtreme\",\"isPartOf\":{\"@id\":\"https:\/\/store.nox-xtreme.com\/#website\"},\"datePublished\":\"2020-09-22T06:26:34+00:00\",\"dateModified\":\"2022-04-08T10:19:52+00:00\",\"breadcrumb\":{\"@id\":\"https:\/\/store.nox-xtreme.com\/pt-pt\/producto\/infinity-delta\/#breadcrumb\"},\"inLanguage\":\"pt-PT\",\"potentialAction\":[{\"@type\":\"ReadAction\",\"target\":[\"https:\/\/store.nox-xtreme.com\/pt-pt\/producto\/infinity-delta\/\"]}]},{\"@type\":\"BreadcrumbList\",\"@id\":\"https:\/\/store.nox-xtreme.com\/pt-pt\/producto\/infinity-delta\/#breadcrumb\",\"itemListElement\":[{\"@type\":\"ListItem\",\"position\":1,\"name\":\"Portada\",\"item\":\"https:\/\/store.nox-xtreme.com\/pt-pt\/\"},{\"@type\":\"ListItem\",\"position\":2,\"name\":\"Productos\",\"item\":\"https:\/\/store.nox-xtreme.com\/shop\/\"},{\"@type\":\"ListItem\",\"position\":3,\"name\":\"Infinity Delta\"}]},{\"@type\":\"WebSite\",\"@id\":\"https:\/\/store.nox-xtreme.com\/#website\",\"url\":\"https:\/\/store.nox-xtreme.com\/\",\"name\":\"Nox-Xtreme\",\"description\":\"Boosting You Performance\",\"potentialAction\":[{\"@type\":\"SearchAction\",\"target\":{\"@type\":\"EntryPoint\",\"urlTemplate\":\"https:\/\/store.nox-xtreme.com\/?s={search_term_string}\"},\"query-input\":{\"@type\":\"PropertyValueSpecification\",\"valueRequired\":true,\"valueName\":\"search_term_string\"}}],\"inLanguage\":\"pt-PT\"}]}<\/script>\n<!-- \/ Yoast SEO plugin. -->","yoast_head_json":{"title":"Infinity Delta - Nox-Xtreme","robots":{"index":"index","follow":"follow","max-snippet":"max-snippet:-1","max-image-preview":"max-image-preview:large","max-video-preview":"max-video-preview:-1"},"canonical":"https:\/\/store.nox-xtreme.com\/pt-pt\/producto\/infinity-delta\/","og_locale":"pt_PT","og_type":"article","og_title":"Infinity Delta - Nox-Xtreme","og_description":"Painel lateral de acr\u00edlicoFaixa de LED ARGB no painel frontalDuas ventoinhas de anel ARGB de 120 mm pr\u00e9-instaladasControlo RGB pelo bot\u00e3o frontalFiltro magn\u00e9tico anti p\u00f3 no painel superiorFonte e discos r\u00edgidos em compartimento isoladoUSB 3.0 de alta velocidadeCapacidade de instalar at\u00e9 8 ventoinhas","og_url":"https:\/\/store.nox-xtreme.com\/pt-pt\/producto\/infinity-delta\/","og_site_name":"Nox-Xtreme","article_modified_time":"2022-04-08T10:19:52+00:00","twitter_card":"summary_large_image","twitter_misc":{"Tempo estimado de leitura":"1 minuto"},"schema":{"@context":"https:\/\/schema.org","@graph":[{"@type":"WebPage","@id":"https:\/\/store.nox-xtreme.com\/pt-pt\/producto\/infinity-delta\/","url":"https:\/\/store.nox-xtreme.com\/pt-pt\/producto\/infinity-delta\/","name":"Infinity Delta - Nox-Xtreme","isPartOf":{"@id":"https:\/\/store.nox-xtreme.com\/#website"},"datePublished":"2020-09-22T06:26:34+00:00","dateModified":"2022-04-08T10:19:52+00:00","breadcrumb":{"@id":"https:\/\/store.nox-xtreme.com\/pt-pt\/producto\/infinity-delta\/#breadcrumb"},"inLanguage":"pt-PT","potentialAction":[{"@type":"ReadAction","target":["https:\/\/store.nox-xtreme.com\/pt-pt\/producto\/infinity-delta\/"]}]},{"@type":"BreadcrumbList","@id":"https:\/\/store.nox-xtreme.com\/pt-pt\/producto\/infinity-delta\/#breadcrumb","itemListElement":[{"@type":"ListItem","position":1,"name":"Portada","item":"https:\/\/store.nox-xtreme.com\/pt-pt\/"},{"@type":"ListItem","position":2,"name":"Productos","item":"https:\/\/store.nox-xtreme.com\/shop\/"},{"@type":"ListItem","position":3,"name":"Infinity Delta"}]},{"@type":"WebSite","@id":"https:\/\/store.nox-xtreme.com\/#website","url":"https:\/\/store.nox-xtreme.com\/","name":"Nox-Xtreme","description":"Boosting You Performance","potentialAction":[{"@type":"SearchAction","target":{"@type":"EntryPoint","urlTemplate":"https:\/\/store.nox-xtreme.com\/?s={search_term_string}"},"query-input":{"@type":"PropertyValueSpecification","valueRequired":true,"valueName":"search_term_string"}}],"inLanguage":"pt-PT"}]}},"_links":{"self":[{"href":"https:\/\/store.nox-xtreme.com\/pt-pt\/wp-json\/wp\/v2\/product\/16024","targetHints":{"allow":["GET"]}}],"collection":[{"href":"https:\/\/store.nox-xtreme.com\/pt-pt\/wp-json\/wp\/v2\/product"}],"about":[{"href":"https:\/\/store.nox-xtreme.com\/pt-pt\/wp-json\/wp\/v2\/types\/product"}],"replies":[{"embeddable":true,"href":"https:\/\/store.nox-xtreme.com\/pt-pt\/wp-json\/wp\/v2\/comments?post=16024"}],"wp:attachment":[{"href":"https:\/\/store.nox-xtreme.com\/pt-pt\/wp-json\/wp\/v2\/media?parent=16024"}],"wp:term":[{"taxonomy":"product_brand","embeddable":true,"href":"https:\/\/store.nox-xtreme.com\/pt-pt\/wp-json\/wp\/v2\/product_brand?post=16024"},{"taxonomy":"product_cat","embeddable":true,"href":"https:\/\/store.nox-xtreme.com\/pt-pt\/wp-json\/wp\/v2\/product_cat?post=16024"},{"taxonomy":"product_tag","embeddable":true,"href":"https:\/\/store.nox-xtreme.com\/pt-pt\/wp-json\/wp\/v2\/product_tag?post=16024"}],"curies":[{"name":"wp","href":"https:\/\/api.w.org\/{rel}","templated":true}]}}