{"id":16013,"date":"2020-09-22T08:28:48","date_gmt":"2020-09-22T06:28:48","guid":{"rendered":"https:\/\/store.nox-xtreme.com\/producto\/h-fan-led\/"},"modified":"2023-09-04T12:13:33","modified_gmt":"2023-09-04T10:13:33","slug":"h-fan-led","status":"publish","type":"product","link":"https:\/\/store.nox-xtreme.com\/pt-pt\/producto\/h-fan-led\/","title":{"rendered":"H-Fan LED"},"content":{"rendered":"<h3>H-Fan LED<\/h3>\n<p>H-Fan son los ventiladores de la serie Hummer. Ventiladores de <strong>120 mm<\/strong> disponibles con LEDs en cuatro colores diferentes que te proporcionar\u00e1n una excelente ventilaci\u00f3n de manera eficaz y silenciosa.<\/p>\n<h3>Flujo \u00f3ptimo de aire<\/h3>\n<p>Sus <strong>aspas aerodin\u00e1micas<\/strong> te ofrecen una m\u00ednima resistencia al aire, proporcionando la mejor ventilaci\u00f3n posible a todos los componentes y garantizando un continuo flujo de aire en el interior del PC.<\/p>\n<h3>Ventilaci\u00f3n silenciosa<\/h3>\n<p>H-Fan LED cuenta con <strong>esquinas con soporte de goma<\/strong> que absorben las vibraciones ofreciendo un alto rendimiento a un bajo nivel sonoro.<\/p>\n<p>Incluye un cable adaptador para <strong>reducir la velocidad<\/strong> de rotaci\u00f3n del ventilador de 1600 a 1000 RPM.<\/p>\n<h3>Dise\u00f1o atractivo<\/h3>\n<p>La iluminaci\u00f3n LED en <strong>color blanco<\/strong> y su dise\u00f1o innovador convierten a los ventiladores de Hummer en una opci\u00f3n muy atractiva para personalizar el PC.<\/p>\n","protected":false},"excerpt":{"rendered":"<ul>\n<li>7 aspas trasl\u00facidas<\/li>\n<li>Adaptador reductor de velocidad incluido<\/li>\n<li>Rodamientos hidr\u00e1ulicos<\/li>\n<li>LEDs brillantes<\/li>\n<li>Dise\u00f1o silencioso optimizado<\/li>\n<li>Esquinas con soporte de goma<\/li>\n<\/ul>\n","protected":false},"featured_media":0,"comment_status":"closed","ping_status":"closed","template":"","meta":{"inline_featured_image":false},"product_brand":[],"product_cat":[178],"product_tag":[],"class_list":{"0":"post-16013","1":"product","2":"type-product","3":"status-publish","5":"product_cat-refrigeracion-pt-pt","7":"first","8":"instock","9":"taxable","10":"shipping-taxable","11":"purchasable","12":"product-type-variable"},"yoast_head":"<!-- This site is optimized with the Yoast SEO plugin v26.7 - https:\/\/yoast.com\/wordpress\/plugins\/seo\/ -->\n<title>H-Fan LED - Nox-Xtreme<\/title>\n<meta name=\"robots\" content=\"index, follow, max-snippet:-1, max-image-preview:large, max-video-preview:-1\" \/>\n<link rel=\"canonical\" href=\"https:\/\/store.nox-xtreme.com\/pt-pt\/producto\/h-fan-led\/\" \/>\n<meta property=\"og:locale\" content=\"pt_PT\" \/>\n<meta property=\"og:type\" content=\"article\" \/>\n<meta property=\"og:title\" content=\"H-Fan LED - Nox-Xtreme\" \/>\n<meta property=\"og:description\" content=\"7 aspas trasl\u00facidas  Adaptador reductor de velocidad incluido  Rodamientos hidr\u00e1ulicos  LEDs brillantes  Dise\u00f1o silencioso optimizado  Esquinas con soporte de goma\" \/>\n<meta property=\"og:url\" content=\"https:\/\/store.nox-xtreme.com\/pt-pt\/producto\/h-fan-led\/\" \/>\n<meta property=\"og:site_name\" content=\"Nox-Xtreme\" \/>\n<meta property=\"article:modified_time\" content=\"2023-09-04T10:13:33+00:00\" \/>\n<meta name=\"twitter:card\" content=\"summary_large_image\" \/>\n<meta name=\"twitter:label1\" content=\"Tempo estimado de leitura\" \/>\n\t<meta name=\"twitter:data1\" content=\"1 minuto\" \/>\n<script type=\"application\/ld+json\" class=\"yoast-schema-graph\">{\"@context\":\"https:\/\/schema.org\",\"@graph\":[{\"@type\":\"WebPage\",\"@id\":\"https:\/\/store.nox-xtreme.com\/pt-pt\/producto\/h-fan-led\/\",\"url\":\"https:\/\/store.nox-xtreme.com\/pt-pt\/producto\/h-fan-led\/\",\"name\":\"H-Fan LED - Nox-Xtreme\",\"isPartOf\":{\"@id\":\"https:\/\/store.nox-xtreme.com\/#website\"},\"datePublished\":\"2020-09-22T06:28:48+00:00\",\"dateModified\":\"2023-09-04T10:13:33+00:00\",\"breadcrumb\":{\"@id\":\"https:\/\/store.nox-xtreme.com\/pt-pt\/producto\/h-fan-led\/#breadcrumb\"},\"inLanguage\":\"pt-PT\",\"potentialAction\":[{\"@type\":\"ReadAction\",\"target\":[\"https:\/\/store.nox-xtreme.com\/pt-pt\/producto\/h-fan-led\/\"]}]},{\"@type\":\"BreadcrumbList\",\"@id\":\"https:\/\/store.nox-xtreme.com\/pt-pt\/producto\/h-fan-led\/#breadcrumb\",\"itemListElement\":[{\"@type\":\"ListItem\",\"position\":1,\"name\":\"Portada\",\"item\":\"https:\/\/store.nox-xtreme.com\/pt-pt\/\"},{\"@type\":\"ListItem\",\"position\":2,\"name\":\"Productos\",\"item\":\"https:\/\/store.nox-xtreme.com\/shop\/\"},{\"@type\":\"ListItem\",\"position\":3,\"name\":\"H-Fan LED\"}]},{\"@type\":\"WebSite\",\"@id\":\"https:\/\/store.nox-xtreme.com\/#website\",\"url\":\"https:\/\/store.nox-xtreme.com\/\",\"name\":\"Nox-Xtreme\",\"description\":\"Boosting You Performance\",\"potentialAction\":[{\"@type\":\"SearchAction\",\"target\":{\"@type\":\"EntryPoint\",\"urlTemplate\":\"https:\/\/store.nox-xtreme.com\/?s={search_term_string}\"},\"query-input\":{\"@type\":\"PropertyValueSpecification\",\"valueRequired\":true,\"valueName\":\"search_term_string\"}}],\"inLanguage\":\"pt-PT\"}]}<\/script>\n<!-- \/ Yoast SEO plugin. -->","yoast_head_json":{"title":"H-Fan LED - Nox-Xtreme","robots":{"index":"index","follow":"follow","max-snippet":"max-snippet:-1","max-image-preview":"max-image-preview:large","max-video-preview":"max-video-preview:-1"},"canonical":"https:\/\/store.nox-xtreme.com\/pt-pt\/producto\/h-fan-led\/","og_locale":"pt_PT","og_type":"article","og_title":"H-Fan LED - Nox-Xtreme","og_description":"7 aspas trasl\u00facidas  Adaptador reductor de velocidad incluido  Rodamientos hidr\u00e1ulicos  LEDs brillantes  Dise\u00f1o silencioso optimizado  Esquinas con soporte de goma","og_url":"https:\/\/store.nox-xtreme.com\/pt-pt\/producto\/h-fan-led\/","og_site_name":"Nox-Xtreme","article_modified_time":"2023-09-04T10:13:33+00:00","twitter_card":"summary_large_image","twitter_misc":{"Tempo estimado de leitura":"1 minuto"},"schema":{"@context":"https:\/\/schema.org","@graph":[{"@type":"WebPage","@id":"https:\/\/store.nox-xtreme.com\/pt-pt\/producto\/h-fan-led\/","url":"https:\/\/store.nox-xtreme.com\/pt-pt\/producto\/h-fan-led\/","name":"H-Fan LED - Nox-Xtreme","isPartOf":{"@id":"https:\/\/store.nox-xtreme.com\/#website"},"datePublished":"2020-09-22T06:28:48+00:00","dateModified":"2023-09-04T10:13:33+00:00","breadcrumb":{"@id":"https:\/\/store.nox-xtreme.com\/pt-pt\/producto\/h-fan-led\/#breadcrumb"},"inLanguage":"pt-PT","potentialAction":[{"@type":"ReadAction","target":["https:\/\/store.nox-xtreme.com\/pt-pt\/producto\/h-fan-led\/"]}]},{"@type":"BreadcrumbList","@id":"https:\/\/store.nox-xtreme.com\/pt-pt\/producto\/h-fan-led\/#breadcrumb","itemListElement":[{"@type":"ListItem","position":1,"name":"Portada","item":"https:\/\/store.nox-xtreme.com\/pt-pt\/"},{"@type":"ListItem","position":2,"name":"Productos","item":"https:\/\/store.nox-xtreme.com\/shop\/"},{"@type":"ListItem","position":3,"name":"H-Fan LED"}]},{"@type":"WebSite","@id":"https:\/\/store.nox-xtreme.com\/#website","url":"https:\/\/store.nox-xtreme.com\/","name":"Nox-Xtreme","description":"Boosting You Performance","potentialAction":[{"@type":"SearchAction","target":{"@type":"EntryPoint","urlTemplate":"https:\/\/store.nox-xtreme.com\/?s={search_term_string}"},"query-input":{"@type":"PropertyValueSpecification","valueRequired":true,"valueName":"search_term_string"}}],"inLanguage":"pt-PT"}]}},"_links":{"self":[{"href":"https:\/\/store.nox-xtreme.com\/pt-pt\/wp-json\/wp\/v2\/product\/16013","targetHints":{"allow":["GET"]}}],"collection":[{"href":"https:\/\/store.nox-xtreme.com\/pt-pt\/wp-json\/wp\/v2\/product"}],"about":[{"href":"https:\/\/store.nox-xtreme.com\/pt-pt\/wp-json\/wp\/v2\/types\/product"}],"replies":[{"embeddable":true,"href":"https:\/\/store.nox-xtreme.com\/pt-pt\/wp-json\/wp\/v2\/comments?post=16013"}],"wp:attachment":[{"href":"https:\/\/store.nox-xtreme.com\/pt-pt\/wp-json\/wp\/v2\/media?parent=16013"}],"wp:term":[{"taxonomy":"product_brand","embeddable":true,"href":"https:\/\/store.nox-xtreme.com\/pt-pt\/wp-json\/wp\/v2\/product_brand?post=16013"},{"taxonomy":"product_cat","embeddable":true,"href":"https:\/\/store.nox-xtreme.com\/pt-pt\/wp-json\/wp\/v2\/product_cat?post=16013"},{"taxonomy":"product_tag","embeddable":true,"href":"https:\/\/store.nox-xtreme.com\/pt-pt\/wp-json\/wp\/v2\/product_tag?post=16013"}],"curies":[{"name":"wp","href":"https:\/\/api.w.org\/{rel}","templated":true}]}}