{"id":16007,"date":"2020-10-01T14:39:07","date_gmt":"2020-10-01T12:39:07","guid":{"rendered":"https:\/\/store.nox-xtreme.com\/producto\/h-224-noir\/"},"modified":"2022-04-07T16:27:45","modified_gmt":"2022-04-07T14:27:45","slug":"h-224-noir","status":"publish","type":"product","link":"https:\/\/store.nox-xtreme.com\/pt-pt\/producto\/h-224-noir\/","title":{"rendered":"Hummer H-224 Noir"},"content":{"rendered":"<h3>Design elegante<\/h3>\n<p>Nox Hummer H-224 Noir \u00e9 um discreto cooler de CPU com uma est\u00e9tica elegante e minimalista, constru\u00eddo com materiais de alta qualidade. Com acabamento em preto, esta ventoinha de 120 mm possui aletas capazes de dissipar calor em alta velocidade.<\/p>\n<p>Com  quatro heatpipes de cobre , alto desempenho e boa condutividade t\u00e9rmica, al\u00e9m de uma base de alum\u00ednio , n\u00e3o \u00e9 apenas surpreendentemente alta a efici\u00eancia t\u00e9rmica, mas tamb\u00e9m o seu baixo n\u00edvel de ru\u00eddo.<\/p>\n<h3>Alto rendimento<\/h3>\n<p>Este avan\u00e7ado dissipador de calor incorpora tecnologia PWM para controlo autom\u00e1tico da velocidade da ventoinha: a poupan\u00e7a de energia \u00e9 garantida.<\/p>\n<p>O Nox Hummer H-224 Noir surpreende com a sua grande efici\u00eancia t\u00e9rmica e o seu baixo n\u00edvel de ru\u00eddo: \u00e9 t\u00e3o silencioso que \u00e9 quase inaud\u00edvel. \u00c9 ideal para as configura\u00e7\u00f5es mais exigentes, conseguindo manter uma temperatura baixa, mesmo nas condi\u00e7\u00f5es de maior atividade.<\/p>\n<h3>Dimens\u00f5es compactas<\/h3>\n<p>Nox Hummer H-224 Noir tem dimens\u00f5es de 120 x 73 x 154 mm. O seu pequeno tamanho significa que n\u00e3o interfere na montagem da mem\u00f3ria RAM.<\/p>\n<h3>F\u00e1cil de instalar<\/h3>\n<p>Nox Hummer H-224 Noir \u00e9 um elegante  sistema de refrigera\u00e7\u00e3o para  CPU compat\u00edvel com AMD e Intel, que \u00e9 f\u00e1cil de instalar. Este dissipador de calor tamb\u00e9m permite que opcionalmente coloque outra ventoinha de 120 mm, de forma a que permita melhorar ainda mais a refrigera\u00e7\u00e3o do equipamento (ventoinha adicional n\u00e3o inclu\u00edda).<\/p>\n","protected":false},"excerpt":{"rendered":"<ul>\n<li>Compatibilidade com AMD e Intel<\/li>\n<li>Design elegante e minimalista com acabamentos em preto<\/li>\n<li>Controlo PWM inteligente<\/li>\n<li>Ventoinha de 120 mm<\/li>\n<\/ul>\n","protected":false},"featured_media":16012,"comment_status":"closed","ping_status":"closed","template":"","meta":{"inline_featured_image":false},"product_brand":[],"product_cat":[178],"product_tag":[],"class_list":{"0":"post-16007","1":"product","2":"type-product","3":"status-publish","4":"has-post-thumbnail","6":"product_cat-refrigeracion-pt-pt","8":"first","9":"outofstock","10":"taxable","11":"shipping-taxable","12":"purchasable","13":"product-type-simple"},"yoast_head":"<!-- This site is optimized with the Yoast SEO plugin v26.7 - https:\/\/yoast.com\/wordpress\/plugins\/seo\/ -->\n<title>Hummer H-224 Noir - Nox-Xtreme<\/title>\n<meta name=\"robots\" content=\"index, follow, max-snippet:-1, max-image-preview:large, max-video-preview:-1\" \/>\n<link rel=\"canonical\" href=\"https:\/\/store.nox-xtreme.com\/pt-pt\/producto\/h-224-noir\/\" \/>\n<meta property=\"og:locale\" content=\"pt_PT\" \/>\n<meta property=\"og:type\" content=\"article\" \/>\n<meta property=\"og:title\" content=\"Hummer H-224 Noir - Nox-Xtreme\" \/>\n<meta property=\"og:description\" content=\"Compatibilidade com AMD e IntelDesign elegante e minimalista com acabamentos em pretoControlo PWM inteligenteVentoinha de 120 mm\" \/>\n<meta property=\"og:url\" content=\"https:\/\/store.nox-xtreme.com\/pt-pt\/producto\/h-224-noir\/\" \/>\n<meta property=\"og:site_name\" content=\"Nox-Xtreme\" \/>\n<meta property=\"article:modified_time\" content=\"2022-04-07T14:27:45+00:00\" \/>\n<meta property=\"og:image\" content=\"https:\/\/store.nox-xtreme.com\/wp-content\/uploads\/sites\/2\/2020\/10\/nox_hummer_h-224_noir_1.jpg\" \/>\n\t<meta property=\"og:image:width\" content=\"1049\" \/>\n\t<meta property=\"og:image:height\" content=\"1300\" \/>\n\t<meta property=\"og:image:type\" content=\"image\/jpeg\" \/>\n<meta name=\"twitter:card\" content=\"summary_large_image\" \/>\n<meta name=\"twitter:label1\" content=\"Tempo estimado de leitura\" \/>\n\t<meta name=\"twitter:data1\" content=\"1 minuto\" \/>\n<script type=\"application\/ld+json\" class=\"yoast-schema-graph\">{\"@context\":\"https:\/\/schema.org\",\"@graph\":[{\"@type\":\"WebPage\",\"@id\":\"https:\/\/store.nox-xtreme.com\/pt-pt\/producto\/h-224-noir\/\",\"url\":\"https:\/\/store.nox-xtreme.com\/pt-pt\/producto\/h-224-noir\/\",\"name\":\"Hummer H-224 Noir - Nox-Xtreme\",\"isPartOf\":{\"@id\":\"https:\/\/store.nox-xtreme.com\/#website\"},\"primaryImageOfPage\":{\"@id\":\"https:\/\/store.nox-xtreme.com\/pt-pt\/producto\/h-224-noir\/#primaryimage\"},\"image\":{\"@id\":\"https:\/\/store.nox-xtreme.com\/pt-pt\/producto\/h-224-noir\/#primaryimage\"},\"thumbnailUrl\":\"https:\/\/store.nox-xtreme.com\/wp-content\/uploads\/sites\/2\/2020\/10\/nox_hummer_h-224_noir_1.jpg\",\"datePublished\":\"2020-10-01T12:39:07+00:00\",\"dateModified\":\"2022-04-07T14:27:45+00:00\",\"breadcrumb\":{\"@id\":\"https:\/\/store.nox-xtreme.com\/pt-pt\/producto\/h-224-noir\/#breadcrumb\"},\"inLanguage\":\"pt-PT\",\"potentialAction\":[{\"@type\":\"ReadAction\",\"target\":[\"https:\/\/store.nox-xtreme.com\/pt-pt\/producto\/h-224-noir\/\"]}]},{\"@type\":\"ImageObject\",\"inLanguage\":\"pt-PT\",\"@id\":\"https:\/\/store.nox-xtreme.com\/pt-pt\/producto\/h-224-noir\/#primaryimage\",\"url\":\"https:\/\/store.nox-xtreme.com\/wp-content\/uploads\/sites\/2\/2020\/10\/nox_hummer_h-224_noir_1.jpg\",\"contentUrl\":\"https:\/\/store.nox-xtreme.com\/wp-content\/uploads\/sites\/2\/2020\/10\/nox_hummer_h-224_noir_1.jpg\",\"width\":1049,\"height\":1300},{\"@type\":\"BreadcrumbList\",\"@id\":\"https:\/\/store.nox-xtreme.com\/pt-pt\/producto\/h-224-noir\/#breadcrumb\",\"itemListElement\":[{\"@type\":\"ListItem\",\"position\":1,\"name\":\"Portada\",\"item\":\"https:\/\/store.nox-xtreme.com\/pt-pt\/\"},{\"@type\":\"ListItem\",\"position\":2,\"name\":\"Productos\",\"item\":\"https:\/\/store.nox-xtreme.com\/shop\/\"},{\"@type\":\"ListItem\",\"position\":3,\"name\":\"Hummer H-224 Noir\"}]},{\"@type\":\"WebSite\",\"@id\":\"https:\/\/store.nox-xtreme.com\/#website\",\"url\":\"https:\/\/store.nox-xtreme.com\/\",\"name\":\"Nox-Xtreme\",\"description\":\"Boosting You Performance\",\"potentialAction\":[{\"@type\":\"SearchAction\",\"target\":{\"@type\":\"EntryPoint\",\"urlTemplate\":\"https:\/\/store.nox-xtreme.com\/?s={search_term_string}\"},\"query-input\":{\"@type\":\"PropertyValueSpecification\",\"valueRequired\":true,\"valueName\":\"search_term_string\"}}],\"inLanguage\":\"pt-PT\"}]}<\/script>\n<!-- \/ Yoast SEO plugin. -->","yoast_head_json":{"title":"Hummer H-224 Noir - Nox-Xtreme","robots":{"index":"index","follow":"follow","max-snippet":"max-snippet:-1","max-image-preview":"max-image-preview:large","max-video-preview":"max-video-preview:-1"},"canonical":"https:\/\/store.nox-xtreme.com\/pt-pt\/producto\/h-224-noir\/","og_locale":"pt_PT","og_type":"article","og_title":"Hummer H-224 Noir - Nox-Xtreme","og_description":"Compatibilidade com AMD e IntelDesign elegante e minimalista com acabamentos em pretoControlo PWM inteligenteVentoinha de 120 mm","og_url":"https:\/\/store.nox-xtreme.com\/pt-pt\/producto\/h-224-noir\/","og_site_name":"Nox-Xtreme","article_modified_time":"2022-04-07T14:27:45+00:00","og_image":[{"width":1049,"height":1300,"url":"https:\/\/store.nox-xtreme.com\/wp-content\/uploads\/sites\/2\/2020\/10\/nox_hummer_h-224_noir_1.jpg","type":"image\/jpeg"}],"twitter_card":"summary_large_image","twitter_misc":{"Tempo estimado de leitura":"1 minuto"},"schema":{"@context":"https:\/\/schema.org","@graph":[{"@type":"WebPage","@id":"https:\/\/store.nox-xtreme.com\/pt-pt\/producto\/h-224-noir\/","url":"https:\/\/store.nox-xtreme.com\/pt-pt\/producto\/h-224-noir\/","name":"Hummer H-224 Noir - Nox-Xtreme","isPartOf":{"@id":"https:\/\/store.nox-xtreme.com\/#website"},"primaryImageOfPage":{"@id":"https:\/\/store.nox-xtreme.com\/pt-pt\/producto\/h-224-noir\/#primaryimage"},"image":{"@id":"https:\/\/store.nox-xtreme.com\/pt-pt\/producto\/h-224-noir\/#primaryimage"},"thumbnailUrl":"https:\/\/store.nox-xtreme.com\/wp-content\/uploads\/sites\/2\/2020\/10\/nox_hummer_h-224_noir_1.jpg","datePublished":"2020-10-01T12:39:07+00:00","dateModified":"2022-04-07T14:27:45+00:00","breadcrumb":{"@id":"https:\/\/store.nox-xtreme.com\/pt-pt\/producto\/h-224-noir\/#breadcrumb"},"inLanguage":"pt-PT","potentialAction":[{"@type":"ReadAction","target":["https:\/\/store.nox-xtreme.com\/pt-pt\/producto\/h-224-noir\/"]}]},{"@type":"ImageObject","inLanguage":"pt-PT","@id":"https:\/\/store.nox-xtreme.com\/pt-pt\/producto\/h-224-noir\/#primaryimage","url":"https:\/\/store.nox-xtreme.com\/wp-content\/uploads\/sites\/2\/2020\/10\/nox_hummer_h-224_noir_1.jpg","contentUrl":"https:\/\/store.nox-xtreme.com\/wp-content\/uploads\/sites\/2\/2020\/10\/nox_hummer_h-224_noir_1.jpg","width":1049,"height":1300},{"@type":"BreadcrumbList","@id":"https:\/\/store.nox-xtreme.com\/pt-pt\/producto\/h-224-noir\/#breadcrumb","itemListElement":[{"@type":"ListItem","position":1,"name":"Portada","item":"https:\/\/store.nox-xtreme.com\/pt-pt\/"},{"@type":"ListItem","position":2,"name":"Productos","item":"https:\/\/store.nox-xtreme.com\/shop\/"},{"@type":"ListItem","position":3,"name":"Hummer H-224 Noir"}]},{"@type":"WebSite","@id":"https:\/\/store.nox-xtreme.com\/#website","url":"https:\/\/store.nox-xtreme.com\/","name":"Nox-Xtreme","description":"Boosting You Performance","potentialAction":[{"@type":"SearchAction","target":{"@type":"EntryPoint","urlTemplate":"https:\/\/store.nox-xtreme.com\/?s={search_term_string}"},"query-input":{"@type":"PropertyValueSpecification","valueRequired":true,"valueName":"search_term_string"}}],"inLanguage":"pt-PT"}]}},"_links":{"self":[{"href":"https:\/\/store.nox-xtreme.com\/pt-pt\/wp-json\/wp\/v2\/product\/16007","targetHints":{"allow":["GET"]}}],"collection":[{"href":"https:\/\/store.nox-xtreme.com\/pt-pt\/wp-json\/wp\/v2\/product"}],"about":[{"href":"https:\/\/store.nox-xtreme.com\/pt-pt\/wp-json\/wp\/v2\/types\/product"}],"replies":[{"embeddable":true,"href":"https:\/\/store.nox-xtreme.com\/pt-pt\/wp-json\/wp\/v2\/comments?post=16007"}],"wp:featuredmedia":[{"embeddable":true,"href":"https:\/\/store.nox-xtreme.com\/pt-pt\/wp-json\/wp\/v2\/media\/16012"}],"wp:attachment":[{"href":"https:\/\/store.nox-xtreme.com\/pt-pt\/wp-json\/wp\/v2\/media?parent=16007"}],"wp:term":[{"taxonomy":"product_brand","embeddable":true,"href":"https:\/\/store.nox-xtreme.com\/pt-pt\/wp-json\/wp\/v2\/product_brand?post=16007"},{"taxonomy":"product_cat","embeddable":true,"href":"https:\/\/store.nox-xtreme.com\/pt-pt\/wp-json\/wp\/v2\/product_cat?post=16007"},{"taxonomy":"product_tag","embeddable":true,"href":"https:\/\/store.nox-xtreme.com\/pt-pt\/wp-json\/wp\/v2\/product_tag?post=16007"}],"curies":[{"name":"wp","href":"https:\/\/api.w.org\/{rel}","templated":true}]}}