{"id":16001,"date":"2020-10-01T14:39:29","date_gmt":"2020-10-01T12:39:29","guid":{"rendered":"https:\/\/store.nox-xtreme.com\/producto\/h-123-rgb\/"},"modified":"2022-04-07T16:26:04","modified_gmt":"2022-04-07T14:26:04","slug":"h-123-rgb","status":"publish","type":"product","link":"https:\/\/store.nox-xtreme.com\/pt-pt\/producto\/h-123-rgb\/","title":{"rendered":"Hummer H-123 RGB"},"content":{"rendered":"<h3>Excelente refrigera\u00e7\u00e3o<\/h3>\n<p>Arrefecer o processador \u00e9 uma tarefa muito simples com  Nox Hummer H-123 RGB, pois este cooler de 120 mm tem l\u00e2minas eficientes que atingem altos n\u00edveis de dissipa\u00e7\u00e3o com um n\u00edvel sonoro muito baixo.<\/p>\n<p>Seu design c\u00f4nico, e a sua base de alum\u00ednio direcionam o fluxo de ar e ajudam a reduzir o calor, equilibrando a temperatura.<\/p>\n<p>Al\u00e9m disso, este cooler para CPU est\u00e1 equipado com PWM, para que a velocidade da ventoinha seja controlada automaticamente e se ajuste sempre \u00e0s necessidades do seu computador, economizando energia e garantindo um desempenho adequado.<\/p>\n<h3>Ilumina\u00e7\u00e3o RGB<\/h3>\n<p>O cooler Nox Hummer H-123 RGB oferece um bom desempenho juntamente com ilumina\u00e7\u00e3o RGB espetacular. Este cooler para CPU  incorpora tecnologias de sincroniza\u00e7\u00e3o da motherboard, para que possa decorar o interior do seu PC com as cores e efeitos que desejar. Ter\u00e1 o melhor arrefecimento e excelente ilumina\u00e7\u00e3o.<\/p>\n<h3>Dimens\u00f5es reduzidas<\/h3>\n<p>O espa\u00e7o m\u00ednimo, a pot\u00eancia m\u00e1xima. O Nox Hummer H-123 RGB tem dimens\u00f5es de 120 x 120 x 65 mm. O seu tamanho compacto torna-o compat\u00edvel com qualquer configura\u00e7\u00e3o. Divirta-se a jogar sem se preocupar com nada.<\/p>\n<h3>F\u00e1cil instala\u00e7\u00e3o<\/h3>\n<p>A sua instala\u00e7\u00e3o \u00e9 muito simples. Simplesmente coloque o anel ao redor do microprocessador e coloque o cooler sobre ele.<\/p>\n<p>Nox Hummer H-123 RGB \u00e9 compat\u00edvel com processadores AMD e Intel.<\/p>\n","protected":false},"excerpt":{"rendered":"<ul>\n<li>Compat\u00edvel com AMD e Intel<\/li>\n<li>Ilumina\u00e7\u00e3o RGB compat\u00edvel com tecnologias de sincroniza\u00e7\u00e3o da motherboard<\/li>\n<li>Controlo PWM inteligente<\/li>\n<li>Ventoinha de 120 mm<\/li>\n<\/ul>\n","protected":false},"featured_media":16002,"comment_status":"closed","ping_status":"closed","template":"","meta":{"inline_featured_image":false},"product_brand":[],"product_cat":[178],"product_tag":[],"class_list":{"0":"post-16001","1":"product","2":"type-product","3":"status-publish","4":"has-post-thumbnail","6":"product_cat-refrigeracion-pt-pt","8":"first","9":"outofstock","10":"taxable","11":"shipping-taxable","12":"purchasable","13":"product-type-simple"},"yoast_head":"<!-- This site is optimized with the Yoast SEO plugin v26.7 - https:\/\/yoast.com\/wordpress\/plugins\/seo\/ -->\n<title>Hummer H-123 RGB - Nox-Xtreme<\/title>\n<meta name=\"robots\" content=\"index, follow, max-snippet:-1, max-image-preview:large, max-video-preview:-1\" \/>\n<link rel=\"canonical\" href=\"https:\/\/store.nox-xtreme.com\/pt-pt\/producto\/h-123-rgb\/\" \/>\n<meta property=\"og:locale\" content=\"pt_PT\" \/>\n<meta property=\"og:type\" content=\"article\" \/>\n<meta property=\"og:title\" content=\"Hummer H-123 RGB - Nox-Xtreme\" \/>\n<meta property=\"og:description\" content=\"Compat\u00edvel com AMD e IntelIlumina\u00e7\u00e3o RGB compat\u00edvel com tecnologias de sincroniza\u00e7\u00e3o da motherboardControlo PWM inteligenteVentoinha de 120 mm\" \/>\n<meta property=\"og:url\" content=\"https:\/\/store.nox-xtreme.com\/pt-pt\/producto\/h-123-rgb\/\" \/>\n<meta property=\"og:site_name\" content=\"Nox-Xtreme\" \/>\n<meta property=\"article:modified_time\" content=\"2022-04-07T14:26:04+00:00\" \/>\n<meta property=\"og:image\" content=\"https:\/\/store.nox-xtreme.com\/wp-content\/uploads\/sites\/2\/2020\/10\/nox_hummer_h-123_rgb_1.jpg\" \/>\n\t<meta property=\"og:image:width\" content=\"1049\" \/>\n\t<meta property=\"og:image:height\" content=\"1300\" \/>\n\t<meta property=\"og:image:type\" content=\"image\/jpeg\" \/>\n<meta name=\"twitter:card\" content=\"summary_large_image\" \/>\n<meta name=\"twitter:label1\" content=\"Tempo estimado de leitura\" \/>\n\t<meta name=\"twitter:data1\" content=\"1 minuto\" \/>\n<script type=\"application\/ld+json\" class=\"yoast-schema-graph\">{\"@context\":\"https:\/\/schema.org\",\"@graph\":[{\"@type\":\"WebPage\",\"@id\":\"https:\/\/store.nox-xtreme.com\/pt-pt\/producto\/h-123-rgb\/\",\"url\":\"https:\/\/store.nox-xtreme.com\/pt-pt\/producto\/h-123-rgb\/\",\"name\":\"Hummer H-123 RGB - Nox-Xtreme\",\"isPartOf\":{\"@id\":\"https:\/\/store.nox-xtreme.com\/#website\"},\"primaryImageOfPage\":{\"@id\":\"https:\/\/store.nox-xtreme.com\/pt-pt\/producto\/h-123-rgb\/#primaryimage\"},\"image\":{\"@id\":\"https:\/\/store.nox-xtreme.com\/pt-pt\/producto\/h-123-rgb\/#primaryimage\"},\"thumbnailUrl\":\"https:\/\/store.nox-xtreme.com\/wp-content\/uploads\/sites\/2\/2020\/10\/nox_hummer_h-123_rgb_1.jpg\",\"datePublished\":\"2020-10-01T12:39:29+00:00\",\"dateModified\":\"2022-04-07T14:26:04+00:00\",\"breadcrumb\":{\"@id\":\"https:\/\/store.nox-xtreme.com\/pt-pt\/producto\/h-123-rgb\/#breadcrumb\"},\"inLanguage\":\"pt-PT\",\"potentialAction\":[{\"@type\":\"ReadAction\",\"target\":[\"https:\/\/store.nox-xtreme.com\/pt-pt\/producto\/h-123-rgb\/\"]}]},{\"@type\":\"ImageObject\",\"inLanguage\":\"pt-PT\",\"@id\":\"https:\/\/store.nox-xtreme.com\/pt-pt\/producto\/h-123-rgb\/#primaryimage\",\"url\":\"https:\/\/store.nox-xtreme.com\/wp-content\/uploads\/sites\/2\/2020\/10\/nox_hummer_h-123_rgb_1.jpg\",\"contentUrl\":\"https:\/\/store.nox-xtreme.com\/wp-content\/uploads\/sites\/2\/2020\/10\/nox_hummer_h-123_rgb_1.jpg\",\"width\":1049,\"height\":1300},{\"@type\":\"BreadcrumbList\",\"@id\":\"https:\/\/store.nox-xtreme.com\/pt-pt\/producto\/h-123-rgb\/#breadcrumb\",\"itemListElement\":[{\"@type\":\"ListItem\",\"position\":1,\"name\":\"Portada\",\"item\":\"https:\/\/store.nox-xtreme.com\/pt-pt\/\"},{\"@type\":\"ListItem\",\"position\":2,\"name\":\"Productos\",\"item\":\"https:\/\/store.nox-xtreme.com\/shop\/\"},{\"@type\":\"ListItem\",\"position\":3,\"name\":\"Hummer H-123 RGB\"}]},{\"@type\":\"WebSite\",\"@id\":\"https:\/\/store.nox-xtreme.com\/#website\",\"url\":\"https:\/\/store.nox-xtreme.com\/\",\"name\":\"Nox-Xtreme\",\"description\":\"Boosting You Performance\",\"potentialAction\":[{\"@type\":\"SearchAction\",\"target\":{\"@type\":\"EntryPoint\",\"urlTemplate\":\"https:\/\/store.nox-xtreme.com\/?s={search_term_string}\"},\"query-input\":{\"@type\":\"PropertyValueSpecification\",\"valueRequired\":true,\"valueName\":\"search_term_string\"}}],\"inLanguage\":\"pt-PT\"}]}<\/script>\n<!-- \/ Yoast SEO plugin. -->","yoast_head_json":{"title":"Hummer H-123 RGB - Nox-Xtreme","robots":{"index":"index","follow":"follow","max-snippet":"max-snippet:-1","max-image-preview":"max-image-preview:large","max-video-preview":"max-video-preview:-1"},"canonical":"https:\/\/store.nox-xtreme.com\/pt-pt\/producto\/h-123-rgb\/","og_locale":"pt_PT","og_type":"article","og_title":"Hummer H-123 RGB - Nox-Xtreme","og_description":"Compat\u00edvel com AMD e IntelIlumina\u00e7\u00e3o RGB compat\u00edvel com tecnologias de sincroniza\u00e7\u00e3o da motherboardControlo PWM inteligenteVentoinha de 120 mm","og_url":"https:\/\/store.nox-xtreme.com\/pt-pt\/producto\/h-123-rgb\/","og_site_name":"Nox-Xtreme","article_modified_time":"2022-04-07T14:26:04+00:00","og_image":[{"width":1049,"height":1300,"url":"https:\/\/store.nox-xtreme.com\/wp-content\/uploads\/sites\/2\/2020\/10\/nox_hummer_h-123_rgb_1.jpg","type":"image\/jpeg"}],"twitter_card":"summary_large_image","twitter_misc":{"Tempo estimado de leitura":"1 minuto"},"schema":{"@context":"https:\/\/schema.org","@graph":[{"@type":"WebPage","@id":"https:\/\/store.nox-xtreme.com\/pt-pt\/producto\/h-123-rgb\/","url":"https:\/\/store.nox-xtreme.com\/pt-pt\/producto\/h-123-rgb\/","name":"Hummer H-123 RGB - Nox-Xtreme","isPartOf":{"@id":"https:\/\/store.nox-xtreme.com\/#website"},"primaryImageOfPage":{"@id":"https:\/\/store.nox-xtreme.com\/pt-pt\/producto\/h-123-rgb\/#primaryimage"},"image":{"@id":"https:\/\/store.nox-xtreme.com\/pt-pt\/producto\/h-123-rgb\/#primaryimage"},"thumbnailUrl":"https:\/\/store.nox-xtreme.com\/wp-content\/uploads\/sites\/2\/2020\/10\/nox_hummer_h-123_rgb_1.jpg","datePublished":"2020-10-01T12:39:29+00:00","dateModified":"2022-04-07T14:26:04+00:00","breadcrumb":{"@id":"https:\/\/store.nox-xtreme.com\/pt-pt\/producto\/h-123-rgb\/#breadcrumb"},"inLanguage":"pt-PT","potentialAction":[{"@type":"ReadAction","target":["https:\/\/store.nox-xtreme.com\/pt-pt\/producto\/h-123-rgb\/"]}]},{"@type":"ImageObject","inLanguage":"pt-PT","@id":"https:\/\/store.nox-xtreme.com\/pt-pt\/producto\/h-123-rgb\/#primaryimage","url":"https:\/\/store.nox-xtreme.com\/wp-content\/uploads\/sites\/2\/2020\/10\/nox_hummer_h-123_rgb_1.jpg","contentUrl":"https:\/\/store.nox-xtreme.com\/wp-content\/uploads\/sites\/2\/2020\/10\/nox_hummer_h-123_rgb_1.jpg","width":1049,"height":1300},{"@type":"BreadcrumbList","@id":"https:\/\/store.nox-xtreme.com\/pt-pt\/producto\/h-123-rgb\/#breadcrumb","itemListElement":[{"@type":"ListItem","position":1,"name":"Portada","item":"https:\/\/store.nox-xtreme.com\/pt-pt\/"},{"@type":"ListItem","position":2,"name":"Productos","item":"https:\/\/store.nox-xtreme.com\/shop\/"},{"@type":"ListItem","position":3,"name":"Hummer H-123 RGB"}]},{"@type":"WebSite","@id":"https:\/\/store.nox-xtreme.com\/#website","url":"https:\/\/store.nox-xtreme.com\/","name":"Nox-Xtreme","description":"Boosting You Performance","potentialAction":[{"@type":"SearchAction","target":{"@type":"EntryPoint","urlTemplate":"https:\/\/store.nox-xtreme.com\/?s={search_term_string}"},"query-input":{"@type":"PropertyValueSpecification","valueRequired":true,"valueName":"search_term_string"}}],"inLanguage":"pt-PT"}]}},"_links":{"self":[{"href":"https:\/\/store.nox-xtreme.com\/pt-pt\/wp-json\/wp\/v2\/product\/16001","targetHints":{"allow":["GET"]}}],"collection":[{"href":"https:\/\/store.nox-xtreme.com\/pt-pt\/wp-json\/wp\/v2\/product"}],"about":[{"href":"https:\/\/store.nox-xtreme.com\/pt-pt\/wp-json\/wp\/v2\/types\/product"}],"replies":[{"embeddable":true,"href":"https:\/\/store.nox-xtreme.com\/pt-pt\/wp-json\/wp\/v2\/comments?post=16001"}],"wp:featuredmedia":[{"embeddable":true,"href":"https:\/\/store.nox-xtreme.com\/pt-pt\/wp-json\/wp\/v2\/media\/16002"}],"wp:attachment":[{"href":"https:\/\/store.nox-xtreme.com\/pt-pt\/wp-json\/wp\/v2\/media?parent=16001"}],"wp:term":[{"taxonomy":"product_brand","embeddable":true,"href":"https:\/\/store.nox-xtreme.com\/pt-pt\/wp-json\/wp\/v2\/product_brand?post=16001"},{"taxonomy":"product_cat","embeddable":true,"href":"https:\/\/store.nox-xtreme.com\/pt-pt\/wp-json\/wp\/v2\/product_cat?post=16001"},{"taxonomy":"product_tag","embeddable":true,"href":"https:\/\/store.nox-xtreme.com\/pt-pt\/wp-json\/wp\/v2\/product_tag?post=16001"}],"curies":[{"name":"wp","href":"https:\/\/api.w.org\/{rel}","templated":true}]}}