{"id":15988,"date":"2020-10-21T14:17:30","date_gmt":"2020-10-21T12:17:30","guid":{"rendered":"https:\/\/store.nox-xtreme.com\/producto\/hummer-nexus-black-edition\/"},"modified":"2023-09-04T12:13:32","modified_gmt":"2023-09-04T10:13:32","slug":"hummer-nexus-black-edition","status":"publish","type":"product","link":"https:\/\/store.nox-xtreme.com\/pt-pt\/producto\/hummer-nexus-black-edition\/","title":{"rendered":"Hummer Nexus black edition"},"content":{"rendered":"<h3>Hummer NEXUS<\/h3>\n<p>Nox Hummer Nexus foi projetada para alto desempenho. Esta \u00e9 uma caixa para PC com quatro ventoinhas pr\u00e9-instaladas que permitem a montar configura\u00e7\u00f5es muito poderosas e que tamb\u00e9m oferece op\u00e7\u00f5es  de refrigera\u00e7\u00e3o superiores e um amplo espa\u00e7o interno que permite a montagem de gr\u00e1ficas de at\u00e9 400 mm.<\/p>\n<h3>Desenho minimalista<\/h3>\n<p>Nox Hummer Nexus, dispon\u00edvel em duas cores, preto e branco , \u00e9 compat\u00edvel com as placas-m\u00e3e E-ATX, ATX, Micro ATX e ITX  e permite, gra\u00e7as \u00e0 sua grande capacidade, instalar configura\u00e7\u00f5es poderosas.<\/p>\n<p>Com um design de painel frontal minimalista, foi projetada com painel lateral de vidro temperado de alta qualidade 4 mm. Com abertura de dobradi\u00e7a, este painel permite tamb\u00e9m acesso f\u00e1cil ao seu interior.<\/p>\n<h3>Espa\u00e7o infinito<\/h3>\n<p>O grande espa\u00e7o da Nox Hummer Nexus permite instalar sistemas de refrigera\u00e7\u00e3o l\u00edquida de at\u00e9 360 mm na frente e na parte superior, entre muitas outras possibilidades, podendo acomodar sistemas duplos e at\u00e9 triplos.<\/p>\n<p>Al\u00e9m disso, a Nox Hummer Nexus  possibilita a montagem de uma placa gr\u00e1fica de at\u00e9 400 mm , bem como um cooler de CPU de 180 mm, que permite a instala\u00e7\u00e3o de praticamente qualquer cooler de \u00faltima gera\u00e7\u00e3o do mercado.<\/p>\n<p>Por outro lado, esta caixa para PC inclui duas ba\u00edas para HDD ou SSD de 3,5 &quot;e outras duas de 2,5&quot;.<\/p>\n<h3>F\u00e1cil acessibilidade<\/h3>\n<p>Esta torre de PC da Nox incorpora todas as portas essenciais na parte superior. Encontramos um USB 3.0 de alta velocidade e  um USB 2.0 , bem como as conex\u00f5es de \u00e1udio HD, o controlo de LED ARGB e uma porta Type-C.<\/p>\n<h3>Ventila\u00e7\u00e3o excelente<\/h3>\n<p>Com quatro ventoinhas pr\u00e9-instaladas, todas de 120 mm, localizadas tr\u00eas na frente e uma na parte traseira, a Nox Hummer Nexus garante ventila\u00e7\u00e3o superior. No espetacular interior deste chassi tamb\u00e9m  tr\u00eas ventoinhas extras podem ser instaladas na sua \u00e1rea superior,de 120 mm ou 140 mm, e  duas na sua parte inferior. <\/p>\n<p>Para garantir a excelente temperatura dos componentes do equipamento em todos os momentos, a Nox Hummer Nexus possui um compartimento inferior onde aloja a PSU e os discos r\u00edgidos , de forma a evitar que o calor da fonte de alimenta\u00e7\u00e3o e destes outros componentes sejam dissipados para os restantes. Este m\u00f3dulo, localizado na parte inferior, incorpora ilumina\u00e7\u00e3o ARGB<\/p>\n<h3>Fluxo de ar sempre ideal<\/h3>\n<p>As suas tr\u00eas ventoinhas frontais garantem um fluxo direto para o interior , ajudando todos os elementos a se manterem sempre na temperatura mais adequada. Por outro lado, a localiza\u00e7\u00e3o da fonte e da ventoinha traseira garantem um fluxo de ar eficiente, expulsando todo o calor para o exterior.<\/p>\n<p>Nox Hummer Nexus tamb\u00e9m possui um filtro magn\u00e9tico de p\u00f3 na parte superior para a manuten\u00e7\u00e3o adequada dos componentes. O sistema de gest\u00e3o de cabos do chassi  tamb\u00e9m permite uma montagem limpa e eficiente, ao mesmo tempo que contribui para o correto fluxo de ar, podendo contar com uma estrutura interna perfeitamente organizada.<\/p>\n","protected":false},"excerpt":{"rendered":"<ul>\n<li>Torre de tamanho extra<\/li>\n<li>Design minimalista<\/li>\n<li>Painel lateral magn\u00e9tico de vidro temperado<\/li>\n<li>Zona ARGB na lateral<\/li>\n<li>Compartimento de PSU isolado<\/li>\n<li>At\u00e9 9 ventoinhas (4x inclu\u00eddos)<\/li>\n<li>Porta USB Tipo C<\/li>\n<li>Filtros de p\u00f3<\/li>\n<\/ul>\n","protected":false},"featured_media":0,"comment_status":"closed","ping_status":"closed","template":"","meta":{"inline_featured_image":false},"product_brand":[],"product_cat":[176],"product_tag":[],"class_list":{"0":"post-15988","1":"product","2":"type-product","3":"status-publish","5":"product_cat-cajas-pt-pt-2","7":"first","8":"outofstock","9":"taxable","10":"shipping-taxable","11":"purchasable","12":"product-type-variable"},"_links":{"self":[{"href":"https:\/\/store.nox-xtreme.com\/pt-pt\/wp-json\/wp\/v2\/product\/15988","targetHints":{"allow":["GET"]}}],"collection":[{"href":"https:\/\/store.nox-xtreme.com\/pt-pt\/wp-json\/wp\/v2\/product"}],"about":[{"href":"https:\/\/store.nox-xtreme.com\/pt-pt\/wp-json\/wp\/v2\/types\/product"}],"replies":[{"embeddable":true,"href":"https:\/\/store.nox-xtreme.com\/pt-pt\/wp-json\/wp\/v2\/comments?post=15988"}],"wp:attachment":[{"href":"https:\/\/store.nox-xtreme.com\/pt-pt\/wp-json\/wp\/v2\/media?parent=15988"}],"wp:term":[{"taxonomy":"product_brand","embeddable":true,"href":"https:\/\/store.nox-xtreme.com\/pt-pt\/wp-json\/wp\/v2\/product_brand?post=15988"},{"taxonomy":"product_cat","embeddable":true,"href":"https:\/\/store.nox-xtreme.com\/pt-pt\/wp-json\/wp\/v2\/product_cat?post=15988"},{"taxonomy":"product_tag","embeddable":true,"href":"https:\/\/store.nox-xtreme.com\/pt-pt\/wp-json\/wp\/v2\/product_tag?post=15988"}],"curies":[{"name":"wp","href":"https:\/\/api.w.org\/{rel}","templated":true}]}}