{"id":3970,"date":"2020-08-04T11:08:18","date_gmt":"2020-08-04T11:08:18","guid":{"rendered":"https:\/\/store.nox-xtreme.com\/politica-de-cookies\/"},"modified":"2024-09-17T14:23:11","modified_gmt":"2024-09-17T12:23:11","slug":"envios","status":"publish","type":"page","link":"https:\/\/store.nox-xtreme.com\/pt-pt\/envios\/","title":{"rendered":"Pol\u00edtica de Envio"},"content":{"rendered":"<h2 class=\"wp-block-heading\"><a><\/a><strong>Envio e recolha das suas encomendas<\/strong><\/h2><p>Estas condi\u00e7\u00f5es legais permanecer\u00e3o em vigor enquanto as condi\u00e7\u00f5es de funcionamento da empresa estiverem totalmente normais. Salvo algumas exce\u00e7\u00f5es, como \u00e9 o caso dos per\u00edodos de Natal, em que a empresa dever\u00e1 modificar as condi\u00e7\u00f5es de envio. Qualquer altera\u00e7\u00e3o ser\u00e1 notificada ao usu\u00e1rio atrav\u00e9s dos canais oficiais, bem como, recomenda-se que o usu\u00e1rio consulte a se\u00e7\u00e3o correspondente habilitada para tais ocasi\u00f5es.<\/p><h2 class=\"wp-block-heading\"><a><\/a><strong>Condi\u00e7\u00f5es Gerais<\/strong><\/h2><p>Atualmente a NOX trabalha em parceria com a SEUR y Correos indistintamente. Fica desde j\u00e1 estabelecido que o prazo para o processamento das encomendas no pr\u00f3prio dia ser\u00e1 \u00e0s 16h00 Excepto no m\u00eas de Agosto em que o hor\u00e1rio de coloca\u00e7\u00e3o das encomendas ser\u00e1 estabelecido antes das 13h00 Durante o referido m\u00eas, \u00e9 poss\u00edvel que um s\u00e9rie de peculiaridades podem ocorrer devido a f\u00e9rias de funcion\u00e1rios, atacadistas e empresas de transporte:<\/p><p>\u2013 O operador log\u00edstico pode demorar mais do que deveria para enviar o c\u00f3digo de rastreamento para que o usu\u00e1rio possa acompanhar seu pedido.<\/p><p>Os prazos de entrega s\u00e3o definidos pela transportadora e apenas ser\u00e3o considerados os dias \u00fateis (segunda a sexta-feira). A SEUR garante os prazos de entrega salvo em circunst\u00e2ncias alheias ao desenvolvimento do seu servi\u00e7o ( <em>Exemplo : circunst\u00e2ncias climat\u00e9ricas adversas que impe\u00e7am ou dificultem o transporte rodovi\u00e1rio, como inunda\u00e7\u00f5es, eventos de import\u00e2ncia pol\u00edtica, como greves gerais, etc. <\/em>).<\/p><p>A rece\u00e7\u00e3o da encomenda deve ser rejeitada pelo utilizador caso se verifique que a embalagem foi adulterada, aberta ou em mau estado (inclui rasgos ou pancadas). A transportadora registrar\u00e1 na nota de entrega o motivo pelo qual o pedido n\u00e3o foi aceito. A partir da\u00ed, o cliente tem 24 horas para notificar a NOX sobre o ocorrido. Caso o cliente aceite qualquer embalagem nestas condi\u00e7\u00f5es, perder\u00e1 todos os direitos de reclama\u00e7\u00e3o, uma vez que a empresa n\u00e3o se responsabiliza por eventuais danos sofridos pelas encomendas ou pelo material que lhe enviamos ser adulterado ou danificado durante o transporte.<\/p><p><strong>Importante: <\/strong>se o operador log\u00edstico n\u00e3o tiver conseguido entregar a encomenda, seja porque a morada que indicou est\u00e1 errada ou se esqueceu de acrescentar alguma informa\u00e7\u00e3o e a transportadora n\u00e3o consegue encontrar o local, ou aus\u00eancias repetidas no local acordado para a entrega, no caso Se pretender cancelar a encomenda, ser\u00e1 pago o valor da encomenda, descontando em qualquer caso as despesas de portes e log\u00edstica que tenham sido geradas nas tentativas de entrega da encomenda em quest\u00e3o. \u00c9 fundamental que o utilizador verifique se todas as informa\u00e7\u00f5es, como morada ou ponto de entrega, t\u00eam todos os dados necess\u00e1rios para que a transportadora possa entregar a encomenda sem incidentes. Se nos dias previstos para a entrega o cliente tiver uma chamada perdida ou receber uma chamada de um n\u00famero de telefone desconhecido, \u00e9 solicitado o retorno da chamada, pois certamente \u00e9 a transportadora que est\u00e1 tentando acertar uma data de entrega. entrega e prazo Abaixo encontra-se um quadro resumo onde poder\u00e1 consultar as taxas e prazos de envio habituais para encomendas em grandes quantidades. Os custos de envio ser\u00e3o, portanto, aplicados por unidade e dependendo dos diferentes territ\u00f3rios em que opera.<\/p><figure class=\"wp-block-table\"><table><thead><tr><td><strong>DESTINOS<\/strong><\/td><td>&nbsp;<\/td><\/tr><tr><td>Espanha (Pen\u00ednsula e Ilhas Baleares) e Portugal<\/td><td>GRATUITAMENTE<\/td><\/tr><\/thead><\/table><\/figure><p>N\u00c3O ENVIAMOS: Ceuta, Melilha, Ilhas Can\u00e1rias, Ilhas Portuguesas e destinos que n\u00e3o constem na tabela.<\/p><h3 class=\"wp-block-heading\"><a><\/a><strong>Previs\u00e3o SEUR<\/strong><\/h3><p>A empresa de transporte Seur oferece-lhe a possibilidade de alterar a data de entrega da sua encomenda para a adaptar ao dia que melhor lhe convier. Para fazer isso, voc\u00ea deve inserir seus dados pessoais em sua plataforma e fazer a modifica\u00e7\u00e3o depois de ver a data inicial de entrega. Por outro lado, tamb\u00e9m poder\u00e1 receber uma notifica\u00e7\u00e3o via e-mail na qual indicar\u00e3o um intervalo de tempo de 2 horas em que receber\u00e1 a sua compra. Voc\u00ea pode aprender mais sobre o sistema assistindo a este v\u00eddeo: https:\/\/youtu.be\/0qiLsRVt8MY<\/p>","protected":false},"excerpt":{"rendered":"<p>Envio e recolha das suas encomendas Estas condi\u00e7\u00f5es legais permanecer\u00e3o em vigor enquanto as condi\u00e7\u00f5es de funcionamento da empresa estiverem totalmente normais. Salvo algumas exce\u00e7\u00f5es, como \u00e9 o caso dos per\u00edodos de Natal, em que a empresa dever\u00e1 modificar as condi\u00e7\u00f5es de envio. Qualquer altera\u00e7\u00e3o ser\u00e1 notificada ao usu\u00e1rio atrav\u00e9s dos canais oficiais, bem como, [&hellip;]<\/p>\n","protected":false},"author":4,"featured_media":0,"parent":0,"menu_order":0,"comment_status":"closed","ping_status":"closed","template":"","meta":{"inline_featured_image":false,"footnotes":""},"class_list":["post-3970","page","type-page","status-publish","hentry"],"yoast_head":"<!-- This site is optimized with the Yoast SEO plugin v26.7 - https:\/\/yoast.com\/wordpress\/plugins\/seo\/ -->\n<title>Pol\u00edtica de Envio - Nox-Xtreme<\/title>\n<meta name=\"robots\" content=\"index, follow, max-snippet:-1, max-image-preview:large, max-video-preview:-1\" \/>\n<link rel=\"canonical\" href=\"https:\/\/store.nox-xtreme.com\/pt-pt\/envios\/\" \/>\n<meta property=\"og:locale\" content=\"pt_PT\" \/>\n<meta property=\"og:type\" content=\"article\" \/>\n<meta property=\"og:title\" content=\"Pol\u00edtica de Envio - Nox-Xtreme\" \/>\n<meta property=\"og:description\" content=\"Envio e recolha das suas encomendas Estas condi\u00e7\u00f5es legais permanecer\u00e3o em vigor enquanto as condi\u00e7\u00f5es de funcionamento da empresa estiverem totalmente normais. Salvo algumas exce\u00e7\u00f5es, como \u00e9 o caso dos per\u00edodos de Natal, em que a empresa dever\u00e1 modificar as condi\u00e7\u00f5es de envio. Qualquer altera\u00e7\u00e3o ser\u00e1 notificada ao usu\u00e1rio atrav\u00e9s dos canais oficiais, bem como, [&hellip;]\" \/>\n<meta property=\"og:url\" content=\"https:\/\/store.nox-xtreme.com\/pt-pt\/envios\/\" \/>\n<meta property=\"og:site_name\" content=\"Nox-Xtreme\" \/>\n<meta property=\"article:modified_time\" content=\"2024-09-17T12:23:11+00:00\" \/>\n<meta name=\"twitter:card\" content=\"summary_large_image\" \/>\n<meta name=\"twitter:label1\" content=\"Tempo estimado de leitura\" \/>\n\t<meta name=\"twitter:data1\" content=\"3 minutos\" \/>\n<script type=\"application\/ld+json\" class=\"yoast-schema-graph\">{\"@context\":\"https:\/\/schema.org\",\"@graph\":[{\"@type\":\"WebPage\",\"@id\":\"https:\/\/store.nox-xtreme.com\/pt-pt\/envios\/\",\"url\":\"https:\/\/store.nox-xtreme.com\/pt-pt\/envios\/\",\"name\":\"Pol\u00edtica de Envio - Nox-Xtreme\",\"isPartOf\":{\"@id\":\"https:\/\/store.nox-xtreme.com\/#website\"},\"datePublished\":\"2020-08-04T11:08:18+00:00\",\"dateModified\":\"2024-09-17T12:23:11+00:00\",\"breadcrumb\":{\"@id\":\"https:\/\/store.nox-xtreme.com\/pt-pt\/envios\/#breadcrumb\"},\"inLanguage\":\"pt-PT\",\"potentialAction\":[{\"@type\":\"ReadAction\",\"target\":[\"https:\/\/store.nox-xtreme.com\/pt-pt\/envios\/\"]}]},{\"@type\":\"BreadcrumbList\",\"@id\":\"https:\/\/store.nox-xtreme.com\/pt-pt\/envios\/#breadcrumb\",\"itemListElement\":[{\"@type\":\"ListItem\",\"position\":1,\"name\":\"Portada\",\"item\":\"https:\/\/store.nox-xtreme.com\/pt-pt\/\"},{\"@type\":\"ListItem\",\"position\":2,\"name\":\"Pol\u00edtica de Envio\"}]},{\"@type\":\"WebSite\",\"@id\":\"https:\/\/store.nox-xtreme.com\/#website\",\"url\":\"https:\/\/store.nox-xtreme.com\/\",\"name\":\"Nox-Xtreme\",\"description\":\"Boosting You Performance\",\"potentialAction\":[{\"@type\":\"SearchAction\",\"target\":{\"@type\":\"EntryPoint\",\"urlTemplate\":\"https:\/\/store.nox-xtreme.com\/?s={search_term_string}\"},\"query-input\":{\"@type\":\"PropertyValueSpecification\",\"valueRequired\":true,\"valueName\":\"search_term_string\"}}],\"inLanguage\":\"pt-PT\"}]}<\/script>\n<!-- \/ Yoast SEO plugin. -->","yoast_head_json":{"title":"Pol\u00edtica de Envio - Nox-Xtreme","robots":{"index":"index","follow":"follow","max-snippet":"max-snippet:-1","max-image-preview":"max-image-preview:large","max-video-preview":"max-video-preview:-1"},"canonical":"https:\/\/store.nox-xtreme.com\/pt-pt\/envios\/","og_locale":"pt_PT","og_type":"article","og_title":"Pol\u00edtica de Envio - Nox-Xtreme","og_description":"Envio e recolha das suas encomendas Estas condi\u00e7\u00f5es legais permanecer\u00e3o em vigor enquanto as condi\u00e7\u00f5es de funcionamento da empresa estiverem totalmente normais. Salvo algumas exce\u00e7\u00f5es, como \u00e9 o caso dos per\u00edodos de Natal, em que a empresa dever\u00e1 modificar as condi\u00e7\u00f5es de envio. Qualquer altera\u00e7\u00e3o ser\u00e1 notificada ao usu\u00e1rio atrav\u00e9s dos canais oficiais, bem como, [&hellip;]","og_url":"https:\/\/store.nox-xtreme.com\/pt-pt\/envios\/","og_site_name":"Nox-Xtreme","article_modified_time":"2024-09-17T12:23:11+00:00","twitter_card":"summary_large_image","twitter_misc":{"Tempo estimado de leitura":"3 minutos"},"schema":{"@context":"https:\/\/schema.org","@graph":[{"@type":"WebPage","@id":"https:\/\/store.nox-xtreme.com\/pt-pt\/envios\/","url":"https:\/\/store.nox-xtreme.com\/pt-pt\/envios\/","name":"Pol\u00edtica de Envio - Nox-Xtreme","isPartOf":{"@id":"https:\/\/store.nox-xtreme.com\/#website"},"datePublished":"2020-08-04T11:08:18+00:00","dateModified":"2024-09-17T12:23:11+00:00","breadcrumb":{"@id":"https:\/\/store.nox-xtreme.com\/pt-pt\/envios\/#breadcrumb"},"inLanguage":"pt-PT","potentialAction":[{"@type":"ReadAction","target":["https:\/\/store.nox-xtreme.com\/pt-pt\/envios\/"]}]},{"@type":"BreadcrumbList","@id":"https:\/\/store.nox-xtreme.com\/pt-pt\/envios\/#breadcrumb","itemListElement":[{"@type":"ListItem","position":1,"name":"Portada","item":"https:\/\/store.nox-xtreme.com\/pt-pt\/"},{"@type":"ListItem","position":2,"name":"Pol\u00edtica de Envio"}]},{"@type":"WebSite","@id":"https:\/\/store.nox-xtreme.com\/#website","url":"https:\/\/store.nox-xtreme.com\/","name":"Nox-Xtreme","description":"Boosting You Performance","potentialAction":[{"@type":"SearchAction","target":{"@type":"EntryPoint","urlTemplate":"https:\/\/store.nox-xtreme.com\/?s={search_term_string}"},"query-input":{"@type":"PropertyValueSpecification","valueRequired":true,"valueName":"search_term_string"}}],"inLanguage":"pt-PT"}]}},"_links":{"self":[{"href":"https:\/\/store.nox-xtreme.com\/pt-pt\/wp-json\/wp\/v2\/pages\/3970","targetHints":{"allow":["GET"]}}],"collection":[{"href":"https:\/\/store.nox-xtreme.com\/pt-pt\/wp-json\/wp\/v2\/pages"}],"about":[{"href":"https:\/\/store.nox-xtreme.com\/pt-pt\/wp-json\/wp\/v2\/types\/page"}],"author":[{"embeddable":true,"href":"https:\/\/store.nox-xtreme.com\/pt-pt\/wp-json\/wp\/v2\/users\/4"}],"replies":[{"embeddable":true,"href":"https:\/\/store.nox-xtreme.com\/pt-pt\/wp-json\/wp\/v2\/comments?post=3970"}],"version-history":[{"count":3,"href":"https:\/\/store.nox-xtreme.com\/pt-pt\/wp-json\/wp\/v2\/pages\/3970\/revisions"}],"predecessor-version":[{"id":23260,"href":"https:\/\/store.nox-xtreme.com\/pt-pt\/wp-json\/wp\/v2\/pages\/3970\/revisions\/23260"}],"wp:attachment":[{"href":"https:\/\/store.nox-xtreme.com\/pt-pt\/wp-json\/wp\/v2\/media?parent=3970"}],"curies":[{"name":"wp","href":"https:\/\/api.w.org\/{rel}","templated":true}]}}