{"id":3961,"date":"2020-08-04T11:06:47","date_gmt":"2020-08-04T11:06:47","guid":{"rendered":"https:\/\/store.nox-xtreme.com\/politica-de-privacidad\/"},"modified":"2023-01-19T14:10:00","modified_gmt":"2023-01-19T13:10:00","slug":"garantia","status":"publish","type":"page","link":"https:\/\/store.nox-xtreme.com\/pt-pt\/garantia\/","title":{"rendered":"Condi\u00e7\u00f5es de garantia"},"content":{"rendered":"<p>A NOX garante todos os produtos que distribui de acordo com as leis vigentes e as seguintes condi\u00e7\u00f5es.<\/p><p>A utiliza\u00e7\u00e3o da garantia ser\u00e1 entendida nos termos espanh\u00f3is e portugueses.<\/p><h3 class=\"wp-block-heading\"><a><\/a><strong>\u00c1rea de aplica\u00e7\u00e3o<\/strong><\/h3><p>A Lei Geral de Defesa dos Consumidores e Usu\u00e1rios ( <em>Real Decreto Legislativo 1\/2007, de 16 de novembro <\/em>) em seu artigo 2 ( <em>Conceito geral de consumidor e usu\u00e1rio <\/em>) indica que: &#8221; <em>Para os efeitos do presente regulamento e sem preju\u00edzo do que expressamente previsto em seus terceiro e quarto livros, consumidores ou usu\u00e1rios s\u00e3o pessoas f\u00edsicas ou jur\u00eddicas que atuam em \u00e1rea alheia a uma atividade empresarial ou profissional, n\u00e3o <\/em>sendo, portanto, abrangidas pela referida Lei as compras efetuadas por pessoas jur\u00eddicas (empresas, sociedades em parceria, etc.). e, portanto, algumas ou todas as condi\u00e7\u00f5es indicadas nesta se\u00e7\u00e3o n\u00e3o se aplicar\u00e3o a eles.<\/p><h3 class=\"wp-block-heading\"><a><\/a><strong>Garantia de tr\u00eas anos a partir da entrega em todos os produtos<\/strong><\/h3><p>Abaixo explicamos o que s\u00e3o os regulamentos espanh\u00f3is. Por favor, leia-o com aten\u00e7\u00e3o e se tiver alguma d\u00favida, entre em contato conosco e esclareceremos qualquer ponto:<\/p><p>Para reclamar a falta de conformidade do produto, pode dirigir-se \u00e0 NOX. A lei estabelece um prazo geral de 3 anos para compras realizadas a partir de 1\u00ba de janeiro de 2022, desde o momento da compra do produto at\u00e9 a detec\u00e7\u00e3o do problema. Uma vez detetado o problema, disp\u00f5e de 30 dias para contactar a NOX e gerir a respetiva garantia, caso contr\u00e1rio poder\u00e3o ser aplicados descontos ou encargos adicionais em fun\u00e7\u00e3o do tempo decorrido ou mesmo anular a cobertura da garantia.<\/p><p>Se detectar um defeito durante os primeiros 6 meses, 24 meses para compras realizadas ap\u00f3s 1 de janeiro de 2022, a partir da entrega do produto, entende-se que a anomalia j\u00e1 existia no momento da compra e voc\u00ea, como consumidor, n\u00e3o tem que tentar nada.<\/p><p>Por\u00e9m, quando a falta de conformidade se manifestar ap\u00f3s esse prazo e em casos duvidosos, o fabricante, no caso a NOX, poder\u00e1 exigir laudo de perito independente e as despesas ser\u00e3o pagas pelo consumidor, para tramitar a garantia.<\/p><p>Durante o per\u00edodo em que n\u00e3o puder utilizar o produto, a contagem dos dias do per\u00edodo de garantia fica suspensa: por exemplo, se a repara\u00e7\u00e3o\/substitui\u00e7\u00e3o de um produto durar 15 dias, o per\u00edodo de garantia terminar\u00e1 15 dias ap\u00f3s o inicialmente previsto, ou seja , digamos que a data original em que sua garantia terminaria \u00e9 15 de novembro, com esses 15 dias que voc\u00ea n\u00e3o p\u00f4de usar seu produto, a nova data de t\u00e9rmino de sua garantia seria 30 de novembro. Voc\u00ea ter\u00e1 que provar isso prazos a pedido da NOX atrav\u00e9s das guias de transporte correspondentes.<\/p><p>A NOX ser\u00e1 respons\u00e1vel apenas pelos tr\u00eas primeiros anos. Decorrido o per\u00edodo de vig\u00eancia da garantia do produto, deve ser o cliente quem processa qualquer problema relacionado com o mesmo, n\u00e3o sendo a NOX respons\u00e1vel por tal gest\u00e3o. .<\/p><p>Os custos de envio gerados pelo processamento da garantia do produto ser\u00e3o suportados pela NOX durante a vig\u00eancia do mesmo. Estar\u00e1 sob as instru\u00e7\u00f5es indicadas pela NOX, mediante solicita\u00e7\u00e3o e aceita\u00e7\u00e3o. Para efeitos de aplica\u00e7\u00e3o da garantia, ser\u00e1 considerada como &#8220;Morada do Cliente&#8221; aquela indicada na guia de remessa da encomenda original. Qualquer aumento dos custos de envio provocado por altera\u00e7\u00e3o de morada ter\u00e1 de ser suportado pelo cliente, ficando sempre ao crit\u00e9rio da NOX limitar a recolha e\/ou entrega \u00e0 morada original do cliente indicada na encomenda.<\/p><h3 class=\"wp-block-heading\"><a><\/a><strong>Quando o consumidor pode reclamar?<\/strong><\/h3><p>O consumidor pode reclamar se:<\/p><p>\u25cf &nbsp;&nbsp;&nbsp; O bem adquirido n\u00e3o est\u00e1 de acordo com a descri\u00e7\u00e3o feita pelo vendedor.<\/p><p>\u25cf &nbsp;&nbsp;&nbsp; O bem adquirido n\u00e3o possui as caracter\u00edsticas que o consumidor havia visto anteriormente atrav\u00e9s de uma amostra ou modelo.<\/p><p>\u25cf &nbsp;&nbsp;&nbsp; O bem adquirido n\u00e3o \u00e9 adequado para os usos a que geralmente se destinam os bens de consumo do mesmo tipo.<\/p><p>\u25cf &nbsp;&nbsp;&nbsp; N\u00e3o \u00e9 adequado para o uso especial que o consumidor solicitou e que o vendedor especificamente aceitou.<\/p><p>\u25cf &nbsp;&nbsp;&nbsp; N\u00e3o apresenta a qualidade e o comportamento esperados, especialmente tendo em conta o que o fabricante declarou publicamente (publicidade, brochuras, rotulagem&#8230;) que o vendedor ou fabricante fez sobre as suas caracter\u00edsticas espec\u00edficas.<\/p><h3 class=\"wp-block-heading\"><a><\/a><strong>Cancelamento de garantias<\/strong><\/h3><p>\u25cf &nbsp;&nbsp;&nbsp; Produtos incompletos ou encaminhados para reparo em embalagem inadequada ou com embalagem considerada insuficiente pela natureza do produto.<\/p><p>\u25cf &nbsp;&nbsp;&nbsp; Artigos que apresentem sinais de adultera\u00e7\u00e3o, parafusos riscados ou danificados, quebra, deteriora\u00e7\u00e3o ou aus\u00eancia de lacres ou etiquetas de garantia ou qualquer etiqueta originalmente inclu\u00edda no artigo, bem como artigos que apresentem qualquer tipo de modifica\u00e7\u00e3o, marcas ou adesivos n\u00e3o instalados pelo fabricante.<\/p><p>\u25cf &nbsp;&nbsp;&nbsp; Itens riscados, batidos, fraturados, danificados ou quebrados devido a manuseio incorreto, manuten\u00e7\u00e3o incorreta, localiza\u00e7\u00e3o impr\u00f3pria, conex\u00e3o incorreta, erros de instala\u00e7\u00e3o ou que tenham sido usados de maneira diferente da especificada pelo fabricante.<\/p><p>\u25cf &nbsp;&nbsp;&nbsp; Avarias ou defeitos causados por consum\u00edveis ou acess\u00f3rios (baterias, etc.)<\/p><p>\u25cf &nbsp;&nbsp;&nbsp; Acumula\u00e7\u00e3o excessiva de sujidade ou part\u00edculas estranhas tanto no exterior como no interior do produto, bem como produtos com restos ou sinais de exposi\u00e7\u00e3o a l\u00edquidos de qualquer tipo.<\/p><p><strong><br>A garantia n\u00e3o cobre<\/strong><\/p><p>Est\u00e3o exclu\u00eddos de qualquer garantia os defeitos e deteriora\u00e7\u00f5es causados por eventos externos, acidentes, desgaste e uso indevido em desacordo com as instru\u00e7\u00f5es da NOX.<\/p><p>Ficam exclu\u00eddos da garantia quaisquer danos ou deteriora\u00e7\u00f5es que ocorram no produto enviado \u00e0 NOX para verifica\u00e7\u00e3o, causados direta ou indiretamente pelo uso da embalagem ou pela n\u00e3o utiliza\u00e7\u00e3o do sistema de prote\u00e7\u00e3o adequado ou insuficiente.<\/p><p>Est\u00e3o igualmente exclu\u00eddos os produtos adulterados, modificados ou reparados pelo cliente ou por qualquer outra pessoa n\u00e3o autorizada pela NOX.<\/p><h3 class=\"wp-block-heading\"><a><\/a><strong>Despesas de servi\u00e7o t\u00e9cnico a cargo do cliente<\/strong><\/h3><p>Caso o problema apresentado pelo produto n\u00e3o esteja coberto pela sua garantia ou quando o referido problema n\u00e3o for detectado ap\u00f3s um per\u00edodo razo\u00e1vel de testes, o mesmo ser\u00e1 devolvido ao cliente, devendo o cliente arcar com os custos de envio, em al\u00e9m disso, voc\u00ea tamb\u00e9m pode ter que pagar pela m\u00e3o de obra usada na verifica\u00e7\u00e3o ou teste do artigo supostamente danificado.<\/p>","protected":false},"excerpt":{"rendered":"<p>A NOX garante todos os produtos que distribui de acordo com as leis vigentes e as seguintes condi\u00e7\u00f5es. A utiliza\u00e7\u00e3o da garantia ser\u00e1 entendida nos termos espanh\u00f3is e portugueses. \u00c1rea de aplica\u00e7\u00e3o A Lei Geral de Defesa dos Consumidores e Usu\u00e1rios ( Real Decreto Legislativo 1\/2007, de 16 de novembro ) em seu artigo 2 [&hellip;]<\/p>\n","protected":false},"author":4,"featured_media":0,"parent":0,"menu_order":0,"comment_status":"closed","ping_status":"closed","template":"","meta":{"inline_featured_image":false,"footnotes":""},"class_list":["post-3961","page","type-page","status-publish","hentry"],"yoast_head":"<!-- This site is optimized with the Yoast SEO plugin v26.7 - https:\/\/yoast.com\/wordpress\/plugins\/seo\/ -->\n<title>Condi\u00e7\u00f5es de garantia - Nox-Xtreme<\/title>\n<meta name=\"robots\" content=\"index, follow, max-snippet:-1, max-image-preview:large, max-video-preview:-1\" \/>\n<link rel=\"canonical\" href=\"https:\/\/store.nox-xtreme.com\/pt-pt\/garantia\/\" \/>\n<meta property=\"og:locale\" content=\"pt_PT\" \/>\n<meta property=\"og:type\" content=\"article\" \/>\n<meta property=\"og:title\" content=\"Condi\u00e7\u00f5es de garantia - Nox-Xtreme\" \/>\n<meta property=\"og:description\" content=\"A NOX garante todos os produtos que distribui de acordo com as leis vigentes e as seguintes condi\u00e7\u00f5es. A utiliza\u00e7\u00e3o da garantia ser\u00e1 entendida nos termos espanh\u00f3is e portugueses. \u00c1rea de aplica\u00e7\u00e3o A Lei Geral de Defesa dos Consumidores e Usu\u00e1rios ( Real Decreto Legislativo 1\/2007, de 16 de novembro ) em seu artigo 2 [&hellip;]\" \/>\n<meta property=\"og:url\" content=\"https:\/\/store.nox-xtreme.com\/pt-pt\/garantia\/\" \/>\n<meta property=\"og:site_name\" content=\"Nox-Xtreme\" \/>\n<meta property=\"article:modified_time\" content=\"2023-01-19T13:10:00+00:00\" \/>\n<meta name=\"twitter:card\" content=\"summary_large_image\" \/>\n<meta name=\"twitter:label1\" content=\"Tempo estimado de leitura\" \/>\n\t<meta name=\"twitter:data1\" content=\"5 minutos\" \/>\n<script type=\"application\/ld+json\" class=\"yoast-schema-graph\">{\"@context\":\"https:\/\/schema.org\",\"@graph\":[{\"@type\":\"WebPage\",\"@id\":\"https:\/\/store.nox-xtreme.com\/pt-pt\/garantia\/\",\"url\":\"https:\/\/store.nox-xtreme.com\/pt-pt\/garantia\/\",\"name\":\"Condi\u00e7\u00f5es de garantia - Nox-Xtreme\",\"isPartOf\":{\"@id\":\"https:\/\/store.nox-xtreme.com\/#website\"},\"datePublished\":\"2020-08-04T11:06:47+00:00\",\"dateModified\":\"2023-01-19T13:10:00+00:00\",\"breadcrumb\":{\"@id\":\"https:\/\/store.nox-xtreme.com\/pt-pt\/garantia\/#breadcrumb\"},\"inLanguage\":\"pt-PT\",\"potentialAction\":[{\"@type\":\"ReadAction\",\"target\":[\"https:\/\/store.nox-xtreme.com\/pt-pt\/garantia\/\"]}]},{\"@type\":\"BreadcrumbList\",\"@id\":\"https:\/\/store.nox-xtreme.com\/pt-pt\/garantia\/#breadcrumb\",\"itemListElement\":[{\"@type\":\"ListItem\",\"position\":1,\"name\":\"Portada\",\"item\":\"https:\/\/store.nox-xtreme.com\/pt-pt\/\"},{\"@type\":\"ListItem\",\"position\":2,\"name\":\"Condi\u00e7\u00f5es de garantia\"}]},{\"@type\":\"WebSite\",\"@id\":\"https:\/\/store.nox-xtreme.com\/#website\",\"url\":\"https:\/\/store.nox-xtreme.com\/\",\"name\":\"Nox-Xtreme\",\"description\":\"Boosting You Performance\",\"potentialAction\":[{\"@type\":\"SearchAction\",\"target\":{\"@type\":\"EntryPoint\",\"urlTemplate\":\"https:\/\/store.nox-xtreme.com\/?s={search_term_string}\"},\"query-input\":{\"@type\":\"PropertyValueSpecification\",\"valueRequired\":true,\"valueName\":\"search_term_string\"}}],\"inLanguage\":\"pt-PT\"}]}<\/script>\n<!-- \/ Yoast SEO plugin. -->","yoast_head_json":{"title":"Condi\u00e7\u00f5es de garantia - Nox-Xtreme","robots":{"index":"index","follow":"follow","max-snippet":"max-snippet:-1","max-image-preview":"max-image-preview:large","max-video-preview":"max-video-preview:-1"},"canonical":"https:\/\/store.nox-xtreme.com\/pt-pt\/garantia\/","og_locale":"pt_PT","og_type":"article","og_title":"Condi\u00e7\u00f5es de garantia - Nox-Xtreme","og_description":"A NOX garante todos os produtos que distribui de acordo com as leis vigentes e as seguintes condi\u00e7\u00f5es. A utiliza\u00e7\u00e3o da garantia ser\u00e1 entendida nos termos espanh\u00f3is e portugueses. \u00c1rea de aplica\u00e7\u00e3o A Lei Geral de Defesa dos Consumidores e Usu\u00e1rios ( Real Decreto Legislativo 1\/2007, de 16 de novembro ) em seu artigo 2 [&hellip;]","og_url":"https:\/\/store.nox-xtreme.com\/pt-pt\/garantia\/","og_site_name":"Nox-Xtreme","article_modified_time":"2023-01-19T13:10:00+00:00","twitter_card":"summary_large_image","twitter_misc":{"Tempo estimado de leitura":"5 minutos"},"schema":{"@context":"https:\/\/schema.org","@graph":[{"@type":"WebPage","@id":"https:\/\/store.nox-xtreme.com\/pt-pt\/garantia\/","url":"https:\/\/store.nox-xtreme.com\/pt-pt\/garantia\/","name":"Condi\u00e7\u00f5es de garantia - Nox-Xtreme","isPartOf":{"@id":"https:\/\/store.nox-xtreme.com\/#website"},"datePublished":"2020-08-04T11:06:47+00:00","dateModified":"2023-01-19T13:10:00+00:00","breadcrumb":{"@id":"https:\/\/store.nox-xtreme.com\/pt-pt\/garantia\/#breadcrumb"},"inLanguage":"pt-PT","potentialAction":[{"@type":"ReadAction","target":["https:\/\/store.nox-xtreme.com\/pt-pt\/garantia\/"]}]},{"@type":"BreadcrumbList","@id":"https:\/\/store.nox-xtreme.com\/pt-pt\/garantia\/#breadcrumb","itemListElement":[{"@type":"ListItem","position":1,"name":"Portada","item":"https:\/\/store.nox-xtreme.com\/pt-pt\/"},{"@type":"ListItem","position":2,"name":"Condi\u00e7\u00f5es de garantia"}]},{"@type":"WebSite","@id":"https:\/\/store.nox-xtreme.com\/#website","url":"https:\/\/store.nox-xtreme.com\/","name":"Nox-Xtreme","description":"Boosting You Performance","potentialAction":[{"@type":"SearchAction","target":{"@type":"EntryPoint","urlTemplate":"https:\/\/store.nox-xtreme.com\/?s={search_term_string}"},"query-input":{"@type":"PropertyValueSpecification","valueRequired":true,"valueName":"search_term_string"}}],"inLanguage":"pt-PT"}]}},"_links":{"self":[{"href":"https:\/\/store.nox-xtreme.com\/pt-pt\/wp-json\/wp\/v2\/pages\/3961","targetHints":{"allow":["GET"]}}],"collection":[{"href":"https:\/\/store.nox-xtreme.com\/pt-pt\/wp-json\/wp\/v2\/pages"}],"about":[{"href":"https:\/\/store.nox-xtreme.com\/pt-pt\/wp-json\/wp\/v2\/types\/page"}],"author":[{"embeddable":true,"href":"https:\/\/store.nox-xtreme.com\/pt-pt\/wp-json\/wp\/v2\/users\/4"}],"replies":[{"embeddable":true,"href":"https:\/\/store.nox-xtreme.com\/pt-pt\/wp-json\/wp\/v2\/comments?post=3961"}],"version-history":[{"count":3,"href":"https:\/\/store.nox-xtreme.com\/pt-pt\/wp-json\/wp\/v2\/pages\/3961\/revisions"}],"predecessor-version":[{"id":18984,"href":"https:\/\/store.nox-xtreme.com\/pt-pt\/wp-json\/wp\/v2\/pages\/3961\/revisions\/18984"}],"wp:attachment":[{"href":"https:\/\/store.nox-xtreme.com\/pt-pt\/wp-json\/wp\/v2\/media?parent=3961"}],"curies":[{"name":"wp","href":"https:\/\/api.w.org\/{rel}","templated":true}]}}