{"id":3952,"date":"2020-08-31T12:06:49","date_gmt":"2020-08-31T12:06:49","guid":{"rendered":"https:\/\/store.nox-xtreme.com\/?page_id=3952"},"modified":"2023-01-19T14:11:39","modified_gmt":"2023-01-19T13:11:39","slug":"politica-de-privacidad-2","status":"publish","type":"page","link":"https:\/\/store.nox-xtreme.com\/pt-pt\/politica-de-privacidad-2\/","title":{"rendered":"Pol\u00edtica de privacidade"},"content":{"rendered":"\n<p>Para n\u00f3s, sua privacidade \u00e9 t\u00e3o importante quanto para voc\u00ea. Neste documento, queremos explicar-lhe de forma clara e totalmente transparente o tratamento que vamos dar a todos os seus dados pessoais que nos faculte atrav\u00e9s do nosso website https:\/\/www.nox-xtreme.com\/. Inclu\u00edmos aqui qualquer informa\u00e7\u00e3o que nos possa fornecer atrav\u00e9s do nosso site, seja quando efetua uma compra, se regista na nossa newsletter ou nos fornece os seus dados atrav\u00e9s do formul\u00e1rio de contacto.<\/p>\n\n\n\n<p>Olho! Ao fornecer-nos os seus dados, est\u00e1 a assegurar-nos que tem mais de 14 anos de idade.<\/p>\n\n\n\n<p><strong>Quem \u00e9 o respons\u00e1vel pelo tratamento dos seus dados ?<\/strong><\/p>\n\n\n\n<p>Dados de contato do respons\u00e1vel: ATLAS INFORMATICA SL. com CIF: B92492032. Sede: C\/ Punta Alta 33, Pol\u00edgono Industrial San Luis, M\u00e1laga, CP 29006.<\/p>\n\n\n\n<p>E-mail: lopd@atlasinformatica.com.<\/p>\n\n\n\n<p><strong>Que dados recolhemos?<\/strong><\/p>\n\n\n\n<p>Dados pessoais, que de acordo com o Regulamento Geral de Prote\u00e7\u00e3o de Dados 679\/2016\/UE (RGPD), no seu artigo 4.\u00ba, um dado pessoal \u00e9 aquele que fornece todas as informa\u00e7\u00f5es suscept\u00edveis de identificar uma pessoa. N\u00e3o inclui dados an\u00f4nimos.<\/p>\n\n\n\n<p>Alguns dos <strong>dados pessoais <\/strong>que podemos incluir s\u00e3o: dados de identidade (nome, sobrenome e nome de usu\u00e1rio, dados financeiros (dados que voc\u00ea nos forneceu atrav\u00e9s das compras feitas), dados de contato, dados de perfil, dados t\u00e9cnicos (qualquer tecnologia que voc\u00ea usou para acede ao nosso website), dados de utiliza\u00e7\u00e3o (como utiliza o nosso website) e dados de marketing e comunica\u00e7\u00e3o (como prefere que comuniquemos consigo).<\/p>\n\n\n\n<p>N\u00e3o recolhemos quaisquer dados que tenham a ver com categorias especiais de dados pessoais (aqueles que revelem a sua origem \u00e9tnica ou racial, opini\u00f5es pol\u00edticas, convic\u00e7\u00f5es religiosas ou filos\u00f3ficas, filia\u00e7\u00e3o sindical e informa\u00e7\u00f5es sobre a sua sa\u00fade, dados gen\u00e9ticos ou biom\u00e9tricos).<\/p>\n\n\n\n<p><strong>Como recolhemos os seus dados pessoais ?<\/strong><\/p>\n\n\n\n<p>\u2013 Atrav\u00e9s do <strong>formul\u00e1rio web <\/strong>, ao se cadastrar ou efetuar uma compra; quando voc\u00ea nos envia um e-mail ou nos contata com d\u00favidas ou reclama\u00e7\u00f5es.<\/p>\n\n\n\n<p>\u2013 <strong>Por meio de tecnologia ou intera\u00e7\u00f5es automatizadas: <\/strong>por meio de cookies ou tecnologias semelhantes podemos coletar dados sobre como voc\u00ea se comporta na internet ou dados sobre seu computador.<\/p>\n\n\n\n<p>\u2013 <strong>Atrav\u00e9s de terceiros:<\/strong><\/p>\n\n\n\n<p>\u25cf &nbsp;&nbsp;&nbsp; <strong>Google: <\/strong>dados anal\u00edticos ou dados de pesquisa. Fora da Uni\u00e3o Europeia.<\/p>\n\n\n\n<p>\u25cf &nbsp;&nbsp;&nbsp; <strong>Redes Sociais: <\/strong>(Facebook, Instagram, Twitter, Linkedin&#8230;) fora da Uni\u00e3o Europeia.<\/p>\n\n\n\n<p>\u25cf &nbsp;&nbsp;&nbsp; <strong>Paypal ou qualquer outro meio de pagamento: <\/strong>dados de contato, financeiros e transacionais de prestadores de servi\u00e7os t\u00e9cnicos, de pagamento e de entrega.<\/p>\n\n\n\n<p><strong>Por quanto tempo mantemos seus dados ?<\/strong><\/p>\n\n\n\n<p>Conservaremos os dados pelo tempo necess\u00e1rio ao cumprimento da finalidade para a qual foram recolhidos, ou noutro caso, pelos anos necess\u00e1rios ao cumprimento das obriga\u00e7\u00f5es legais que devemos aplicar.<\/p>\n\n\n\n<p><strong>Qual a legitimidade para o tratamento dos seus dados ?<\/strong><\/p>\n\n\n\n<p>Indicamos a base legal para o tratamento dos seus dados:<\/p>\n\n\n\n<p>\u2013 <strong>Execu\u00e7\u00e3o de um contrato: <\/strong>Presta\u00e7\u00e3o dos servi\u00e7os solicitados, como a realiza\u00e7\u00e3o de uma compra no nosso site.<\/p>\n\n\n\n<p>\u2013 <strong>Consentimento do interessado: <\/strong>Envio de comunica\u00e7\u00f5es comerciais.<\/p>\n\n\n\n<p><strong>Qual ser\u00e1 a finalidade dos seus dados?<\/strong><\/p>\n\n\n\n<p>Apenas utilizaremos os seus dados para aquilo para que os recolhemos, se considerarmos que necessitamos de os utilizar para outra finalidade avisaremos com anteced\u00eancia para que seja informado do motivo legal que nos levou a tal e conforme desde que a segunda finalidade seja compat\u00edvel com a finalidade original.<\/p>\n\n\n\n<p><strong>A que destinat\u00e1rios ser\u00e3o comunicados os seus dados?<\/strong><\/p>\n\n\n\n<p>Os seus dados ser\u00e3o transferidos apenas para cumprimento de obriga\u00e7\u00f5es legais.<\/p>\n\n\n\n<p><strong>Transfer\u00eancias de dados para pa\u00edses terceiros<\/strong><\/p>\n\n\n\n<p>N\u00e3o est\u00e3o previstas transfer\u00eancias de dados para pa\u00edses terceiros.<\/p>\n\n\n\n<p><strong>Quais s\u00e3o os seus direitos quando nos fornece os seus dados ?<\/strong><\/p>\n\n\n\n<p>Para exercer esses direitos, os interessados devem entrar em contato com o endere\u00e7o de e-mail lopd@atlasinformatica.com anexando uma c\u00f3pia do seu RG ou documento de identidade.<\/p>\n\n\n\n<p>Qualquer pessoa tem o direito de obter a confirma\u00e7\u00e3o se na ATLAS INFORMATICA SL tratamos ou n\u00e3o os dados pessoais que lhe dizem respeito.<\/p>\n\n\n\n<p>Os interessados t\u00eam o direito de aceder aos seus dados pessoais, bem como de solicitar a retifica\u00e7\u00e3o de dados err\u00f3neos ou de exercer o direito ao esquecimento relativamente aos mesmos.<\/p>\n\n\n\n<p>Em determinadas circunst\u00e2ncias, os interessados poder\u00e3o solicitar a limita\u00e7\u00e3o do tratamento dos seus dados, caso em que apenas os conservaremos para o exerc\u00edcio ou defesa de reclama\u00e7\u00f5es.<\/p>\n\n\n\n<p>Em determinadas circunst\u00e2ncias e por motivos relacionados com a sua situa\u00e7\u00e3o particular, os interessados poder\u00e3o opor-se ao tratamento dos seus dados. Neste caso, ATLAS INFORMATICA SL permitir\u00e1 que os dados sejam processados da maneira que voc\u00ea indicar, a menos que por motivos leg\u00edtimos ou para o exerc\u00edcio ou defesa de poss\u00edveis reivindica\u00e7\u00f5es, estes devem continuar sendo processados.<\/p>\n\n\n\n<p>Caso tenha dado o seu consentimento para um fim espec\u00edfico, tem o direito de retirar o consentimento concedido a qualquer momento, sem que isso afete a legalidade do tratamento baseado no consentimento anterior \u00e0 sua retirada.<\/p>\n\n\n\n<p>Se considerar que existe um problema com a forma como estamos a tratar a prote\u00e7\u00e3o dos seus dados pessoais, pode apresentar uma reclama\u00e7\u00e3o junto da Autoridade de Controlo de Prote\u00e7\u00e3o de Dados competente atrav\u00e9s do seu website: www.aepd.es.<\/p>\n","protected":false},"excerpt":{"rendered":"<p>Para n\u00f3s, sua privacidade \u00e9 t\u00e3o importante quanto para voc\u00ea. Neste documento, queremos explicar-lhe de forma clara e totalmente transparente o tratamento que vamos dar a todos os seus dados pessoais que nos faculte atrav\u00e9s do nosso website https:\/\/www.nox-xtreme.com\/. Inclu\u00edmos aqui qualquer informa\u00e7\u00e3o que nos possa fornecer atrav\u00e9s do nosso site, seja quando efetua uma [&hellip;]<\/p>\n","protected":false},"author":4,"featured_media":0,"parent":0,"menu_order":0,"comment_status":"closed","ping_status":"closed","template":"","meta":{"inline_featured_image":false,"footnotes":""},"class_list":["post-3952","page","type-page","status-publish","hentry"],"_links":{"self":[{"href":"https:\/\/store.nox-xtreme.com\/pt-pt\/wp-json\/wp\/v2\/pages\/3952","targetHints":{"allow":["GET"]}}],"collection":[{"href":"https:\/\/store.nox-xtreme.com\/pt-pt\/wp-json\/wp\/v2\/pages"}],"about":[{"href":"https:\/\/store.nox-xtreme.com\/pt-pt\/wp-json\/wp\/v2\/types\/page"}],"author":[{"embeddable":true,"href":"https:\/\/store.nox-xtreme.com\/pt-pt\/wp-json\/wp\/v2\/users\/4"}],"replies":[{"embeddable":true,"href":"https:\/\/store.nox-xtreme.com\/pt-pt\/wp-json\/wp\/v2\/comments?post=3952"}],"version-history":[{"count":3,"href":"https:\/\/store.nox-xtreme.com\/pt-pt\/wp-json\/wp\/v2\/pages\/3952\/revisions"}],"predecessor-version":[{"id":18985,"href":"https:\/\/store.nox-xtreme.com\/pt-pt\/wp-json\/wp\/v2\/pages\/3952\/revisions\/18985"}],"wp:attachment":[{"href":"https:\/\/store.nox-xtreme.com\/pt-pt\/wp-json\/wp\/v2\/media?parent=3952"}],"curies":[{"name":"wp","href":"https:\/\/api.w.org\/{rel}","templated":true}]}}