{"id":14922,"date":"2020-09-18T10:46:21","date_gmt":"2020-09-18T10:46:21","guid":{"rendered":"https:\/\/store.nox-xtreme.com\/contacto\/"},"modified":"2024-02-19T11:55:06","modified_gmt":"2024-02-19T10:55:06","slug":"contacto","status":"publish","type":"page","link":"https:\/\/store.nox-xtreme.com\/pt-pt\/contacto\/","title":{"rendered":"Informa\u00e7\u00e3o \/ Pedidos"},"content":{"rendered":"\n<div class=\"wpcf7 no-js\" id=\"wpcf7-f14912-o1\" lang=\"es-ES\" dir=\"ltr\" data-wpcf7-id=\"14912\">\n<div class=\"screen-reader-response\"><p role=\"status\" aria-live=\"polite\" aria-atomic=\"true\"><\/p> <ul><\/ul><\/div>\n<form action=\"\/pt-pt\/wp-json\/wp\/v2\/pages\/14922#wpcf7-f14912-o1\" method=\"post\" class=\"wpcf7-form init\" aria-label=\"Formulario de contacto\" novalidate=\"novalidate\" data-status=\"init\">\n<fieldset class=\"hidden-fields-container\"><input type=\"hidden\" name=\"_wpcf7\" value=\"14912\" \/><input type=\"hidden\" name=\"_wpcf7_version\" value=\"6.1.5\" \/><input type=\"hidden\" name=\"_wpcf7_locale\" value=\"es_ES\" \/><input type=\"hidden\" name=\"_wpcf7_unit_tag\" value=\"wpcf7-f14912-o1\" \/><input type=\"hidden\" name=\"_wpcf7_container_post\" value=\"0\" \/><input type=\"hidden\" name=\"_wpcf7_posted_data_hash\" value=\"\" \/><input type=\"hidden\" name=\"_wpcf7_recaptcha_response\" value=\"\" \/>\n<\/fieldset>\n<p>A nossa equipe de atendimento ao cliente ter\u00e1 todo o prazer em ajud\u00e1-lo e responder a todas as suas perguntas sobre o seu pedido ou d\u00favidas sobre as informa\u00e7\u00f5es no site sobre um produto. No entanto, se precisar fazer uma consulta t\u00e9cnica, pode faz\u00ea-lo <a href=\"https:\/\/store.nox-xtreme.com\/pt-pt\/perguntas-tecnicas-pecas-de-reposicao\/\">aqui<\/a>. Por outro lado, se for relacionado com a garantia, deve escrever <a href=\"https:\/\/store.nox-xtreme.com\/pt-pt\/garantia\/\">aquI<\/a>.\n<\/p>\n<p><label> Nome e Sobrenome<br \/>\n<span class=\"wpcf7-form-control-wrap\" data-name=\"your-name\"><input size=\"40\" maxlength=\"400\" class=\"wpcf7-form-control wpcf7-text wpcf7-validates-as-required\" aria-required=\"true\" aria-invalid=\"false\" value=\"\" type=\"text\" name=\"your-name\" \/><\/span> <\/label>\n<\/p>\n<p><label> e-Mail (required)<br \/>\n<span class=\"wpcf7-form-control-wrap\" data-name=\"your-email\"><input size=\"40\" maxlength=\"400\" class=\"wpcf7-form-control wpcf7-email wpcf7-validates-as-required wpcf7-text wpcf7-validates-as-email\" aria-required=\"true\" aria-invalid=\"false\" value=\"\" type=\"email\" name=\"your-email\" \/><\/span> <\/label>\n<\/p>\n<p><label> Mensagem<br \/>\n<span class=\"wpcf7-form-control-wrap\" data-name=\"your-message\"><textarea cols=\"40\" rows=\"10\" maxlength=\"2000\" class=\"wpcf7-form-control wpcf7-textarea\" aria-invalid=\"false\" name=\"your-message\"><\/textarea><\/span> <\/label>\n<\/p>\n<p><span class=\"wpcf7-form-control-wrap\" data-name=\"consentimiento\"><span class=\"wpcf7-form-control wpcf7-acceptance\"><span class=\"wpcf7-list-item\"><label><input type=\"checkbox\" name=\"consentimiento\" value=\"1\" aria-invalid=\"false\" \/><span class=\"wpcf7-list-item-label\">Li e compreendi a <a href=\"https:\/\/store.nox-xtreme.com\/pt-pt\/politica-de-privacidad-2\/\" target=\"_blank\">Pol\u00edtica de Privacidade<\/a><\/span><\/label><\/span><\/span><\/span><br \/>\n[honeypot website move-inline-css:true]\n<\/p>\n<p><input class=\"wpcf7-form-control wpcf7-submit has-spinner\" type=\"submit\" value=\"Submit\" \/>\n<\/p><div class=\"wpcf7-response-output\" aria-hidden=\"true\"><\/div>\n<\/form>\n<\/div>\n\n","protected":false},"excerpt":{"rendered":"A nossa equipe de atendimento ao cliente ter\u00e1 todo o prazer em ajud\u00e1-lo e responder a todas as suas perguntas sobre o seu pedido ou d\u00favidas sobre as informa\u00e7\u00f5es no site sobre um produto. No entanto, se precisar fazer uma consulta t\u00e9cnica, pode faz\u00ea-lo aqui. Por outro lado, se for relacionado com a garantia, deve [...]","protected":false},"author":1,"featured_media":0,"parent":0,"menu_order":0,"comment_status":"closed","ping_status":"closed","template":"","meta":{"inline_featured_image":false,"footnotes":""},"class_list":["post-14922","page","type-page","status-publish","hentry"],"_links":{"self":[{"href":"https:\/\/store.nox-xtreme.com\/pt-pt\/wp-json\/wp\/v2\/pages\/14922","targetHints":{"allow":["GET"]}}],"collection":[{"href":"https:\/\/store.nox-xtreme.com\/pt-pt\/wp-json\/wp\/v2\/pages"}],"about":[{"href":"https:\/\/store.nox-xtreme.com\/pt-pt\/wp-json\/wp\/v2\/types\/page"}],"author":[{"embeddable":true,"href":"https:\/\/store.nox-xtreme.com\/pt-pt\/wp-json\/wp\/v2\/users\/1"}],"replies":[{"embeddable":true,"href":"https:\/\/store.nox-xtreme.com\/pt-pt\/wp-json\/wp\/v2\/comments?post=14922"}],"version-history":[{"count":3,"href":"https:\/\/store.nox-xtreme.com\/pt-pt\/wp-json\/wp\/v2\/pages\/14922\/revisions"}],"predecessor-version":[{"id":21659,"href":"https:\/\/store.nox-xtreme.com\/pt-pt\/wp-json\/wp\/v2\/pages\/14922\/revisions\/21659"}],"wp:attachment":[{"href":"https:\/\/store.nox-xtreme.com\/pt-pt\/wp-json\/wp\/v2\/media?parent=14922"}],"curies":[{"name":"wp","href":"https:\/\/api.w.org\/{rel}","templated":true}]}}